{"id":6384,"date":"2024-10-23T17:38:48","date_gmt":"2024-10-23T15:38:48","guid":{"rendered":"http:\/\/billigtrikots.com\/?post_type=product&#038;p=6384"},"modified":"2024-10-23T17:40:22","modified_gmt":"2024-10-23T15:40:22","slug":"neuen-trikots-fc-barcelona-2022-23-auswaertstrikots-goldene-kurzarm","status":"publish","type":"product","link":"https:\/\/www.billigtrikotde.com\/es\/neuen-trikots-fc-barcelona-2022-23-auswaertstrikots-goldene-kurzarm\/","title":{"rendered":"Nuevos uniformes FC Barcelona 2022\/23 Ausw\u00e4rtstrikots Goldene Kurzarm"},"content":{"rendered":"<p>El FC Barcelona present\u00f3 el lunes su nueva camiseta de visitante para la temporada 2022\/23 al p\u00fablico. A trav\u00e9s de varias filtraciones, ya se sab\u00eda desde hace meses c\u00f3mo ser\u00eda en t\u00e9rminos generales, ahora se publicaron las primeras im\u00e1genes oficiales. La segunda camiseta de los catalanes est\u00e1 completamente en dorado, en homenaje a los Juegos Ol\u00edmpicos, que tuvieron lugar en 1992 \u2014 hace 30 a\u00f1os \u2014 en Barcelona y que influyeron de manera duradera y positiva en la imagen de la ciudad y en la percepci\u00f3n internacional de la metr\u00f3poli mediterr\u00e1nea. Otra referencia a este gran evento deportivo son los adornos en los colores de los anillos ol\u00edmpicos en las mangas y en las medias. Adem\u00e1s, la camiseta lleva el dise\u00f1o de la ciudad de Barcelona.<\/p>\n<p>Consejos para la impresi\u00f3n: Si el nombre y el n\u00famero que aparecen en la imagen son exactamente los que desea, no es necesario que los vuelva a introducir. En caso contrario, deber\u00e1 introducir el nombre y el n\u00famero que desee.<\/p>\n<p>Consejos de lavado: Se recomienda lavar las camisetas de f\u00fatbol a mano. Si desea utilizar la lavadora, recuerde poner las camisetas de f\u00fatbol del rev\u00e9s y luego lavarlas. Llena la lavadora con agua fr\u00eda y utiliza un ciclo delicado para proteger mejor los colores.<\/p>","protected":false},"excerpt":{"rendered":"<p>El FC Barcelona present\u00f3 el lunes su nueva camiseta de visitante para la temporada 2022\/23 al p\u00fablico. A trav\u00e9s de varias filtraciones, ya se sab\u00eda desde hace meses c\u00f3mo ser\u00eda en l\u00edneas generales esta vestimenta, y ahora se publicaron las primeras im\u00e1genes oficiales. La segunda camiseta de los catalanes es completamente dorada, un homenaje a los Juegos Ol\u00edmpicos [\u2026]<\/p>","protected":false},"featured_media":6417,"comment_status":"open","ping_status":"closed","template":"","meta":[],"product_brand":[],"product_cat":[31],"product_tag":[20,282,283,33,21,22,23,24],"class_list":{"0":"post-6384","1":"product","2":"type-product","3":"status-publish","4":"has-post-thumbnail","6":"product_cat-fc-barcelona","7":"product_tag-coole-fussballtrikots","8":"product_tag-fc-barcelona-2022-23-trikots","9":"product_tag-fc-barcelona-22-23-auswaertstrikot","10":"product_tag-fc-barcelona-trikots","11":"product_tag-fussballtrikot-fuer-herren","12":"product_tag-fussballtrikot-guenstig-kaufen","13":"product_tag-fussballtrikot-kurzarm","14":"product_tag-guenstiges-fussballtrikot","16":"first","17":"instock","18":"shipping-taxable","19":"purchasable","20":"product-type-variable"},"_links":{"self":[{"href":"https:\/\/www.billigtrikotde.com\/es\/wp-json\/wp\/v2\/product\/6384","targetHints":{"allow":["GET"]}}],"collection":[{"href":"https:\/\/www.billigtrikotde.com\/es\/wp-json\/wp\/v2\/product"}],"about":[{"href":"https:\/\/www.billigtrikotde.com\/es\/wp-json\/wp\/v2\/types\/product"}],"replies":[{"embeddable":true,"href":"https:\/\/www.billigtrikotde.com\/es\/wp-json\/wp\/v2\/comments?post=6384"}],"wp:featuredmedia":[{"embeddable":true,"href":"https:\/\/www.billigtrikotde.com\/es\/wp-json\/wp\/v2\/media\/6417"}],"wp:attachment":[{"href":"https:\/\/www.billigtrikotde.com\/es\/wp-json\/wp\/v2\/media?parent=6384"}],"wp:term":[{"taxonomy":"product_brand","embeddable":true,"href":"https:\/\/www.billigtrikotde.com\/es\/wp-json\/wp\/v2\/product_brand?post=6384"},{"taxonomy":"product_cat","embeddable":true,"href":"https:\/\/www.billigtrikotde.com\/es\/wp-json\/wp\/v2\/product_cat?post=6384"},{"taxonomy":"product_tag","embeddable":true,"href":"https:\/\/www.billigtrikotde.com\/es\/wp-json\/wp\/v2\/product_tag?post=6384"}],"curies":[{"name":"wp","href":"https:\/\/api.w.org\/{rel}","templated":true}]}}