{"id":6288,"date":"2024-10-23T17:34:03","date_gmt":"2024-10-23T15:34:03","guid":{"rendered":"http:\/\/billigtrikots.com\/?post_type=product&#038;p=6288"},"modified":"2024-10-23T17:35:48","modified_gmt":"2024-10-23T15:35:48","slug":"kinder-fc-barcelona-22-23-auswaertstrikot-goldene-grundfarbe-kurzarm-kurze-hosen-sergio-5","status":"publish","type":"product","link":"https:\/\/www.billigtrikotde.com\/es\/kinder-fc-barcelona-22-23-auswaertstrikot-goldene-grundfarbe-kurzarm-kurze-hosen-sergio-5\/","title":{"rendered":"Camiseta de ni\u00f1o del FC Barcelona 22-23 de visitante color oro de manga corta + pantalones cortos SERGIO 5"},"content":{"rendered":"<p>La camiseta visitante del FC Barcelona 22-23 tiene un color base dorado que evoca recuerdos de principios de la d\u00e9cada de 2000. El color y el dise\u00f1o de las mangas de la nueva camiseta son un gui\u00f1o a las medallas de oro concedidas a los atletas en los Juegos Ol\u00edmpicos, 30 a\u00f1os despu\u00e9s de que se celebraran en Barcelona los Juegos Ol\u00edmpicos de 1992. Los Juegos se inauguraron el 25 de julio de 1992. Los colores de los cinco anillos ol\u00edmpicos tambi\u00e9n pueden verse en los pu\u00f1os de las mangas y en las medias.<\/p>\n<p>Al igual que otras camisetas de nuestra colecci\u00f3n Stadium, esta camiseta cuenta con detalles de dise\u00f1o de r\u00e9plica y tecnolog\u00eda que absorbe el sudor para un look listo para el partido inspirado en tu equipo favorito.<\/p>\n<p>Consejos para la impresi\u00f3n: Si el nombre y el n\u00famero que aparecen en la imagen son exactamente los que desea, no es necesario que los vuelva a introducir. En caso contrario, deber\u00e1 introducir el nombre y el n\u00famero que desee.<\/p>\n<p>Consejos de lavado: Se recomienda lavar las camisetas de f\u00fatbol a mano. Si desea utilizar la lavadora, recuerde poner las camisetas de f\u00fatbol del rev\u00e9s y luego lavarlas. Llena la lavadora con agua fr\u00eda y utiliza un ciclo delicado para proteger mejor los colores.<\/p>","protected":false},"excerpt":{"rendered":"<p>Das FC Barcelona 22-23 Ausw\u00e4rtstrikot hat eine goldene Grundfarbe, die Erinnerungen an die fr\u00fchen 2000er Jahre weckt. Alle Logos sind in dunklem Marineblau gehalten.Die Farbe und das \u00c4rmeldesign des neuen Trikots sind eine Anspielung auf die Goldmedaillen, die die Athleten bei den Olympischen Spielen erhalten, 30 Jahre nachdem die Olympischen Spiele 1992 in Barcelona stattfanden. [&hellip;]<\/p>","protected":false},"featured_media":6321,"comment_status":"open","ping_status":"closed","template":"","meta":[],"product_brand":[],"product_cat":[146],"product_tag":[147,20,279,280,33,35,21,22,23,24,94],"class_list":{"0":"post-6288","1":"product","2":"type-product","3":"status-publish","4":"has-post-thumbnail","6":"product_cat-barcelona-kindertrikot","7":"product_tag-barcelona-trikotsatz-fuer-kinder","8":"product_tag-coole-fussballtrikots","9":"product_tag-fc-barcelona-2022-23-trikot-kaufen","10":"product_tag-fc-barcelona-2022-23-trikot-kinder","11":"product_tag-fc-barcelona-trikots","12":"product_tag-fussball-torwarttrikots","13":"product_tag-fussballtrikot-fuer-herren","14":"product_tag-fussballtrikot-guenstig-kaufen","15":"product_tag-fussballtrikot-kurzarm","16":"product_tag-guenstiges-fussballtrikot","17":"product_tag-kinder-fussball-trikotsatz","19":"first","20":"instock","21":"shipping-taxable","22":"purchasable","23":"product-type-variable"},"_links":{"self":[{"href":"https:\/\/www.billigtrikotde.com\/es\/wp-json\/wp\/v2\/product\/6288","targetHints":{"allow":["GET"]}}],"collection":[{"href":"https:\/\/www.billigtrikotde.com\/es\/wp-json\/wp\/v2\/product"}],"about":[{"href":"https:\/\/www.billigtrikotde.com\/es\/wp-json\/wp\/v2\/types\/product"}],"replies":[{"embeddable":true,"href":"https:\/\/www.billigtrikotde.com\/es\/wp-json\/wp\/v2\/comments?post=6288"}],"wp:featuredmedia":[{"embeddable":true,"href":"https:\/\/www.billigtrikotde.com\/es\/wp-json\/wp\/v2\/media\/6321"}],"wp:attachment":[{"href":"https:\/\/www.billigtrikotde.com\/es\/wp-json\/wp\/v2\/media?parent=6288"}],"wp:term":[{"taxonomy":"product_brand","embeddable":true,"href":"https:\/\/www.billigtrikotde.com\/es\/wp-json\/wp\/v2\/product_brand?post=6288"},{"taxonomy":"product_cat","embeddable":true,"href":"https:\/\/www.billigtrikotde.com\/es\/wp-json\/wp\/v2\/product_cat?post=6288"},{"taxonomy":"product_tag","embeddable":true,"href":"https:\/\/www.billigtrikotde.com\/es\/wp-json\/wp\/v2\/product_tag?post=6288"}],"curies":[{"name":"wp","href":"https:\/\/api.w.org\/{rel}","templated":true}]}}