{"id":623,"date":"2024-10-23T12:57:08","date_gmt":"2024-10-23T10:57:08","guid":{"rendered":"http:\/\/billigtrikots.com\/?post_type=product&#038;p=623"},"modified":"2024-10-23T12:59:07","modified_gmt":"2024-10-23T10:59:07","slug":"personalisierbar-trikotsatz-paris-saint-germain-ausweichtrikot-2021-22-schwarz-grau","status":"publish","type":"product","link":"https:\/\/www.billigtrikotde.com\/es\/personalisierbar-trikotsatz-paris-saint-germain-ausweichtrikot-2021-22-schwarz-grau\/","title":{"rendered":"Equipaci\u00f3n personalizada del Par\u00eds Saint Germain 2021\/22 negro\/gris"},"content":{"rendered":"<p>Das Paris Saint-Germain Stadium Ausweichtrikot besticht mit Teamdetails und sorgt mit h\u00f6chst atmungsaktivem Material f\u00fcr k\u00fchlen, trockenen Tragekomfort auf dem Spielfeld oder der Trib\u00fcne beim Anfeuern deines Teams.<\/p>\n<p>La tecnolog\u00eda transpirable Nike Dri-FIT garantiza una comodidad fresca y seca.<br \/>\nEl dise\u00f1o aut\u00e9ntico se basa en las camisetas de los jugadores profesionales.<\/p>\n<p>Consejos para la impresi\u00f3n: Si el nombre y el n\u00famero que aparecen en la imagen son exactamente los que desea, no es necesario que los vuelva a introducir. En caso contrario, deber\u00e1 introducir el nombre y el n\u00famero que desee.<\/p>\n<p>Consejos de lavado: Se recomienda lavar las camisetas de f\u00fatbol a mano. Si desea utilizar la lavadora, recuerde poner las camisetas de f\u00fatbol del rev\u00e9s y luego lavarlas. Llena la lavadora con agua fr\u00eda y utiliza un ciclo delicado para proteger mejor los colores.<\/p>","protected":false},"excerpt":{"rendered":"<p>La camiseta alterna de estadio del Paris Saint-Germain impresiona con detalles del equipo y ofrece una comodidad fresca y seca gracias a su material muy transpirable, ya sea en el campo o en la grada animando a tu equipo. La tecnolog\u00eda transpirable Nike Dri-FIT garantiza una comodidad fresca y seca. El dise\u00f1o aut\u00e9ntico se basa en las camisetas de partido de los profesionales. Consejos de impresi\u00f3n: Si el nombre y el n\u00famero en [\u2026]<\/p>","protected":false},"featured_media":653,"comment_status":"open","ping_status":"closed","template":"","meta":[],"product_brand":[],"product_cat":[39],"product_tag":[20,21,22,23,24,42,41],"class_list":{"0":"post-623","1":"product","2":"type-product","3":"status-publish","4":"has-post-thumbnail","6":"product_cat-paris-saint-germain","7":"product_tag-coole-fussballtrikots","8":"product_tag-fussballtrikot-fuer-herren","9":"product_tag-fussballtrikot-guenstig-kaufen","10":"product_tag-fussballtrikot-kurzarm","11":"product_tag-guenstiges-fussballtrikot","12":"product_tag-paris-saint-germain-ausweichtrikot","13":"product_tag-paris-saint-germain-trikots","15":"first","16":"instock","17":"shipping-taxable","18":"purchasable","19":"product-type-variable"},"_links":{"self":[{"href":"https:\/\/www.billigtrikotde.com\/es\/wp-json\/wp\/v2\/product\/623","targetHints":{"allow":["GET"]}}],"collection":[{"href":"https:\/\/www.billigtrikotde.com\/es\/wp-json\/wp\/v2\/product"}],"about":[{"href":"https:\/\/www.billigtrikotde.com\/es\/wp-json\/wp\/v2\/types\/product"}],"replies":[{"embeddable":true,"href":"https:\/\/www.billigtrikotde.com\/es\/wp-json\/wp\/v2\/comments?post=623"}],"wp:featuredmedia":[{"embeddable":true,"href":"https:\/\/www.billigtrikotde.com\/es\/wp-json\/wp\/v2\/media\/653"}],"wp:attachment":[{"href":"https:\/\/www.billigtrikotde.com\/es\/wp-json\/wp\/v2\/media?parent=623"}],"wp:term":[{"taxonomy":"product_brand","embeddable":true,"href":"https:\/\/www.billigtrikotde.com\/es\/wp-json\/wp\/v2\/product_brand?post=623"},{"taxonomy":"product_cat","embeddable":true,"href":"https:\/\/www.billigtrikotde.com\/es\/wp-json\/wp\/v2\/product_cat?post=623"},{"taxonomy":"product_tag","embeddable":true,"href":"https:\/\/www.billigtrikotde.com\/es\/wp-json\/wp\/v2\/product_tag?post=623"}],"curies":[{"name":"wp","href":"https:\/\/api.w.org\/{rel}","templated":true}]}}