{"id":6225,"date":"2024-10-23T17:30:42","date_gmt":"2024-10-23T15:30:42","guid":{"rendered":"http:\/\/billigtrikots.com\/?post_type=product&#038;p=6225"},"modified":"2024-10-23T17:32:54","modified_gmt":"2024-10-23T15:32:54","slug":"fc-barcelona-kinderheim-trikot-2022-23-trikotsatz-navy-blau-billige-fussballtrikots","status":"publish","type":"product","link":"https:\/\/www.billigtrikotde.com\/es\/fc-barcelona-kinderheim-trikot-2022-23-trikotsatz-navy-blau-billige-fussballtrikots\/","title":{"rendered":"FC Barcelona Ni\u00f1os Home Shirt 2022\/23 Kit Azul Marino Camisetas F\u00fatbol Baratas"},"content":{"rendered":"<p>La camiseta FC Barcelona Children's Home 2022\/23 presenta las ic\u00f3nicas rayas blaugranas en una alineaci\u00f3n curva. Se complementa con un tema azul oscuro en la parte superior, con el nuevo patrocinador del Barcelona, Spotify, en el centro.Como se predijo por las filtraciones, el logotipo de Spotify tiene un aspecto dorado que combina a la perfecci\u00f3n con los colores de la camiseta, d\u00e1ndole un aspecto vintage. La mayor\u00eda de los barcelonistas acoger\u00e1n con satisfacci\u00f3n el cambio, sobre todo despu\u00e9s de la reacci\u00f3n negativa que suscit\u00f3 la camiseta de la temporada pasada. Pero podr\u00eda llevar la cruz de San Jorge en colores blaugranas, complementando una camiseta blanca y d\u00e1ndole un aspecto sencillo y cl\u00e1sico.<\/p>\n<p>Consejos para la impresi\u00f3n: Si el nombre y el n\u00famero que aparecen en la imagen son exactamente los que desea, no es necesario que los vuelva a introducir. En caso contrario, deber\u00e1 introducir el nombre y el n\u00famero que desee.<\/p>\n<p>Consejos de lavado: Se recomienda lavar las camisetas de f\u00fatbol a mano. Si desea utilizar la lavadora, recuerde poner las camisetas de f\u00fatbol del rev\u00e9s y luego lavarlas. Llena la lavadora con agua fr\u00eda y utiliza un ciclo delicado para proteger mejor los colores.<\/p>","protected":false},"excerpt":{"rendered":"<p>La camiseta de local del FC Barcelona 2022\/23 presenta las ic\u00f3nicas rayas blaugranas en una disposici\u00f3n curva. Complementa un tema azul oscuro en la parte superior, donde se puede ver al nuevo patrocinador de Barcelona, Spotify, en el centro. Como predijeron las filtraciones, el logo de Spotify tiene un aspecto dorado que combina perfectamente con los colores de la camiseta y le da un aspecto vintage. La mayor\u00eda [\u2026]<\/p>","protected":false},"featured_media":6263,"comment_status":"open","ping_status":"closed","template":"","meta":[],"product_brand":[],"product_cat":[146],"product_tag":[147,20,279,280,33,35,21,22,23,24,94],"class_list":{"0":"post-6225","1":"product","2":"type-product","3":"status-publish","4":"has-post-thumbnail","6":"product_cat-barcelona-kindertrikot","7":"product_tag-barcelona-trikotsatz-fuer-kinder","8":"product_tag-coole-fussballtrikots","9":"product_tag-fc-barcelona-2022-23-trikot-kaufen","10":"product_tag-fc-barcelona-2022-23-trikot-kinder","11":"product_tag-fc-barcelona-trikots","12":"product_tag-fussball-torwarttrikots","13":"product_tag-fussballtrikot-fuer-herren","14":"product_tag-fussballtrikot-guenstig-kaufen","15":"product_tag-fussballtrikot-kurzarm","16":"product_tag-guenstiges-fussballtrikot","17":"product_tag-kinder-fussball-trikotsatz","19":"first","20":"instock","21":"shipping-taxable","22":"purchasable","23":"product-type-variable"},"_links":{"self":[{"href":"https:\/\/www.billigtrikotde.com\/es\/wp-json\/wp\/v2\/product\/6225","targetHints":{"allow":["GET"]}}],"collection":[{"href":"https:\/\/www.billigtrikotde.com\/es\/wp-json\/wp\/v2\/product"}],"about":[{"href":"https:\/\/www.billigtrikotde.com\/es\/wp-json\/wp\/v2\/types\/product"}],"replies":[{"embeddable":true,"href":"https:\/\/www.billigtrikotde.com\/es\/wp-json\/wp\/v2\/comments?post=6225"}],"wp:featuredmedia":[{"embeddable":true,"href":"https:\/\/www.billigtrikotde.com\/es\/wp-json\/wp\/v2\/media\/6263"}],"wp:attachment":[{"href":"https:\/\/www.billigtrikotde.com\/es\/wp-json\/wp\/v2\/media?parent=6225"}],"wp:term":[{"taxonomy":"product_brand","embeddable":true,"href":"https:\/\/www.billigtrikotde.com\/es\/wp-json\/wp\/v2\/product_brand?post=6225"},{"taxonomy":"product_cat","embeddable":true,"href":"https:\/\/www.billigtrikotde.com\/es\/wp-json\/wp\/v2\/product_cat?post=6225"},{"taxonomy":"product_tag","embeddable":true,"href":"https:\/\/www.billigtrikotde.com\/es\/wp-json\/wp\/v2\/product_tag?post=6225"}],"curies":[{"name":"wp","href":"https:\/\/api.w.org\/{rel}","templated":true}]}}