{"id":6141,"date":"2024-10-23T17:26:56","date_gmt":"2024-10-23T15:26:56","guid":{"rendered":"http:\/\/billigtrikots.com\/?post_type=product&#038;p=6141"},"modified":"2025-06-16T16:03:32","modified_gmt":"2025-06-16T14:03:32","slug":"kinderheim-juventus-fc-2022-23-trikot-deutschland-schwarz-weiss-trikotsatz-chiellini-3","status":"publish","type":"product","link":"https:\/\/www.billigtrikotde.com\/es\/kinderheim-juventus-fc-2022-23-trikot-deutschland-schwarz-weiss-trikotsatz-chiellini-3\/","title":{"rendered":"Kinderheim Juventus FC 2022-23 Trikot Deutschland Schwarz Wei\u00df Trikotsatz CHIELLINI 3"},"content":{"rendered":"<p>El debut podr\u00eda tener lugar en uno de los partidos restantes de la Serie A o incluso en la final de la Coppa Italia contra el Inter, como el a\u00f1o pasado. La camiseta del Juventus 2022-23 est\u00e1 disponible a partir de hoy en distribuidores seleccionados y desde el 27 de mayo en todos lados, y ser\u00e1 presentada por primera vez en el partido de la Serie A contra la Lazio el 16 de mayo. [...]<\/p>\n<p>La camiseta local de Adidas Juventus 2022-23 tiene una interpretaci\u00f3n muy \u00fanica de las cl\u00e1sicas rayas blancas y negras del club. Las rayas est\u00e1n formadas por peque\u00f1os tri\u00e1ngulos. Adidas utiliza para la camiseta de Juventus 22-23 un cuello redondo sencillo y tres rayas negras. Despu\u00e9s de que las camisetas de Juventus 21-22 estuvieran equipadas con el logo Jeep 4xe, la camiseta de Juventus 22-23 llega con una marca de Jeep 'electrificada'. Incluye rel\u00e1mpagos.<\/p>\n<p>Consejos para la impresi\u00f3n: Si el nombre y el n\u00famero que aparecen en la imagen son exactamente los que desea, no es necesario que los vuelva a introducir. En caso contrario, deber\u00e1 introducir el nombre y el n\u00famero que desee.<\/p>\n<p>Consejos de lavado: Se recomienda lavar las camisetas de f\u00fatbol a mano. Si desea utilizar la lavadora, recuerde poner las camisetas de f\u00fatbol del rev\u00e9s y luego lavarlas. Llena la lavadora con agua fr\u00eda y utiliza un ciclo delicado para proteger mejor los colores.<\/p>","protected":false},"excerpt":{"rendered":"<p>El debut podr\u00eda tener lugar en uno de los partidos restantes de la Serie A o incluso en la final de la Coppa Italia contra el Inter, como el a\u00f1o pasado. La camiseta del Juventus 2022-23 est\u00e1 disponible a partir de hoy en distribuidores seleccionados y desde el 27 de mayo en todos lados, y ser\u00e1 presentada por primera vez en el partido de la Serie A contra la Lazio el 16 de mayo. [...]<\/p>","protected":false},"featured_media":6179,"comment_status":"open","ping_status":"closed","template":"","meta":[],"product_brand":[],"product_cat":[148],"product_tag":[20,38,24,276,149,94],"class_list":{"0":"post-6141","1":"product","2":"type-product","3":"status-publish","4":"has-post-thumbnail","6":"product_cat-juventus-kindertrikot","7":"product_tag-coole-fussballtrikots","8":"product_tag-fussball-trikot-langarm","9":"product_tag-guenstiges-fussballtrikot","10":"product_tag-juventus-2022-23-trikot","11":"product_tag-juventus-trikotsatz-fuer-kinder","12":"product_tag-kinder-fussball-trikotsatz","14":"first","15":"instock","16":"shipping-taxable","17":"purchasable","18":"product-type-variable"},"_links":{"self":[{"href":"https:\/\/www.billigtrikotde.com\/es\/wp-json\/wp\/v2\/product\/6141","targetHints":{"allow":["GET"]}}],"collection":[{"href":"https:\/\/www.billigtrikotde.com\/es\/wp-json\/wp\/v2\/product"}],"about":[{"href":"https:\/\/www.billigtrikotde.com\/es\/wp-json\/wp\/v2\/types\/product"}],"replies":[{"embeddable":true,"href":"https:\/\/www.billigtrikotde.com\/es\/wp-json\/wp\/v2\/comments?post=6141"}],"wp:featuredmedia":[{"embeddable":true,"href":"https:\/\/www.billigtrikotde.com\/es\/wp-json\/wp\/v2\/media\/6179"}],"wp:attachment":[{"href":"https:\/\/www.billigtrikotde.com\/es\/wp-json\/wp\/v2\/media?parent=6141"}],"wp:term":[{"taxonomy":"product_brand","embeddable":true,"href":"https:\/\/www.billigtrikotde.com\/es\/wp-json\/wp\/v2\/product_brand?post=6141"},{"taxonomy":"product_cat","embeddable":true,"href":"https:\/\/www.billigtrikotde.com\/es\/wp-json\/wp\/v2\/product_cat?post=6141"},{"taxonomy":"product_tag","embeddable":true,"href":"https:\/\/www.billigtrikotde.com\/es\/wp-json\/wp\/v2\/product_tag?post=6141"}],"curies":[{"name":"wp","href":"https:\/\/api.w.org\/{rel}","templated":true}]}}