{"id":5949,"date":"2024-10-23T17:18:00","date_gmt":"2024-10-23T15:18:00","guid":{"rendered":"http:\/\/billigtrikots.com\/?post_type=product&#038;p=5949"},"modified":"2025-10-16T16:04:13","modified_gmt":"2025-10-16T14:04:13","slug":"tchouameni-8-real-madrid-trikots-2022-23-heimtrikot-weiss-langarm-kurze-hosen","status":"publish","type":"product","link":"https:\/\/www.billigtrikotde.com\/es\/tchouameni-8-real-madrid-trikots-2022-23-heimtrikot-weiss-langarm-kurze-hosen\/","title":{"rendered":"TCHOUAMENI 8 Real Madrid Camisetas 2022-23 Home Shirt Blanco Manga Larga + Shorts"},"content":{"rendered":"<p>Sencilla, cl\u00e1sica y hecha para marcar un hito. El aspecto atemporal de esta camiseta adidas de manga larga del Real Madrid se acent\u00faa con detalles en morado brillante y el escudo del club repetido en relieve sobre el tejido blanco. Esta versi\u00f3n de la camiseta ofrece a los aficionados una sensaci\u00f3n de comodidad gracias a la tecnolog\u00eda AEROREADY que absorbe la humedad y a las mangas largas.<\/p>\n<p>Consejos para la impresi\u00f3n: Si el nombre y el n\u00famero que aparecen en la imagen son exactamente los que desea, no es necesario que los vuelva a introducir. En caso contrario, deber\u00e1 introducir el nombre y el n\u00famero que desee.<\/p>\n<p>Consejos de lavado: Se recomienda lavar las camisetas de f\u00fatbol a mano. Si desea utilizar la lavadora, recuerde poner las camisetas de f\u00fatbol del rev\u00e9s y luego lavarlas. Llena la lavadora con agua fr\u00eda y utiliza un ciclo delicado para proteger mejor los colores.<\/p>","protected":false},"excerpt":{"rendered":"<p>Sencilla, cl\u00e1sica y hecha para marcar un hito. El aspecto atemporal de esta camiseta adidas de manga larga del Real Madrid se acent\u00faa con detalles en morado brillante y el escudo del club repetido en relieve sobre el tejido blanco. Esta versi\u00f3n de la camiseta ofrece a los aficionados una sensaci\u00f3n de comodidad gracias a la tecnolog\u00eda AEROREADY que absorbe la humedad y a las mangas largas.<\/p>","protected":false},"featured_media":5987,"comment_status":"open","ping_status":"closed","template":"","meta":[],"product_brand":[],"product_cat":[45],"product_tag":[20,38,21,228,24,270,267,47,268],"class_list":{"0":"post-5949","1":"product","2":"type-product","3":"status-publish","4":"has-post-thumbnail","6":"product_cat-real-madrid","7":"product_tag-coole-fussballtrikots","8":"product_tag-fussball-trikot-langarm","9":"product_tag-fussballtrikot-fuer-herren","10":"product_tag-guenstige-fussballtrikot","11":"product_tag-guenstiges-fussballtrikot","12":"product_tag-real-madrid-trikot-deutschland","13":"product_tag-real-madrid-trikot-langarm-herren","14":"product_tag-real-madrid-trikots","15":"product_tag-real-madrid-trikots-22-23","17":"first","18":"instock","19":"shipping-taxable","20":"purchasable","21":"product-type-variable"},"_links":{"self":[{"href":"https:\/\/www.billigtrikotde.com\/es\/wp-json\/wp\/v2\/product\/5949","targetHints":{"allow":["GET"]}}],"collection":[{"href":"https:\/\/www.billigtrikotde.com\/es\/wp-json\/wp\/v2\/product"}],"about":[{"href":"https:\/\/www.billigtrikotde.com\/es\/wp-json\/wp\/v2\/types\/product"}],"replies":[{"embeddable":true,"href":"https:\/\/www.billigtrikotde.com\/es\/wp-json\/wp\/v2\/comments?post=5949"}],"wp:featuredmedia":[{"embeddable":true,"href":"https:\/\/www.billigtrikotde.com\/es\/wp-json\/wp\/v2\/media\/5987"}],"wp:attachment":[{"href":"https:\/\/www.billigtrikotde.com\/es\/wp-json\/wp\/v2\/media?parent=5949"}],"wp:term":[{"taxonomy":"product_brand","embeddable":true,"href":"https:\/\/www.billigtrikotde.com\/es\/wp-json\/wp\/v2\/product_brand?post=5949"},{"taxonomy":"product_cat","embeddable":true,"href":"https:\/\/www.billigtrikotde.com\/es\/wp-json\/wp\/v2\/product_cat?post=5949"},{"taxonomy":"product_tag","embeddable":true,"href":"https:\/\/www.billigtrikotde.com\/es\/wp-json\/wp\/v2\/product_tag?post=5949"}],"curies":[{"name":"wp","href":"https:\/\/api.w.org\/{rel}","templated":true}]}}