{"id":5865,"date":"2024-10-23T17:14:08","date_gmt":"2024-10-23T15:14:08","guid":{"rendered":"http:\/\/billigtrikots.com\/?post_type=product&#038;p=5865"},"modified":"2025-06-16T16:03:48","modified_gmt":"2025-06-16T14:03:48","slug":"herren-juventus-2022-23-heimtrikot-schwarz-weiss-kaufen-mit-aufdruck-alex-sandro-12","status":"publish","type":"product","link":"https:\/\/www.billigtrikotde.com\/es\/herren-juventus-2022-23-heimtrikot-schwarz-weiss-kaufen-mit-aufdruck-alex-sandro-12\/","title":{"rendered":"Camisetas de Juventus para hombres 2022-23 camiseta local negra y blanca con estampado ALEX SANDRO 12"},"content":{"rendered":"<p>La camiseta Adidas Juventus 2022-23 tiene su propia interpretaci\u00f3n de las cl\u00e1sicas rayas blancas y negras del club. Las rayas est\u00e1n formadas por peque\u00f1os tri\u00e1ngulos y Adidas utiliza un sencillo cuello redondo y tres rayas negras para la camiseta de la Juventus 22-23. Despu\u00e9s de que las camisetas de la Juventus 21-22 estuvieran equipadas con el logotipo Jeep 4xe, la camiseta de la Juventus 22-23 viene con una marca Jeep \"electrificada\". Contiene rayos.<\/p>\n<p>Consejos para la impresi\u00f3n: Si el nombre y el n\u00famero que aparecen en la imagen son exactamente los que desea, no es necesario que los vuelva a introducir. En caso contrario, deber\u00e1 introducir el nombre y el n\u00famero que desee.<\/p>\n<p>Consejos de lavado: Se recomienda lavar las camisetas de f\u00fatbol a mano. Si desea utilizar la lavadora, recuerde poner las camisetas de f\u00fatbol del rev\u00e9s y luego lavarlas. Llena la lavadora con agua fr\u00eda y utiliza un ciclo delicado para proteger mejor los colores.<\/p>","protected":false},"excerpt":{"rendered":"<p>La camiseta Adidas Juventus 2022-23 tiene una interpretaci\u00f3n muy propia de las cl\u00e1sicas rayas blancas y negras del club. Las rayas est\u00e1n formadas por peque\u00f1os tri\u00e1ngulos. Adidas utiliza para la camiseta Juventus 22-23 un cuello redondo sencillo y tres rayas negras. Despu\u00e9s de que las camisetas Juventus 21-22 estuvieran equipadas con el logo Jeep 4xe, llega la camiseta Juventus [...]<\/p>","protected":false},"featured_media":5903,"comment_status":"open","ping_status":"closed","template":"","meta":[],"product_brand":[],"product_cat":[59],"product_tag":[20,38,43,21,22,24,265,266],"class_list":{"0":"post-5865","1":"product","2":"type-product","3":"status-publish","4":"has-post-thumbnail","6":"product_cat-juventus","7":"product_tag-coole-fussballtrikots","8":"product_tag-fussball-trikot-langarm","9":"product_tag-fussballkleidung","10":"product_tag-fussballtrikot-fuer-herren","11":"product_tag-fussballtrikot-guenstig-kaufen","12":"product_tag-guenstiges-fussballtrikot","13":"product_tag-juventus-2022-23-heimtrikot","14":"product_tag-juventus-trikots-set","16":"first","17":"instock","18":"shipping-taxable","19":"purchasable","20":"product-type-variable"},"_links":{"self":[{"href":"https:\/\/www.billigtrikotde.com\/es\/wp-json\/wp\/v2\/product\/5865","targetHints":{"allow":["GET"]}}],"collection":[{"href":"https:\/\/www.billigtrikotde.com\/es\/wp-json\/wp\/v2\/product"}],"about":[{"href":"https:\/\/www.billigtrikotde.com\/es\/wp-json\/wp\/v2\/types\/product"}],"replies":[{"embeddable":true,"href":"https:\/\/www.billigtrikotde.com\/es\/wp-json\/wp\/v2\/comments?post=5865"}],"wp:featuredmedia":[{"embeddable":true,"href":"https:\/\/www.billigtrikotde.com\/es\/wp-json\/wp\/v2\/media\/5903"}],"wp:attachment":[{"href":"https:\/\/www.billigtrikotde.com\/es\/wp-json\/wp\/v2\/media?parent=5865"}],"wp:term":[{"taxonomy":"product_brand","embeddable":true,"href":"https:\/\/www.billigtrikotde.com\/es\/wp-json\/wp\/v2\/product_brand?post=5865"},{"taxonomy":"product_cat","embeddable":true,"href":"https:\/\/www.billigtrikotde.com\/es\/wp-json\/wp\/v2\/product_cat?post=5865"},{"taxonomy":"product_tag","embeddable":true,"href":"https:\/\/www.billigtrikotde.com\/es\/wp-json\/wp\/v2\/product_tag?post=5865"}],"curies":[{"name":"wp","href":"https:\/\/api.w.org\/{rel}","templated":true}]}}