{"id":5803,"date":"2024-10-23T17:11:18","date_gmt":"2024-10-23T15:11:18","guid":{"rendered":"http:\/\/billigtrikots.com\/?post_type=product&#038;p=5803"},"modified":"2024-10-23T17:13:24","modified_gmt":"2024-10-23T15:13:24","slug":"herren-kroatien-heimtrikot-wm-2022-weiss-battle-blue-guenstig-fussballtrikots-brozovic-11","status":"publish","type":"product","link":"https:\/\/www.billigtrikotde.com\/es\/herren-kroatien-heimtrikot-wm-2022-weiss-battle-blue-guenstig-fussballtrikots-brozovic-11\/","title":{"rendered":"Mens Croatia Home Shirt Copa del Mundo 2022 blanco Batalla Azul Camisetas F\u00fatbol Baratas BROZOVIC #11"},"content":{"rendered":"<p>Hemos recibido nueva informaci\u00f3n sobre la camiseta de Croacia para la Copa del Mundo 2022. El color Swoosh \u00abBattle Blue\u00bb es en realidad un azul real. Hemos creado un mock-up de un aspecto completo posible, basado en la plantilla de Nike para la Copa del Mundo 2022 y inspirado en las camisetas filtradas de 22-23.<\/p>\n<p>La camiseta de Nike Croacia 2022 combina solo dos colores principales en los datos internos de Nike: blanco y Battle Blue. Falta el rojo, que se usa para el famoso patr\u00f3n de cuadros. La camiseta del Barcelona 22-23 tampoco tiene rojo en los datos de Nike; solo es \u00abObsidian \/ Sesame\u00bb. La camiseta final del Barcelona 22-23 es roja, azul marino y a rayas. Battle Blue es en realidad nuevo para Croacia. Es un azul real un poco m\u00e1s claro que el azul de las camisetas de local anteriores.<br \/>\nParece seguro que el blanco ser\u00e1 el color principal y que Battle Blue se usar\u00e1 para los logotipos. Al igual que en la camiseta del Barcelona, las mangas podr\u00edan ser de un solo color (blanco).<\/p>\n<p>Consejos para la impresi\u00f3n: Si el nombre y el n\u00famero que aparecen en la imagen son exactamente los que desea, no es necesario que los vuelva a introducir. En caso contrario, deber\u00e1 introducir el nombre y el n\u00famero que desee.<\/p>\n<p>Consejos de lavado: Se recomienda lavar las camisetas de f\u00fatbol a mano. Si desea utilizar la lavadora, recuerde poner las camisetas de f\u00fatbol del rev\u00e9s y luego lavarlas. Llena la lavadora con agua fr\u00eda y utiliza un ciclo delicado para proteger mejor los colores.<\/p>","protected":false},"excerpt":{"rendered":"<p>Hemos recibido nueva informaci\u00f3n sobre la camiseta de Croacia para la Copa del Mundo 2022. El color del swoosh \u00abBattle Blue\u00bb es en realidad azul rey. Hemos creado un mock-up de un aspecto completo posible, basado en la plantilla de Nike para la Copa del Mundo 2022 y inspirado en las camisetas filtradas de 22-23. La camiseta de Nike Croacia 2022 combina solo [...]<\/p>","protected":false},"featured_media":5842,"comment_status":"open","ping_status":"closed","template":"","meta":[],"product_brand":[],"product_cat":[261],"product_tag":[20,35,21,22,23,24,262,263,264],"class_list":{"0":"post-5803","1":"product","2":"type-product","3":"status-publish","4":"has-post-thumbnail","6":"product_cat-kroatien-trikots","7":"product_tag-coole-fussballtrikots","8":"product_tag-fussball-torwarttrikots","9":"product_tag-fussballtrikot-fuer-herren","10":"product_tag-fussballtrikot-guenstig-kaufen","11":"product_tag-fussballtrikot-kurzarm","12":"product_tag-guenstiges-fussballtrikot","13":"product_tag-kroatien-heimtrikot","14":"product_tag-kroatien-trikot-herren","15":"product_tag-kroatien-trikots","17":"first","18":"instock","19":"shipping-taxable","20":"purchasable","21":"product-type-variable"},"_links":{"self":[{"href":"https:\/\/www.billigtrikotde.com\/es\/wp-json\/wp\/v2\/product\/5803","targetHints":{"allow":["GET"]}}],"collection":[{"href":"https:\/\/www.billigtrikotde.com\/es\/wp-json\/wp\/v2\/product"}],"about":[{"href":"https:\/\/www.billigtrikotde.com\/es\/wp-json\/wp\/v2\/types\/product"}],"replies":[{"embeddable":true,"href":"https:\/\/www.billigtrikotde.com\/es\/wp-json\/wp\/v2\/comments?post=5803"}],"wp:featuredmedia":[{"embeddable":true,"href":"https:\/\/www.billigtrikotde.com\/es\/wp-json\/wp\/v2\/media\/5842"}],"wp:attachment":[{"href":"https:\/\/www.billigtrikotde.com\/es\/wp-json\/wp\/v2\/media?parent=5803"}],"wp:term":[{"taxonomy":"product_brand","embeddable":true,"href":"https:\/\/www.billigtrikotde.com\/es\/wp-json\/wp\/v2\/product_brand?post=5803"},{"taxonomy":"product_cat","embeddable":true,"href":"https:\/\/www.billigtrikotde.com\/es\/wp-json\/wp\/v2\/product_cat?post=5803"},{"taxonomy":"product_tag","embeddable":true,"href":"https:\/\/www.billigtrikotde.com\/es\/wp-json\/wp\/v2\/product_tag?post=5803"}],"curies":[{"name":"wp","href":"https:\/\/api.w.org\/{rel}","templated":true}]}}