{"id":5721,"date":"2024-10-23T17:07:31","date_gmt":"2024-10-23T15:07:31","guid":{"rendered":"http:\/\/billigtrikots.com\/?post_type=product&#038;p=5721"},"modified":"2024-10-23T17:09:31","modified_gmt":"2024-10-23T15:09:31","slug":"spanien-heimtrikot-wm-2022-rot-trikotsatz-kurzarm-kurze-hosen-mit-aufdruck-martinez-4","status":"publish","type":"product","link":"https:\/\/www.billigtrikotde.com\/es\/spanien-heimtrikot-wm-2022-rot-trikotsatz-kurzarm-kurze-hosen-mit-aufdruck-martinez-4\/","title":{"rendered":"Camiseta Espa\u00f1a Mundial 2022 manga corta + pantal\u00f3n corto con estampado MARTINEZ 4"},"content":{"rendered":"<p>A partir del verano de 2022, aproximadamente, la selecci\u00f3n espa\u00f1ola de f\u00fatbol utilizar\u00e1 un nuevo logotipo. Hemos imaginado c\u00f3mo podr\u00edan ser las camisetas de Espa\u00f1a con el nuevo logotipo. Los nuevos logotipos de la RFEF (Federaci\u00f3n Espa\u00f1ola de F\u00fatbol) y de la selecci\u00f3n espa\u00f1ola de f\u00fatbol se publicaron en marzo de 2021. Se ver\u00e1n por primera vez en las camisetas de la selecci\u00f3n espa\u00f1ola de f\u00fatbol para el Mundial de 2022.<\/p>\n<p>Consejos para la impresi\u00f3n: Si el nombre y el n\u00famero que aparecen en la imagen son exactamente los que desea, no es necesario que los vuelva a introducir. En caso contrario, deber\u00e1 introducir el nombre y el n\u00famero que desee.<\/p>\n<p>Consejos de lavado: Se recomienda lavar las camisetas de f\u00fatbol a mano. Si desea utilizar la lavadora, recuerde poner las camisetas de f\u00fatbol del rev\u00e9s y luego lavarlas. Llena la lavadora con agua fr\u00eda y utiliza un ciclo delicado para proteger mejor los colores.<\/p>","protected":false},"excerpt":{"rendered":"<p>A partir del verano de 2022, aproximadamente, la selecci\u00f3n espa\u00f1ola de f\u00fatbol utilizar\u00e1 un nuevo logotipo. Hemos imaginado c\u00f3mo podr\u00edan ser las camisetas de Espa\u00f1a con el nuevo logotipo. Los nuevos logotipos de la RFEF (Federaci\u00f3n Espa\u00f1ola de F\u00fatbol) y de la selecci\u00f3n espa\u00f1ola de f\u00fatbol se publicaron en marzo de 2021. Se ver\u00e1n por primera vez en las camisetas de la selecci\u00f3n espa\u00f1ola de f\u00fatbol para el Mundial de 2022.<\/p>","protected":false},"featured_media":5759,"comment_status":"open","ping_status":"closed","template":"","meta":[],"product_brand":[],"product_cat":[131],"product_tag":[20,21,22,23,24,258,259],"class_list":{"0":"post-5721","1":"product","2":"type-product","3":"status-publish","4":"has-post-thumbnail","6":"product_cat-spanien-trikots","7":"product_tag-coole-fussballtrikots","8":"product_tag-fussballtrikot-fuer-herren","9":"product_tag-fussballtrikot-guenstig-kaufen","10":"product_tag-fussballtrikot-kurzarm","11":"product_tag-guenstiges-fussballtrikot","12":"product_tag-spanien-heimtrikot-wm-2022","13":"product_tag-spanien-heimtrikot-spanien-trikot-schwarz","15":"first","16":"instock","17":"shipping-taxable","18":"purchasable","19":"product-type-variable"},"_links":{"self":[{"href":"https:\/\/www.billigtrikotde.com\/es\/wp-json\/wp\/v2\/product\/5721","targetHints":{"allow":["GET"]}}],"collection":[{"href":"https:\/\/www.billigtrikotde.com\/es\/wp-json\/wp\/v2\/product"}],"about":[{"href":"https:\/\/www.billigtrikotde.com\/es\/wp-json\/wp\/v2\/types\/product"}],"replies":[{"embeddable":true,"href":"https:\/\/www.billigtrikotde.com\/es\/wp-json\/wp\/v2\/comments?post=5721"}],"wp:featuredmedia":[{"embeddable":true,"href":"https:\/\/www.billigtrikotde.com\/es\/wp-json\/wp\/v2\/media\/5759"}],"wp:attachment":[{"href":"https:\/\/www.billigtrikotde.com\/es\/wp-json\/wp\/v2\/media?parent=5721"}],"wp:term":[{"taxonomy":"product_brand","embeddable":true,"href":"https:\/\/www.billigtrikotde.com\/es\/wp-json\/wp\/v2\/product_brand?post=5721"},{"taxonomy":"product_cat","embeddable":true,"href":"https:\/\/www.billigtrikotde.com\/es\/wp-json\/wp\/v2\/product_cat?post=5721"},{"taxonomy":"product_tag","embeddable":true,"href":"https:\/\/www.billigtrikotde.com\/es\/wp-json\/wp\/v2\/product_tag?post=5721"}],"curies":[{"name":"wp","href":"https:\/\/api.w.org\/{rel}","templated":true}]}}