{"id":571,"date":"2024-10-23T12:54:57","date_gmt":"2024-10-23T10:54:57","guid":{"rendered":"http:\/\/billigtrikots.com\/?post_type=product&#038;p=571"},"modified":"2024-10-23T12:56:29","modified_gmt":"2024-10-23T10:56:29","slug":"fussball-trikotsatz-psg-ausweichtrikot-2021-2022-schwarz-grau-mit-aufdruck-sergio-ramos-4","status":"publish","type":"product","link":"https:\/\/www.billigtrikotde.com\/es\/fussball-trikotsatz-psg-ausweichtrikot-2021-2022-schwarz-grau-mit-aufdruck-sergio-ramos-4\/","title":{"rendered":"Equipaci\u00f3n de f\u00fatbol PSG 2021\/2022 negro\/gris con estampado Sergio Ramos 4"},"content":{"rendered":"<p>La camiseta Nike en negro muestra tu amor incondicional y lealtad a tu club. La colecci\u00f3n de cualquier aficionado no deber\u00eda estar completa sin esta camiseta del Paris Saint-Germain, tal y como la llevan los jugadores en la Ligue 1. Te recomendamos este modelo c\u00f3modo, transpirable, transpirable y ligero, con un tacto agradable. Esta camiseta es la compa\u00f1era ideal para tus actividades deportivas. Destaca visualmente con el escudo del club en el pecho.<\/p>\n<p>Consejos para la impresi\u00f3n: Si el nombre y el n\u00famero que aparecen en la imagen son exactamente los que desea, no es necesario que los vuelva a introducir. En caso contrario, deber\u00e1 introducir el nombre y el n\u00famero que desee.<\/p>\n<p>Consejos de lavado: Se recomienda lavar las camisetas de f\u00fatbol a mano. Si desea utilizar la lavadora, recuerde poner las camisetas de f\u00fatbol del rev\u00e9s y luego lavarlas. Llena la lavadora con agua fr\u00eda y utiliza un ciclo delicado para proteger mejor los colores.<\/p>","protected":false},"excerpt":{"rendered":"<p>Das Trikot von Nike in Schwarz zeigt deine bedingungslose Liebe und Zugeh\u00f6rigkeit zu deinem Verein. In keiner Fan-Kollektion darf dieses Paris Saint-Germain-Ausweich-Trikot, wie es die Spieler in der Ligue 1 tragen, fehlen. Wir empfehlen dieses bequeme, atmungsaktive, schwei\u00dfableitende und leichte Modell mit dem angenehmen Tragegef\u00fchl. Dieses Trikot ist der ideale Begleiter f\u00fcr deine sportlichen Aktivit\u00e4ten. [&hellip;]<\/p>","protected":false},"featured_media":604,"comment_status":"open","ping_status":"closed","template":"","meta":[],"product_brand":[],"product_cat":[39],"product_tag":[20,21,22,23,24,42,41],"class_list":{"0":"post-571","1":"product","2":"type-product","3":"status-publish","4":"has-post-thumbnail","6":"product_cat-paris-saint-germain","7":"product_tag-coole-fussballtrikots","8":"product_tag-fussballtrikot-fuer-herren","9":"product_tag-fussballtrikot-guenstig-kaufen","10":"product_tag-fussballtrikot-kurzarm","11":"product_tag-guenstiges-fussballtrikot","12":"product_tag-paris-saint-germain-ausweichtrikot","13":"product_tag-paris-saint-germain-trikots","15":"first","16":"instock","17":"shipping-taxable","18":"purchasable","19":"product-type-variable"},"_links":{"self":[{"href":"https:\/\/www.billigtrikotde.com\/es\/wp-json\/wp\/v2\/product\/571","targetHints":{"allow":["GET"]}}],"collection":[{"href":"https:\/\/www.billigtrikotde.com\/es\/wp-json\/wp\/v2\/product"}],"about":[{"href":"https:\/\/www.billigtrikotde.com\/es\/wp-json\/wp\/v2\/types\/product"}],"replies":[{"embeddable":true,"href":"https:\/\/www.billigtrikotde.com\/es\/wp-json\/wp\/v2\/comments?post=571"}],"wp:featuredmedia":[{"embeddable":true,"href":"https:\/\/www.billigtrikotde.com\/es\/wp-json\/wp\/v2\/media\/604"}],"wp:attachment":[{"href":"https:\/\/www.billigtrikotde.com\/es\/wp-json\/wp\/v2\/media?parent=571"}],"wp:term":[{"taxonomy":"product_brand","embeddable":true,"href":"https:\/\/www.billigtrikotde.com\/es\/wp-json\/wp\/v2\/product_brand?post=571"},{"taxonomy":"product_cat","embeddable":true,"href":"https:\/\/www.billigtrikotde.com\/es\/wp-json\/wp\/v2\/product_cat?post=571"},{"taxonomy":"product_tag","embeddable":true,"href":"https:\/\/www.billigtrikotde.com\/es\/wp-json\/wp\/v2\/product_tag?post=571"}],"curies":[{"name":"wp","href":"https:\/\/api.w.org\/{rel}","templated":true}]}}