{"id":5701,"date":"2024-10-23T17:06:52","date_gmt":"2024-10-23T15:06:52","guid":{"rendered":"http:\/\/billigtrikots.com\/?post_type=product&#038;p=5701"},"modified":"2024-10-23T17:08:27","modified_gmt":"2024-10-23T15:08:27","slug":"wales-heimtrikots-2022-rot-trikotsatz-kurzarm-kurze-hosen-bale-11","status":"publish","type":"product","link":"https:\/\/www.billigtrikotde.com\/es\/wales-heimtrikots-2022-rot-trikotsatz-kurzarm-kurze-hosen-bale-11\/","title":{"rendered":"Gales camisetas de casa 2022 kit rojo manga corta + pantalones cortos BALE #11"},"content":{"rendered":"<p>Gales se qued\u00f3 fuera de la clasificaci\u00f3n para la Eurocopa Femenina de la UEFA 2022 tras quedar tercera de su grupo por detr\u00e1s de Noruega e Irlanda del Norte. Sin embargo, la camiseta de Gales 2022 para mujer nos da una idea de lo que podemos esperar de las camisetas Adidas para el torneo. La camiseta de local Adidas Gales 2022 para mujer tiene un dise\u00f1o claro en rojo con ribetes blancos y verdes en el cuello y las mangas. Los logotipos de Adidas y Gales se sit\u00faan en el centro.<\/p>\n<p>Consejos para la impresi\u00f3n: Si el nombre y el n\u00famero que aparecen en la imagen son exactamente los que desea, no es necesario que los vuelva a introducir. En caso contrario, deber\u00e1 introducir el nombre y el n\u00famero que desee.<\/p>\n<p>Consejos de lavado: Se recomienda lavar las camisetas de f\u00fatbol a mano. Si desea utilizar la lavadora, recuerde poner las camisetas de f\u00fatbol del rev\u00e9s y luego lavarlas. Llena la lavadora con agua fr\u00eda y utiliza un ciclo delicado para proteger mejor los colores.<\/p>","protected":false},"excerpt":{"rendered":"<p>Wales verpasste die Qualifikation f\u00fcr die UEFA-Frauen-Europameisterschaft 2022, nachdem es in seiner Gruppe hinter Norwegen und Nordirland Dritter wurde. Trotzdem gibt uns das Trikot der Frauen von Wales 2022 einen Eindruck davon, was wir von den Adidas-Trikots f\u00fcr das Turnier erwarten k\u00f6nnen.Das Adidas Wales 2022 Heim trikot f\u00fcr Frauen hat ein klares Design in Rot [&hellip;]<\/p>","protected":false},"featured_media":5735,"comment_status":"open","ping_status":"closed","template":"","meta":[],"product_brand":[],"product_cat":[255],"product_tag":[20,21,22,23,24,256,257],"class_list":{"0":"post-5701","1":"product","2":"type-product","3":"status-publish","4":"has-post-thumbnail","6":"product_cat-wales-trikots","7":"product_tag-coole-fussballtrikots","8":"product_tag-fussballtrikot-fuer-herren","9":"product_tag-fussballtrikot-guenstig-kaufen","10":"product_tag-fussballtrikot-kurzarm","11":"product_tag-guenstiges-fussballtrikot","12":"product_tag-wales-2022-trikot","13":"product_tag-wales-trikots","15":"first","16":"instock","17":"shipping-taxable","18":"purchasable","19":"product-type-variable"},"_links":{"self":[{"href":"https:\/\/www.billigtrikotde.com\/es\/wp-json\/wp\/v2\/product\/5701","targetHints":{"allow":["GET"]}}],"collection":[{"href":"https:\/\/www.billigtrikotde.com\/es\/wp-json\/wp\/v2\/product"}],"about":[{"href":"https:\/\/www.billigtrikotde.com\/es\/wp-json\/wp\/v2\/types\/product"}],"replies":[{"embeddable":true,"href":"https:\/\/www.billigtrikotde.com\/es\/wp-json\/wp\/v2\/comments?post=5701"}],"wp:featuredmedia":[{"embeddable":true,"href":"https:\/\/www.billigtrikotde.com\/es\/wp-json\/wp\/v2\/media\/5735"}],"wp:attachment":[{"href":"https:\/\/www.billigtrikotde.com\/es\/wp-json\/wp\/v2\/media?parent=5701"}],"wp:term":[{"taxonomy":"product_brand","embeddable":true,"href":"https:\/\/www.billigtrikotde.com\/es\/wp-json\/wp\/v2\/product_brand?post=5701"},{"taxonomy":"product_cat","embeddable":true,"href":"https:\/\/www.billigtrikotde.com\/es\/wp-json\/wp\/v2\/product_cat?post=5701"},{"taxonomy":"product_tag","embeddable":true,"href":"https:\/\/www.billigtrikotde.com\/es\/wp-json\/wp\/v2\/product_tag?post=5701"}],"curies":[{"name":"wp","href":"https:\/\/api.w.org\/{rel}","templated":true}]}}