{"id":5500,"date":"2024-10-23T16:57:37","date_gmt":"2024-10-23T14:57:37","guid":{"rendered":"http:\/\/billigtrikots.com\/?post_type=product&#038;p=5500"},"modified":"2024-10-23T16:59:44","modified_gmt":"2024-10-23T14:59:44","slug":"paris-saint-germain-heimtrikot-2022-23-blau-fussballtrikot-kurzarm-florenzi-24","status":"publish","type":"product","link":"https:\/\/www.billigtrikotde.com\/es\/paris-saint-germain-heimtrikot-2022-23-blau-fussballtrikot-kurzarm-florenzi-24\/","title":{"rendered":"Paris Saint Germain camiseta local 2022\/23 azul camiseta de f\u00fatbol de manga corta FLORENZI #24"},"content":{"rendered":"<p>La camiseta 22-23 del PSG tiene un aspecto inspirado en la cl\u00e1sica Hechter, pero con el blanco y el rojo intercambiados. La nueva camiseta 22-23 del PSG es la \u00faltima de una larga lista de camisetas 22-23 que se han filtrado recientemente, la mayor\u00eda m\u00e1s de un a\u00f1o antes de su lanzamiento. El dise\u00f1ador de camisetas de f\u00fatbol Franco Carabajal ha imaginado c\u00f3mo ser\u00eda la camiseta sin la pica. La camiseta 22-23 del PSG tiene una pica continua en lugar de un gran corte en el centro. De este modo, el dise\u00f1o queda mucho mejor.<br \/>\nFranco tambi\u00e9n ha creado dos versiones con el logotipo Accor Live Limitless. En realidad, el recorte deber\u00eda ser a\u00fan mayor, ya que el logotipo ACC tambi\u00e9n incluye el texto Accor Live Limitless debajo.El Par\u00eds Saint-Germain podr\u00eda desvelar la nueva camiseta 22-23 ya en el \u00faltimo partido de la temporada contra el Metz, el 21 de mayo de 2022. De ser as\u00ed, seguramente la lucir\u00e1n con el logotipo ACC y los logotipos de la camiseta 22-23 del Par\u00eds Saint-Germain estar\u00e1n centrados, con el swoosh debajo del escudo del club.<\/p>\n<p>Consejos para la impresi\u00f3n: Si el nombre y el n\u00famero que aparecen en la imagen son exactamente los que desea, no es necesario que los vuelva a introducir. En caso contrario, deber\u00e1 introducir el nombre y el n\u00famero que desee.<\/p>\n<p>Consejos de lavado: Se recomienda lavar las camisetas de f\u00fatbol a mano. Si desea utilizar la lavadora, recuerde poner las camisetas de f\u00fatbol del rev\u00e9s y luego lavarlas. Llena la lavadora con agua fr\u00eda y utiliza un ciclo delicado para proteger mejor los colores.<\/p>","protected":false},"excerpt":{"rendered":"<p>La camiseta PSG 22-23 tiene un aspecto inspirado en el cl\u00e1sico Hechter, pero con el blanco y el rojo intercambiados. La nueva camiseta PSG 22-23 es la \u00faltima de una larga lista de camisetas 22-23 que han sido filtradas recientemente, la mayor\u00eda m\u00e1s de un a\u00f1o antes de su lanzamiento. Mira [\u2026]<\/p>","protected":false},"featured_media":5538,"comment_status":"open","ping_status":"closed","template":"","meta":[],"product_brand":[],"product_cat":[39],"product_tag":[20,43,21,22,23,24,44,41,244],"class_list":{"0":"post-5500","1":"product","2":"type-product","3":"status-publish","4":"has-post-thumbnail","6":"product_cat-paris-saint-germain","7":"product_tag-coole-fussballtrikots","8":"product_tag-fussballkleidung","9":"product_tag-fussballtrikot-fuer-herren","10":"product_tag-fussballtrikot-guenstig-kaufen","11":"product_tag-fussballtrikot-kurzarm","12":"product_tag-guenstiges-fussballtrikot","13":"product_tag-paris-saint-germain-auswaertstrikot","14":"product_tag-paris-saint-germain-trikots","15":"product_tag-psg-trikot-2022-23","17":"first","18":"instock","19":"shipping-taxable","20":"purchasable","21":"product-type-variable"},"_links":{"self":[{"href":"https:\/\/www.billigtrikotde.com\/es\/wp-json\/wp\/v2\/product\/5500","targetHints":{"allow":["GET"]}}],"collection":[{"href":"https:\/\/www.billigtrikotde.com\/es\/wp-json\/wp\/v2\/product"}],"about":[{"href":"https:\/\/www.billigtrikotde.com\/es\/wp-json\/wp\/v2\/types\/product"}],"replies":[{"embeddable":true,"href":"https:\/\/www.billigtrikotde.com\/es\/wp-json\/wp\/v2\/comments?post=5500"}],"wp:featuredmedia":[{"embeddable":true,"href":"https:\/\/www.billigtrikotde.com\/es\/wp-json\/wp\/v2\/media\/5538"}],"wp:attachment":[{"href":"https:\/\/www.billigtrikotde.com\/es\/wp-json\/wp\/v2\/media?parent=5500"}],"wp:term":[{"taxonomy":"product_brand","embeddable":true,"href":"https:\/\/www.billigtrikotde.com\/es\/wp-json\/wp\/v2\/product_brand?post=5500"},{"taxonomy":"product_cat","embeddable":true,"href":"https:\/\/www.billigtrikotde.com\/es\/wp-json\/wp\/v2\/product_cat?post=5500"},{"taxonomy":"product_tag","embeddable":true,"href":"https:\/\/www.billigtrikotde.com\/es\/wp-json\/wp\/v2\/product_tag?post=5500"}],"curies":[{"name":"wp","href":"https:\/\/api.w.org\/{rel}","templated":true}]}}