{"id":5398,"date":"2024-10-23T16:53:04","date_gmt":"2024-10-23T14:53:04","guid":{"rendered":"http:\/\/billigtrikots.com\/?post_type=product&#038;p=5398"},"modified":"2025-06-09T04:42:50","modified_gmt":"2025-06-09T02:42:50","slug":"herren-arsenal-2022-2023-heimtrikot-rot-weiss-fussballtrikots-set-outlet","status":"publish","type":"product","link":"https:\/\/www.billigtrikotde.com\/es\/herren-arsenal-2022-2023-heimtrikot-rot-weiss-fussballtrikots-set-outlet\/","title":{"rendered":"Mens Arsenal 2022-2023 Home Shirt Rojo Blanco Camisa de F\u00fatbol Set Outlet"},"content":{"rendered":"<p>La camiseta del Arsenal 22-23 saldr\u00e1 a la venta el 19 de mayo de 2022. Se espera que el primer equipo la lleve en el \u00faltimo partido contra Everton el 22 de mayo. Como en otras temporadas, la nueva camiseta visitante para la temporada 2022-23 se lanzar\u00e1 como parte de la gira por Espa\u00f1a en julio. Probablemente ser\u00e1 presentada por primera vez contra Everton (16 de julio). El Arsenal tambi\u00e9n podr\u00eda usarla contra Orlando City (20 de julio) y Chelsea (23 de julio).<\/p>\n<p>Consejos para la impresi\u00f3n: Si el nombre y el n\u00famero que aparecen en la imagen son exactamente los que desea, no es necesario que los vuelva a introducir. En caso contrario, deber\u00e1 introducir el nombre y el n\u00famero que desee.<\/p>\n<p>Consejos de lavado: Se recomienda lavar las camisetas de f\u00fatbol a mano. Si desea utilizar la lavadora, recuerde poner las camisetas de f\u00fatbol del rev\u00e9s y luego lavarlas. Llena la lavadora con agua fr\u00eda y utiliza un ciclo delicado para proteger mejor los colores.<\/p>","protected":false},"excerpt":{"rendered":"<p>Das Arsenal 22-23 Trikot wird am 19. Mai 2022 auf den Markt kommen. Es wird davon ausgegangen, dass die erste Mannschaft es beim letzten Spiel gegen Everton am 22. Mai tragen wird.As in other seasons, the new away kit for the 2022-23 season will be launched as part of the USA tour in July. It [&hellip;]<\/p>","protected":false},"featured_media":5431,"comment_status":"open","ping_status":"closed","template":"","meta":[],"product_brand":[],"product_cat":[55],"product_tag":[243,20,21,22,23,54,24],"class_list":{"0":"post-5398","1":"product","2":"type-product","3":"status-publish","4":"has-post-thumbnail","6":"product_cat-arsenal","7":"product_tag-arsenal-2022-2023-heimtrikot","8":"product_tag-coole-fussballtrikots","9":"product_tag-fussballtrikot-fuer-herren","10":"product_tag-fussballtrikot-guenstig-kaufen","11":"product_tag-fussballtrikot-kurzarm","12":"product_tag-fussballtrikot-set","13":"product_tag-guenstiges-fussballtrikot","15":"first","16":"instock","17":"shipping-taxable","18":"purchasable","19":"product-type-variable"},"_links":{"self":[{"href":"https:\/\/www.billigtrikotde.com\/es\/wp-json\/wp\/v2\/product\/5398","targetHints":{"allow":["GET"]}}],"collection":[{"href":"https:\/\/www.billigtrikotde.com\/es\/wp-json\/wp\/v2\/product"}],"about":[{"href":"https:\/\/www.billigtrikotde.com\/es\/wp-json\/wp\/v2\/types\/product"}],"replies":[{"embeddable":true,"href":"https:\/\/www.billigtrikotde.com\/es\/wp-json\/wp\/v2\/comments?post=5398"}],"wp:featuredmedia":[{"embeddable":true,"href":"https:\/\/www.billigtrikotde.com\/es\/wp-json\/wp\/v2\/media\/5431"}],"wp:attachment":[{"href":"https:\/\/www.billigtrikotde.com\/es\/wp-json\/wp\/v2\/media?parent=5398"}],"wp:term":[{"taxonomy":"product_brand","embeddable":true,"href":"https:\/\/www.billigtrikotde.com\/es\/wp-json\/wp\/v2\/product_brand?post=5398"},{"taxonomy":"product_cat","embeddable":true,"href":"https:\/\/www.billigtrikotde.com\/es\/wp-json\/wp\/v2\/product_cat?post=5398"},{"taxonomy":"product_tag","embeddable":true,"href":"https:\/\/www.billigtrikotde.com\/es\/wp-json\/wp\/v2\/product_tag?post=5398"}],"curies":[{"name":"wp","href":"https:\/\/api.w.org\/{rel}","templated":true}]}}