{"id":5246,"date":"2024-10-23T16:45:54","date_gmt":"2024-10-23T14:45:54","guid":{"rendered":"http:\/\/billigtrikots.com\/?post_type=product&#038;p=5246"},"modified":"2025-10-16T16:04:26","modified_gmt":"2025-10-16T14:04:26","slug":"herren-y-3-real-madrid-viertes-fussballtrikot-schwarz-fuer-die-saison-2021-2022-benzema-9","status":"publish","type":"product","link":"https:\/\/www.billigtrikotde.com\/es\/herren-y-3-real-madrid-viertes-fussballtrikot-schwarz-fuer-die-saison-2021-2022-benzema-9\/","title":{"rendered":"Hombres Y-3 Real Madrid Cuarta camiseta de f\u00fatbol negro para la temporada 2021-2022 BENZEMA 9"},"content":{"rendered":"<p>20 a\u00f1os de Y-3 se unen a 120 a\u00f1os de f\u00fatbol de \u00e9lite. Y-3 y el Real Madrid se han unido de nuevo con motivo de sus aniversarios, y de esta colaboraci\u00f3n ha surgido esta cuarta camiseta para ni\u00f1os y adolescentes, equipada con la tecnolog\u00eda de refrigeraci\u00f3n HEAT.RDY. La fusi\u00f3n perfecta de moda y ropa deportiva, interpretada en un discreto gr\u00e1fico de l\u00edneas din\u00e1micas que se entrecruzan. En el pecho, el logotipo de Y-3 supone una novedad absoluta: por primera vez, sustituye al logotipo de adidas en una camiseta. Y sobre el dobladillo, una etiqueta extragrande completa con estilo esta colaboraci\u00f3n especial.<\/p>\n<p>Consejos para la impresi\u00f3n: Si el nombre y el n\u00famero que aparecen en la imagen son exactamente los que desea, no es necesario que los vuelva a introducir. En caso contrario, deber\u00e1 introducir el nombre y el n\u00famero que desee.<\/p>\n<p>Consejos de lavado: Se recomienda lavar las camisetas de f\u00fatbol a mano. Si desea utilizar la lavadora, recuerde poner las camisetas de f\u00fatbol del rev\u00e9s y luego lavarlas. Llena la lavadora con agua fr\u00eda y utiliza un ciclo delicado para proteger mejor los colores.<\/p>","protected":false},"excerpt":{"rendered":"<p>20 Jahre Y-3 treffen auf 120 Jahre Spitzenfu\u00dfball. Y-3 und Real Madrid haben sich anl\u00e4sslich ihrer Jubil\u00e4en erneut zusammengetan und dabei ist dieses vierte Trikot f\u00fcr Kinder und Teens entstanden, das mit k\u00fchlender HEAT.RDY Technologie ausgestattet ist. Die perfekte Fusion aus Fashion und Sportswear, interpretiert in einer dezenten Grafik aus dynamischen, sich \u00fcberkreuzenden Linien. Auf [&hellip;]<\/p>","protected":false},"featured_media":5285,"comment_status":"open","ping_status":"closed","template":"","meta":[],"product_brand":[],"product_cat":[45],"product_tag":[20,38,21,228,24,47],"class_list":{"0":"post-5246","1":"product","2":"type-product","3":"status-publish","4":"has-post-thumbnail","6":"product_cat-real-madrid","7":"product_tag-coole-fussballtrikots","8":"product_tag-fussball-trikot-langarm","9":"product_tag-fussballtrikot-fuer-herren","10":"product_tag-guenstige-fussballtrikot","11":"product_tag-guenstiges-fussballtrikot","12":"product_tag-real-madrid-trikots","14":"first","15":"instock","16":"shipping-taxable","17":"purchasable","18":"product-type-variable"},"_links":{"self":[{"href":"https:\/\/www.billigtrikotde.com\/es\/wp-json\/wp\/v2\/product\/5246","targetHints":{"allow":["GET"]}}],"collection":[{"href":"https:\/\/www.billigtrikotde.com\/es\/wp-json\/wp\/v2\/product"}],"about":[{"href":"https:\/\/www.billigtrikotde.com\/es\/wp-json\/wp\/v2\/types\/product"}],"replies":[{"embeddable":true,"href":"https:\/\/www.billigtrikotde.com\/es\/wp-json\/wp\/v2\/comments?post=5246"}],"wp:featuredmedia":[{"embeddable":true,"href":"https:\/\/www.billigtrikotde.com\/es\/wp-json\/wp\/v2\/media\/5285"}],"wp:attachment":[{"href":"https:\/\/www.billigtrikotde.com\/es\/wp-json\/wp\/v2\/media?parent=5246"}],"wp:term":[{"taxonomy":"product_brand","embeddable":true,"href":"https:\/\/www.billigtrikotde.com\/es\/wp-json\/wp\/v2\/product_brand?post=5246"},{"taxonomy":"product_cat","embeddable":true,"href":"https:\/\/www.billigtrikotde.com\/es\/wp-json\/wp\/v2\/product_cat?post=5246"},{"taxonomy":"product_tag","embeddable":true,"href":"https:\/\/www.billigtrikotde.com\/es\/wp-json\/wp\/v2\/product_tag?post=5246"}],"curies":[{"name":"wp","href":"https:\/\/api.w.org\/{rel}","templated":true}]}}