{"id":5199,"date":"2024-10-23T16:28:49","date_gmt":"2024-10-23T14:28:49","guid":{"rendered":"http:\/\/billigtrikots.com\/?post_type=product&#038;p=5199"},"modified":"2024-10-23T16:45:46","modified_gmt":"2024-10-23T14:45:46","slug":"brasilien-2022-wm-heimtrikots-gelb-trikotsatz-kurzarm-kurze-hosen-casimiro-5","status":"publish","type":"product","link":"https:\/\/www.billigtrikotde.com\/es\/brasilien-2022-wm-heimtrikots-gelb-trikotsatz-kurzarm-kurze-hosen-casimiro-5\/","title":{"rendered":"Brasil 2022 Copa del Mundo Home Shirts Kit Amarillo Manga Corta + Shorts CASIMIRO 5"},"content":{"rendered":"<p>En v\u00edsperas del partido de ma\u00f1ana entre Brasil y Argentina, hemos conocido m\u00e1s detalles sobre el dise\u00f1o de la equipaci\u00f3n local del Mundial 2022, que Nike presentar\u00e1 en la segunda mitad del a\u00f1o y que contar\u00e1 con un nuevo esquema de colores m\u00e1s vivos: la camiseta de f\u00fatbol Nike Brasil 2022 cambia el cl\u00e1sico amarillo por un amarillo brillante, denominado oficialmente \"Dynamic Yellow\". El aspecto del color nos ha sido descrito como \"casi amarillo ne\u00f3n\".<\/p>\n<p>En cuanto al dise\u00f1o, la camiseta de la Copa Mundial Brasil 2022 tendr\u00e1 un peque\u00f1o cuello tradicional, de color amarillo y decorado con una franja verde y otra azul. Tenga en cuenta que nuestra imagen de arriba es s\u00f3lo una vista previa y el dise\u00f1o final de la camiseta podr\u00eda parecer diferente.Los colores de la camiseta Nike Brasil 2022 Copa Mundial de casa son una reminiscencia de la camiseta del ganador de la Copa Mundial de 2002 - se puede ver como un homenaje al 20 aniversario de su lanzamiento.Nike combina la camiseta Nike Brasil 2022 con logotipos de color verde turquesa brillante (Green Spark) y un azul intenso para los detalles (Paramount Blue).<\/p>\n<p>Consejos para la impresi\u00f3n: Si el nombre y el n\u00famero que aparecen en la imagen son exactamente los que desea, no es necesario que los vuelva a introducir. En caso contrario, deber\u00e1 introducir el nombre y el n\u00famero que desee.<\/p>\n<p>Consejos de lavado: Se recomienda lavar las camisetas de f\u00fatbol a mano. Si desea utilizar la lavadora, recuerde poner las camisetas de f\u00fatbol del rev\u00e9s y luego lavarlas. Llena la lavadora con agua fr\u00eda y utiliza un ciclo delicado para proteger mejor los colores.<\/p>","protected":false},"excerpt":{"rendered":"<p>Vor dem morgigen Spiel Brasilien gegen Argentinien haben wir genauere Informationen \u00fcber das Design des Heimtrikots f\u00fcr die WM 2022 erhalten.Das von Nike hergestellte Trikot f\u00fcr die WM 2022 wird in der zweiten Jahresh\u00e4lfte vorgestellt und hat ein neues, helleres Farbschema.Das Nike Brasilien 2022 Fu\u00dfballtrikot tauscht das klassische Gelb gegen ein leuchtendes Gelb, offiziell \u201eDynamic [&hellip;]<\/p>","protected":false},"featured_media":5238,"comment_status":"open","ping_status":"closed","template":"","meta":[],"product_brand":[],"product_cat":[112],"product_tag":[20,210,114,222,21,22,23,24],"class_list":{"0":"post-5199","1":"product","2":"type-product","3":"status-publish","4":"has-post-thumbnail","6":"product_cat-brasilien-trikots","7":"product_tag-coole-fussballtrikots","8":"product_tag-brasilien-auswaertstrikot","9":"product_tag-brasilien-trikots","10":"product_tag-fussball-wm-2022-trikots","11":"product_tag-fussballtrikot-fuer-herren","12":"product_tag-fussballtrikot-guenstig-kaufen","13":"product_tag-fussballtrikot-kurzarm","14":"product_tag-guenstiges-fussballtrikot","16":"first","17":"instock","18":"shipping-taxable","19":"purchasable","20":"product-type-variable"},"_links":{"self":[{"href":"https:\/\/www.billigtrikotde.com\/es\/wp-json\/wp\/v2\/product\/5199","targetHints":{"allow":["GET"]}}],"collection":[{"href":"https:\/\/www.billigtrikotde.com\/es\/wp-json\/wp\/v2\/product"}],"about":[{"href":"https:\/\/www.billigtrikotde.com\/es\/wp-json\/wp\/v2\/types\/product"}],"replies":[{"embeddable":true,"href":"https:\/\/www.billigtrikotde.com\/es\/wp-json\/wp\/v2\/comments?post=5199"}],"wp:featuredmedia":[{"embeddable":true,"href":"https:\/\/www.billigtrikotde.com\/es\/wp-json\/wp\/v2\/media\/5238"}],"wp:attachment":[{"href":"https:\/\/www.billigtrikotde.com\/es\/wp-json\/wp\/v2\/media?parent=5199"}],"wp:term":[{"taxonomy":"product_brand","embeddable":true,"href":"https:\/\/www.billigtrikotde.com\/es\/wp-json\/wp\/v2\/product_brand?post=5199"},{"taxonomy":"product_cat","embeddable":true,"href":"https:\/\/www.billigtrikotde.com\/es\/wp-json\/wp\/v2\/product_cat?post=5199"},{"taxonomy":"product_tag","embeddable":true,"href":"https:\/\/www.billigtrikotde.com\/es\/wp-json\/wp\/v2\/product_tag?post=5199"}],"curies":[{"name":"wp","href":"https:\/\/api.w.org\/{rel}","templated":true}]}}