{"id":5117,"date":"2024-10-23T16:24:19","date_gmt":"2024-10-23T14:24:19","guid":{"rendered":"http:\/\/billigtrikots.com\/?post_type=product&#038;p=5117"},"modified":"2024-10-23T16:27:01","modified_gmt":"2024-10-23T14:27:01","slug":"inter-mailand-stadium-jersey-fussball-trikot-kurzarm-guenstige-heimtrikot-de-vrij-6","status":"publish","type":"product","link":"https:\/\/www.billigtrikotde.com\/es\/inter-mailand-stadium-jersey-fussball-trikot-kurzarm-guenstige-heimtrikot-de-vrij-6\/","title":{"rendered":"Inter Milan Estadio Jersey Camiseta F\u00fatbol Manga Corta Barato Home Jersey ES VRIJ 6"},"content":{"rendered":"<p>Las primeras im\u00e1genes reales de la camiseta de la pr\u00f3xima colecci\u00f3n Nike x Inter han sido filtradas. Inspirada en la pr\u00f3xima cuarta camiseta de Inter, muestra un dise\u00f1o similar a la camiseta. La cuarta camiseta de Nike Inter de Mil\u00e1n 2020-2021 presenta un dise\u00f1o excepcional que combina diferentes patrones y gr\u00e1ficos en un estilo mashup. La Nike Inter [\u2026]<\/p>\n<p>La colecci\u00f3n de verano 20-21 de Inter de Mil\u00e1n de Nike introduce looks frescos. Inspirada en el cuarto uniforme y en la colecci\u00f3n de pre-match 20-21 y la colecci\u00f3n de estilo de vida del club, la colecci\u00f3n de verano 20-21 de Inter de Mil\u00e1n de Nike combina varios dise\u00f1os para un art\u00edculo.<\/p>\n<p>Consejos para la impresi\u00f3n: Si el nombre y el n\u00famero que aparecen en la imagen son exactamente los que desea, no es necesario que los vuelva a introducir. En caso contrario, deber\u00e1 introducir el nombre y el n\u00famero que desee.<\/p>\n<p>Consejos de lavado: Se recomienda lavar las camisetas de f\u00fatbol a mano. Si desea utilizar la lavadora, recuerde poner las camisetas de f\u00fatbol del rev\u00e9s y luego lavarlas. Llena la lavadora con agua fr\u00eda y utiliza un ciclo delicado para proteger mejor los colores.<\/p>","protected":false},"excerpt":{"rendered":"<p>Las primeras im\u00e1genes reales de la camiseta de la pr\u00f3xima colecci\u00f3n Nike x Inter han sido filtradas. Inspirada en la pr\u00f3xima cuarta camiseta de Inter, muestra un dise\u00f1o similar a la camiseta. La cuarta camiseta de Nike Inter de Mil\u00e1n 2020-2021 presenta un dise\u00f1o excepcional que combina diferentes patrones y gr\u00e1ficos en un estilo mashup. La Nike Inter [\u2026]<\/p>","protected":false},"featured_media":5154,"comment_status":"open","ping_status":"closed","template":"","meta":[],"product_brand":[],"product_cat":[77],"product_tag":[20,21,22,23,24,241,78],"class_list":{"0":"post-5117","1":"product","2":"type-product","3":"status-publish","4":"has-post-thumbnail","6":"product_cat-inter-milan","7":"product_tag-coole-fussballtrikots","8":"product_tag-fussballtrikot-fuer-herren","9":"product_tag-fussballtrikot-guenstig-kaufen","10":"product_tag-fussballtrikot-kurzarm","11":"product_tag-guenstiges-fussballtrikot","12":"product_tag-inter-mailand-ausweichtrikot","13":"product_tag-inter-milan-trikots","15":"first","16":"instock","17":"shipping-taxable","18":"purchasable","19":"product-type-variable"},"_links":{"self":[{"href":"https:\/\/www.billigtrikotde.com\/es\/wp-json\/wp\/v2\/product\/5117","targetHints":{"allow":["GET"]}}],"collection":[{"href":"https:\/\/www.billigtrikotde.com\/es\/wp-json\/wp\/v2\/product"}],"about":[{"href":"https:\/\/www.billigtrikotde.com\/es\/wp-json\/wp\/v2\/types\/product"}],"replies":[{"embeddable":true,"href":"https:\/\/www.billigtrikotde.com\/es\/wp-json\/wp\/v2\/comments?post=5117"}],"wp:featuredmedia":[{"embeddable":true,"href":"https:\/\/www.billigtrikotde.com\/es\/wp-json\/wp\/v2\/media\/5154"}],"wp:attachment":[{"href":"https:\/\/www.billigtrikotde.com\/es\/wp-json\/wp\/v2\/media?parent=5117"}],"wp:term":[{"taxonomy":"product_brand","embeddable":true,"href":"https:\/\/www.billigtrikotde.com\/es\/wp-json\/wp\/v2\/product_brand?post=5117"},{"taxonomy":"product_cat","embeddable":true,"href":"https:\/\/www.billigtrikotde.com\/es\/wp-json\/wp\/v2\/product_cat?post=5117"},{"taxonomy":"product_tag","embeddable":true,"href":"https:\/\/www.billigtrikotde.com\/es\/wp-json\/wp\/v2\/product_tag?post=5117"}],"curies":[{"name":"wp","href":"https:\/\/api.w.org\/{rel}","templated":true}]}}