{"id":5056,"date":"2024-10-23T16:20:58","date_gmt":"2024-10-23T14:20:58","guid":{"rendered":"http:\/\/billigtrikots.com\/?post_type=product&#038;p=5056"},"modified":"2024-10-23T16:23:03","modified_gmt":"2024-10-23T14:23:03","slug":"fc-barcelona-2022-23-heimtrikot-dunkles-blau-trikotsatz-kurzarm-mit-aufdruck-memphis-9","status":"publish","type":"product","link":"https:\/\/www.billigtrikotde.com\/es\/fc-barcelona-2022-23-heimtrikot-dunkles-blau-trikotsatz-kurzarm-mit-aufdruck-memphis-9\/","title":{"rendered":"Camiseta local del FC Barcelona 2022\/23 azul oscuro conjunto de camisetas de manga corta con impresi\u00f3n MEMPHIS 9"},"content":{"rendered":"<p>La camiseta del FC Barcelona 2022-23 presenta un aspecto elegante, complementando las tradicionales rayas blaugranas con azul oscuro.<\/p>\n<p>Las mangas y el cuello de la camiseta del Barcelona 22-23 son de color azul marino uniforme, mientras que la parte frontal presenta rayas bastante anchas en azul marino, azul real y rojo.<\/p>\n<p>El nombre oficial del azul oscuro en la camiseta es \u201cObsidiana\u201d, que tambi\u00e9n es el color de los logotipos en la camiseta visitante dorada.<\/p>\n<p>Dentro de las rayas azules y rojas en la parte frontal de la camiseta local del Nike FC Barcelona 2022-2023 hay una impresi\u00f3n discreta, que tambi\u00e9n aparecer\u00e1 en varios otros art\u00edculos de la colecci\u00f3n, incluido la camiseta previa al partido.<\/p>\n<p>Seg\u00fan un informe anterior de SPORT, el dise\u00f1o tambi\u00e9n fue inspirado por los Juegos Ol\u00edmpicos de 1992 en Barcelona y por el cambio que ha experimentado la ciudad. Esta inspiraci\u00f3n es a\u00fan m\u00e1s evidente en la camiseta visitante, que presenta adornos en el dise\u00f1o de las cintas de medallas ol\u00edmpicas de hace 30 a\u00f1os.<\/p>\n<p>Los pantalones y las medias de la camiseta local del Barcelona 22-23 reflejan el color azul oscuro, un tema recurrente en la historia de las camisetas de local del club catal\u00e1n.<\/p>\n<p>Consejos para la impresi\u00f3n: Si el nombre y el n\u00famero que aparecen en la imagen son exactamente los que desea, no es necesario que los vuelva a introducir. En caso contrario, deber\u00e1 introducir el nombre y el n\u00famero que desee.<\/p>\n<p>Consejos de lavado: Se recomienda lavar las camisetas de f\u00fatbol a mano. Si desea utilizar la lavadora, recuerde poner las camisetas de f\u00fatbol del rev\u00e9s y luego lavarlas. Llena la lavadora con agua fr\u00eda y utiliza un ciclo delicado para proteger mejor los colores.<\/p>","protected":false},"excerpt":{"rendered":"<p>La camiseta del FC Barcelona 2022-23 presenta un aspecto elegante al complementar las tradicionales rayas blaugranas con azul oscuro. Las mangas y el cuello de la camiseta Barcelona 22-23 son de color azul marino uniforme, mientras que la parte frontal presenta rayas bastante anchas en azul marino, azul real y rojo. El nombre oficial del azul oscuro en la camiseta es \u201cObsidian\u201d, que tambi\u00e9n es el nombre del color en la camiseta.<\/p>","protected":false},"featured_media":5093,"comment_status":"open","ping_status":"closed","template":"","meta":[],"product_brand":[],"product_cat":[31],"product_tag":[32,20,33,21,22,23,24],"class_list":{"0":"post-5056","1":"product","2":"type-product","3":"status-publish","4":"has-post-thumbnail","6":"product_cat-fc-barcelona","7":"product_tag-barcelona-heimtrikot","8":"product_tag-coole-fussballtrikots","9":"product_tag-fc-barcelona-trikots","10":"product_tag-fussballtrikot-fuer-herren","11":"product_tag-fussballtrikot-guenstig-kaufen","12":"product_tag-fussballtrikot-kurzarm","13":"product_tag-guenstiges-fussballtrikot","15":"first","16":"instock","17":"shipping-taxable","18":"purchasable","19":"product-type-variable"},"_links":{"self":[{"href":"https:\/\/www.billigtrikotde.com\/es\/wp-json\/wp\/v2\/product\/5056","targetHints":{"allow":["GET"]}}],"collection":[{"href":"https:\/\/www.billigtrikotde.com\/es\/wp-json\/wp\/v2\/product"}],"about":[{"href":"https:\/\/www.billigtrikotde.com\/es\/wp-json\/wp\/v2\/types\/product"}],"replies":[{"embeddable":true,"href":"https:\/\/www.billigtrikotde.com\/es\/wp-json\/wp\/v2\/comments?post=5056"}],"wp:featuredmedia":[{"embeddable":true,"href":"https:\/\/www.billigtrikotde.com\/es\/wp-json\/wp\/v2\/media\/5093"}],"wp:attachment":[{"href":"https:\/\/www.billigtrikotde.com\/es\/wp-json\/wp\/v2\/media?parent=5056"}],"wp:term":[{"taxonomy":"product_brand","embeddable":true,"href":"https:\/\/www.billigtrikotde.com\/es\/wp-json\/wp\/v2\/product_brand?post=5056"},{"taxonomy":"product_cat","embeddable":true,"href":"https:\/\/www.billigtrikotde.com\/es\/wp-json\/wp\/v2\/product_cat?post=5056"},{"taxonomy":"product_tag","embeddable":true,"href":"https:\/\/www.billigtrikotde.com\/es\/wp-json\/wp\/v2\/product_tag?post=5056"}],"curies":[{"name":"wp","href":"https:\/\/api.w.org\/{rel}","templated":true}]}}