{"id":499,"date":"2024-10-23T12:51:48","date_gmt":"2024-10-23T10:51:48","guid":{"rendered":"http:\/\/billigtrikots.com\/?post_type=product&#038;p=499"},"modified":"2024-10-23T12:53:44","modified_gmt":"2024-10-23T10:53:44","slug":"fc-barcelona-nelson-semedo-2-herren-2021-22-heimtrikot-langarm-kurze-hosen","status":"publish","type":"product","link":"https:\/\/www.billigtrikotde.com\/es\/fc-barcelona-nelson-semedo-2-herren-2021-22-heimtrikot-langarm-kurze-hosen\/","title":{"rendered":"FC Barcelona Nelson Semedo 2# Camiseta Home 2021\/22 Hombre Manga Larga + Pantal\u00f3n Corto"},"content":{"rendered":"<p>Muestra tu pertenencia a tu equipo con el modelo ligero en azul. La camiseta de Nike genera verdadera emoci\u00f3n. \u00a1No se puede pedir m\u00e1s apoyo! Con esta camiseta local del FC Barcelona ampl\u00edas tu colecci\u00f3n de fans con un art\u00edculo como el que llevan los jugadores en La Liga. Su funcionamiento s\u00faper c\u00f3modo, que absorbe el sudor, transpirable y ligero, hace que sea convincente. Con esta camiseta deportiva estar\u00e1s perfectamente equipado para cualquier entrenamiento. Se convierte en un absoluto punto culminante con el escudo del club en el pecho. Este elegante modelo es justo lo que buscas si est\u00e1s buscando una camiseta deportiva azul con estilo.<\/p>\n<p>Consejos para la impresi\u00f3n: Si el nombre y el n\u00famero que aparecen en la imagen son exactamente los que desea, no es necesario que los vuelva a introducir. En caso contrario, deber\u00e1 introducir el nombre y el n\u00famero que desee.<\/p>\n<p>Consejos de lavado: Se recomienda lavar las camisetas de f\u00fatbol a mano. Si desea utilizar la lavadora, recuerde poner las camisetas de f\u00fatbol del rev\u00e9s y luego lavarlas. Llena la lavadora con agua fr\u00eda y utiliza un ciclo delicado para proteger mejor los colores.<\/p>","protected":false},"excerpt":{"rendered":"<p>Zeige deine Zugeh\u00f6rigkeit zu deinem Team durch das leichte Modell in Blau. Das Nike Trikot sorgt f\u00fcr wahre Begeisterung. Mehr Support geht kaum! Mit diesem FC Barcelona-Heim-Trikot erweiterst du deine Fan-Kollektion um einen Artikel, wie ihn die Spieler in der Primera Division tragen. Die super bequeme, schwei\u00dfableitende, atmungsaktive und leichte Funktionsweise l\u00e4sst es \u00fcberzeugen. Mit [&hellip;]<\/p>","protected":false},"featured_media":537,"comment_status":"open","ping_status":"closed","template":"","meta":[],"product_brand":[],"product_cat":[31],"product_tag":[20,33,38,21,24],"class_list":{"0":"post-499","1":"product","2":"type-product","3":"status-publish","4":"has-post-thumbnail","6":"product_cat-fc-barcelona","7":"product_tag-coole-fussballtrikots","8":"product_tag-fc-barcelona-trikots","9":"product_tag-fussball-trikot-langarm","10":"product_tag-fussballtrikot-fuer-herren","11":"product_tag-guenstiges-fussballtrikot","13":"first","14":"instock","15":"shipping-taxable","16":"purchasable","17":"product-type-variable"},"_links":{"self":[{"href":"https:\/\/www.billigtrikotde.com\/es\/wp-json\/wp\/v2\/product\/499","targetHints":{"allow":["GET"]}}],"collection":[{"href":"https:\/\/www.billigtrikotde.com\/es\/wp-json\/wp\/v2\/product"}],"about":[{"href":"https:\/\/www.billigtrikotde.com\/es\/wp-json\/wp\/v2\/types\/product"}],"replies":[{"embeddable":true,"href":"https:\/\/www.billigtrikotde.com\/es\/wp-json\/wp\/v2\/comments?post=499"}],"wp:featuredmedia":[{"embeddable":true,"href":"https:\/\/www.billigtrikotde.com\/es\/wp-json\/wp\/v2\/media\/537"}],"wp:attachment":[{"href":"https:\/\/www.billigtrikotde.com\/es\/wp-json\/wp\/v2\/media?parent=499"}],"wp:term":[{"taxonomy":"product_brand","embeddable":true,"href":"https:\/\/www.billigtrikotde.com\/es\/wp-json\/wp\/v2\/product_brand?post=499"},{"taxonomy":"product_cat","embeddable":true,"href":"https:\/\/www.billigtrikotde.com\/es\/wp-json\/wp\/v2\/product_cat?post=499"},{"taxonomy":"product_tag","embeddable":true,"href":"https:\/\/www.billigtrikotde.com\/es\/wp-json\/wp\/v2\/product_tag?post=499"}],"curies":[{"name":"wp","href":"https:\/\/api.w.org\/{rel}","templated":true}]}}