{"id":4921,"date":"2024-10-23T16:13:24","date_gmt":"2024-10-23T14:13:24","guid":{"rendered":"http:\/\/billigtrikots.com\/?post_type=product&#038;p=4921"},"modified":"2024-10-23T16:15:43","modified_gmt":"2024-10-23T14:15:43","slug":"herren-trikotsatz-kurzarm-boca-juniors-drittes-fussballtrikot-gelb-2022","status":"publish","type":"product","link":"https:\/\/www.billigtrikotde.com\/es\/herren-trikotsatz-kurzarm-boca-juniors-drittes-fussballtrikot-gelb-2022\/","title":{"rendered":"Camiseta de F\u00fatbol Boca Juniors Tercera Manga Corta Hombre Amarillo 2022"},"content":{"rendered":"<p>80 a\u00f1os de una de las atm\u00f3sferas m\u00e1s impresionantes del f\u00fatbol profesional merecen un poco de reconocimiento, y adidas lo celebra adecuadamente con la tercera camiseta Boca Juniors 20\/21 que contiene un dise\u00f1o personalizado de La Bombonera, que aparece en el pecho y dice \u201cLa Bombonera, 80.\u00ba aniversario\u201d.<br \/>\nLa atrevida camiseta amarilla encaja bien con la apariencia del color en las camisetas de casa y de visitante, pero aqu\u00ed es el centro de atenci\u00f3n, con detalles azules que emergen a trav\u00e9s del cuello, las mangas, el patrocinador y el branding. Un dise\u00f1o azul-amarillo hecho a medida recorre las bandas laterales, mientras que el eslogan de Boca La Mitad +1 (\u00abmitad m\u00e1s uno\u00bb) se coloca en la parte superior de la espalda justo debajo del cuello para marcar de manera ordenada.<\/p>\n<p>Consejos para la impresi\u00f3n: Si el nombre y el n\u00famero que aparecen en la imagen son exactamente los que desea, no es necesario que los vuelva a introducir. En caso contrario, deber\u00e1 introducir el nombre y el n\u00famero que desee.<\/p>\n<p>Consejos de lavado: Se recomienda lavar las camisetas de f\u00fatbol a mano. Si desea utilizar la lavadora, recuerde poner las camisetas de f\u00fatbol del rev\u00e9s y luego lavarlas. Llena la lavadora con agua fr\u00eda y utiliza un ciclo delicado para proteger mejor los colores.<\/p>","protected":false},"excerpt":{"rendered":"<p>80 Jahre einer der beeindruckendsten Atmosph\u00e4ren im Profifu\u00dfball verdienen ein wenig Anerkennung, und adidas kommt dem geb\u00fchrend mit dem dritten Boca Juniors 20\/21 Trikot nach, das einen ma\u00dfgeschneiderten La Bombonera-Druck enth\u00e4lt, der auf der Brust erscheint und \u201eLa Bombonera, 80. Jahrestag\u201c. Das mutige gelbe Trikot passt gut zum Erscheinungsbild der Farbe auf den Heim- und [&hellip;]<\/p>","protected":false},"featured_media":4961,"comment_status":"open","ping_status":"closed","template":"","meta":[],"product_brand":[],"product_cat":[15],"product_tag":[20,208,207,21,22,23,24],"class_list":{"0":"post-4921","1":"product","2":"type-product","3":"status-publish","4":"has-post-thumbnail","6":"product_cat-unkategorisiert","7":"product_tag-coole-fussballtrikots","8":"product_tag-boca-juniors-heimtrikot","9":"product_tag-boca-juniors-trikots","10":"product_tag-fussballtrikot-fuer-herren","11":"product_tag-fussballtrikot-guenstig-kaufen","12":"product_tag-fussballtrikot-kurzarm","13":"product_tag-guenstiges-fussballtrikot","15":"first","16":"instock","17":"shipping-taxable","18":"purchasable","19":"product-type-variable"},"_links":{"self":[{"href":"https:\/\/www.billigtrikotde.com\/es\/wp-json\/wp\/v2\/product\/4921","targetHints":{"allow":["GET"]}}],"collection":[{"href":"https:\/\/www.billigtrikotde.com\/es\/wp-json\/wp\/v2\/product"}],"about":[{"href":"https:\/\/www.billigtrikotde.com\/es\/wp-json\/wp\/v2\/types\/product"}],"replies":[{"embeddable":true,"href":"https:\/\/www.billigtrikotde.com\/es\/wp-json\/wp\/v2\/comments?post=4921"}],"wp:featuredmedia":[{"embeddable":true,"href":"https:\/\/www.billigtrikotde.com\/es\/wp-json\/wp\/v2\/media\/4961"}],"wp:attachment":[{"href":"https:\/\/www.billigtrikotde.com\/es\/wp-json\/wp\/v2\/media?parent=4921"}],"wp:term":[{"taxonomy":"product_brand","embeddable":true,"href":"https:\/\/www.billigtrikotde.com\/es\/wp-json\/wp\/v2\/product_brand?post=4921"},{"taxonomy":"product_cat","embeddable":true,"href":"https:\/\/www.billigtrikotde.com\/es\/wp-json\/wp\/v2\/product_cat?post=4921"},{"taxonomy":"product_tag","embeddable":true,"href":"https:\/\/www.billigtrikotde.com\/es\/wp-json\/wp\/v2\/product_tag?post=4921"}],"curies":[{"name":"wp","href":"https:\/\/api.w.org\/{rel}","templated":true}]}}