{"id":4829,"date":"2024-10-23T16:08:49","date_gmt":"2024-10-23T14:08:49","guid":{"rendered":"http:\/\/billigtrikots.com\/?post_type=product&#038;p=4829"},"modified":"2024-10-23T16:10:58","modified_gmt":"2024-10-23T14:10:58","slug":"spanien-heimtrikot-home-em-2022-rot-kurzarm-kurze-hosen-m-llorente-6","status":"publish","type":"product","link":"https:\/\/www.billigtrikotde.com\/es\/spanien-heimtrikot-home-em-2022-rot-kurzarm-kurze-hosen-m-llorente-6\/","title":{"rendered":"Camiseta Espa\u00f1a EM 2022 Rojo Manga Corta + Pantal\u00f3n Corto M.LLORENTE 6"},"content":{"rendered":"<p>La nueva camiseta de la Eurocopa de Espa\u00f1a 2022 presenta un aspecto inusual, aunque mantiene los colores tradicionales rojo y amarillo. Seg\u00fan Adidas, la camiseta de f\u00fatbol de Espa\u00f1a 2022 tiene un \u00abdise\u00f1o pixelado inspirado en la bandera del pa\u00eds\u00bb. Esto da lugar a un patr\u00f3n de cuadros en diferentes tonos de rojo, que se extiende a las mangas de diferentes colores. Las tres franjas est\u00e1n en los hombros de la camiseta de la Eurocopa de Espa\u00f1a 2020, mientras que un cuello inspirado en los a\u00f1os 90 completa el dise\u00f1o.<\/p>\n<p>Consejos para la impresi\u00f3n: Si el nombre y el n\u00famero que aparecen en la imagen son exactamente los que desea, no es necesario que los vuelva a introducir. En caso contrario, deber\u00e1 introducir el nombre y el n\u00famero que desee.<\/p>\n<p>Consejos de lavado: Se recomienda lavar las camisetas de f\u00fatbol a mano. Si desea utilizar la lavadora, recuerde poner las camisetas de f\u00fatbol del rev\u00e9s y luego lavarlas. Llena la lavadora con agua fr\u00eda y utiliza un ciclo delicado para proteger mejor los colores.<\/p>","protected":false},"excerpt":{"rendered":"<p>Das neue Spanien Em 2022 Trikot f\u00fchrt einen ungew\u00f6hnlichen Look ein, obwohl es die traditionellen Farben Rot und Gelb aufweist.Laut Adidas weist das Spanien 2022 Fu\u00dfballtrikot ein \u201everpixeltes Design auf, das von der Landesflagge inspiriert ist\u201c. Dies f\u00fchrt zu einem Karo-Design in verschiedenen Rott\u00f6nen, die auf den unterschiedlich farbigen \u00c4rmeln fortgef\u00fchrt werden.Die Drei Streifen befinden [&hellip;]<\/p>","protected":false},"featured_media":4869,"comment_status":"open","ping_status":"closed","template":"","meta":[],"product_brand":[],"product_cat":[131],"product_tag":[20,21,22,23,24,132],"class_list":{"0":"post-4829","1":"product","2":"type-product","3":"status-publish","4":"has-post-thumbnail","6":"product_cat-spanien-trikots","7":"product_tag-coole-fussballtrikots","8":"product_tag-fussballtrikot-fuer-herren","9":"product_tag-fussballtrikot-guenstig-kaufen","10":"product_tag-fussballtrikot-kurzarm","11":"product_tag-guenstiges-fussballtrikot","12":"product_tag-spanien-heimtrikot","14":"first","15":"instock","16":"shipping-taxable","17":"purchasable","18":"product-type-variable"},"_links":{"self":[{"href":"https:\/\/www.billigtrikotde.com\/es\/wp-json\/wp\/v2\/product\/4829","targetHints":{"allow":["GET"]}}],"collection":[{"href":"https:\/\/www.billigtrikotde.com\/es\/wp-json\/wp\/v2\/product"}],"about":[{"href":"https:\/\/www.billigtrikotde.com\/es\/wp-json\/wp\/v2\/types\/product"}],"replies":[{"embeddable":true,"href":"https:\/\/www.billigtrikotde.com\/es\/wp-json\/wp\/v2\/comments?post=4829"}],"wp:featuredmedia":[{"embeddable":true,"href":"https:\/\/www.billigtrikotde.com\/es\/wp-json\/wp\/v2\/media\/4869"}],"wp:attachment":[{"href":"https:\/\/www.billigtrikotde.com\/es\/wp-json\/wp\/v2\/media?parent=4829"}],"wp:term":[{"taxonomy":"product_brand","embeddable":true,"href":"https:\/\/www.billigtrikotde.com\/es\/wp-json\/wp\/v2\/product_brand?post=4829"},{"taxonomy":"product_cat","embeddable":true,"href":"https:\/\/www.billigtrikotde.com\/es\/wp-json\/wp\/v2\/product_cat?post=4829"},{"taxonomy":"product_tag","embeddable":true,"href":"https:\/\/www.billigtrikotde.com\/es\/wp-json\/wp\/v2\/product_tag?post=4829"}],"curies":[{"name":"wp","href":"https:\/\/api.w.org\/{rel}","templated":true}]}}