{"id":4777,"date":"2024-10-23T16:06:30","date_gmt":"2024-10-23T14:06:30","guid":{"rendered":"http:\/\/billigtrikots.com\/?post_type=product&#038;p=4777"},"modified":"2024-10-23T16:08:39","modified_gmt":"2024-10-23T14:08:39","slug":"spanien-auswaertstrikot-em-2021-weiss-kurzarm-kurze-hosen-jordi-alba-18","status":"publish","type":"product","link":"https:\/\/www.billigtrikotde.com\/es\/spanien-auswaertstrikot-em-2021-weiss-kurzarm-kurze-hosen-jordi-alba-18\/","title":{"rendered":"Equipaci\u00f3n de Espa\u00f1a Eurocopa 2021 blanca manga corta + pantal\u00f3n JORDI ALBA 18"},"content":{"rendered":"<p>Apoya a tu equipo en los buenos y en los malos momentos con este modelo transpirable en color blanco. Sin duda, la elecci\u00f3n perfecta: la camiseta de adidas. Como aut\u00e9ntico fan de Espa\u00f1a, necesitas esta camiseta visitante que los jugadores llevar\u00e1n en la Eurocopa. Convence por su comodidad, transpirabilidad y ligereza. La alta durabilidad est\u00e1 garantizada. El logotipo de la asociaci\u00f3n en el pecho acent\u00faa el magn\u00edfico aspecto de esta camiseta. Equipado con esta camiseta, podr\u00e1s mostrar tu esp\u00edritu de equipo y lucir una figura deportiva all\u00e1 donde vayas.<\/p>\n<p>Algunos momentos permanecen en la memoria para siempre. Seguro que todos los aficionados espa\u00f1oles recuerdan la emoci\u00f3n de la victoria y la lluvia de confeti cuando la selecci\u00f3n levant\u00f3 el trofeo en Sud\u00e1frica. La camiseta visitante retoma esta imagen con un dise\u00f1o abstracto pintado a mano. Adem\u00e1s, el material suave y de secado r\u00e1pido garantiza una sensaci\u00f3n de comodidad en el campo o en el estadio. El logotipo tejido de la asociaci\u00f3n en el pecho muestra por qu\u00e9 equipo late tu coraz\u00f3n.<\/p>\n<p>Consejos para la impresi\u00f3n: Si el nombre y el n\u00famero que aparecen en la imagen son exactamente los que desea, no es necesario que los vuelva a introducir. En caso contrario, deber\u00e1 introducir el nombre y el n\u00famero que desee.<\/p>\n<p>Consejos de lavado: Se recomienda lavar las camisetas de f\u00fatbol a mano. Si desea utilizar la lavadora, recuerde poner las camisetas de f\u00fatbol del rev\u00e9s y luego lavarlas. Llena la lavadora con agua fr\u00eda y utiliza un ciclo delicado para proteger mejor los colores.<\/p>","protected":false},"excerpt":{"rendered":"<p>Du unterst\u00fctzt dein Team in guten wie in schlechten Zeiten mit dem atmungsaktiven Modell in Wei\u00df. Sicher die perfekte Entscheidung \u2013 das Trikot von adidas. Als echter Spanien-Fan brauchst du dieses Ausw\u00e4rts-Trikot, das die Spieler bei der Europameisterschaft tragen. Die bequeme, schwei\u00dfableitende, atmungsaktive und leichte Funktionsweise l\u00e4sst es \u00fcberzeugen. Eine hohe Haltbarkeit wird dir geboten. [&hellip;]<\/p>","protected":false},"featured_media":4811,"comment_status":"open","ping_status":"closed","template":"","meta":[],"product_brand":[],"product_cat":[131],"product_tag":[20,21,22,23,24,132],"class_list":{"0":"post-4777","1":"product","2":"type-product","3":"status-publish","4":"has-post-thumbnail","6":"product_cat-spanien-trikots","7":"product_tag-coole-fussballtrikots","8":"product_tag-fussballtrikot-fuer-herren","9":"product_tag-fussballtrikot-guenstig-kaufen","10":"product_tag-fussballtrikot-kurzarm","11":"product_tag-guenstiges-fussballtrikot","12":"product_tag-spanien-heimtrikot","14":"first","15":"instock","16":"shipping-taxable","17":"purchasable","18":"product-type-variable"},"_links":{"self":[{"href":"https:\/\/www.billigtrikotde.com\/es\/wp-json\/wp\/v2\/product\/4777","targetHints":{"allow":["GET"]}}],"collection":[{"href":"https:\/\/www.billigtrikotde.com\/es\/wp-json\/wp\/v2\/product"}],"about":[{"href":"https:\/\/www.billigtrikotde.com\/es\/wp-json\/wp\/v2\/types\/product"}],"replies":[{"embeddable":true,"href":"https:\/\/www.billigtrikotde.com\/es\/wp-json\/wp\/v2\/comments?post=4777"}],"wp:featuredmedia":[{"embeddable":true,"href":"https:\/\/www.billigtrikotde.com\/es\/wp-json\/wp\/v2\/media\/4811"}],"wp:attachment":[{"href":"https:\/\/www.billigtrikotde.com\/es\/wp-json\/wp\/v2\/media?parent=4777"}],"wp:term":[{"taxonomy":"product_brand","embeddable":true,"href":"https:\/\/www.billigtrikotde.com\/es\/wp-json\/wp\/v2\/product_brand?post=4777"},{"taxonomy":"product_cat","embeddable":true,"href":"https:\/\/www.billigtrikotde.com\/es\/wp-json\/wp\/v2\/product_cat?post=4777"},{"taxonomy":"product_tag","embeddable":true,"href":"https:\/\/www.billigtrikotde.com\/es\/wp-json\/wp\/v2\/product_tag?post=4777"}],"curies":[{"name":"wp","href":"https:\/\/api.w.org\/{rel}","templated":true}]}}