{"id":4721,"date":"2024-10-23T16:03:38","date_gmt":"2024-10-23T14:03:38","guid":{"rendered":"http:\/\/billigtrikots.com\/?post_type=product&#038;p=4721"},"modified":"2024-10-23T16:05:48","modified_gmt":"2024-10-23T14:05:48","slug":"neue-manchester-city-21-22-drittes-trikot-mit-aufdruck-g-jesus-9","status":"publish","type":"product","link":"https:\/\/www.billigtrikotde.com\/es\/neue-manchester-city-21-22-drittes-trikot-mit-aufdruck-g-jesus-9\/","title":{"rendered":"Nueva Manchester City 21-22 tercera camiseta con la impresi\u00f3n G.JESUS 9"},"content":{"rendered":"<p>Basada en el dise\u00f1o aerodin\u00e1mico de la tercera camiseta Puma 21-22, la tercera camiseta Puma Manchester City 21-22 presenta el nombre del club en lugar del escudo, con las letras Man City en la parte delantera rodeadas por dos l\u00edneas azul cielo. Todos los dem\u00e1s logotipos son blancos y se aplica un sutil patr\u00f3n de escudo a toda la camiseta, mientras que el escudo tambi\u00e9n se puede ver en la parte superior de la espalda justo debajo del cuello.<\/p>\n<p>Consejos para la impresi\u00f3n: Si el nombre y el n\u00famero que aparecen en la imagen son exactamente los que desea, no es necesario que los vuelva a introducir. En caso contrario, deber\u00e1 introducir el nombre y el n\u00famero que desee.<\/p>\n<p>Consejos de lavado: Se recomienda lavar las camisetas de f\u00fatbol a mano. Si desea utilizar la lavadora, recuerde poner las camisetas de f\u00fatbol del rev\u00e9s y luego lavarlas. Llena la lavadora con agua fr\u00eda y utiliza un ciclo delicado para proteger mejor los colores.<\/p>","protected":false},"excerpt":{"rendered":"<p>Basierend auf dem stromlinienf\u00f6rmigen Puma 21-22 dritten Trikot Design, zeigt das Puma Manchester City 21-22 dritte Trikot den Vereinsnamen anstelle des Wappens.Auf der Vorderseite befindet sich der Schriftzug Man City, umgeben von zwei himmelblauen Linien. Alle anderen Logos sind wei\u00df.Ein dezentes Wappenmuster ist auf dem gesamten Trikot angebracht, w\u00e4hrend das Abzeichen auch auf dem oberen [&hellip;]<\/p>","protected":false},"featured_media":4761,"comment_status":"open","ping_status":"closed","template":"","meta":[],"product_brand":[],"product_cat":[82],"product_tag":[20,21,22,23,24,233,83,84],"class_list":{"0":"post-4721","1":"product","2":"type-product","3":"status-publish","4":"has-post-thumbnail","6":"product_cat-manchester-city","7":"product_tag-coole-fussballtrikots","8":"product_tag-fussballtrikot-fuer-herren","9":"product_tag-fussballtrikot-guenstig-kaufen","10":"product_tag-fussballtrikot-kurzarm","11":"product_tag-guenstiges-fussballtrikot","12":"product_tag-manchester-city-21-22-drittes-trikot","13":"product_tag-manchester-city-auswaertstrikot","14":"product_tag-manchester-city-trikots","16":"first","17":"instock","18":"shipping-taxable","19":"purchasable","20":"product-type-variable"},"_links":{"self":[{"href":"https:\/\/www.billigtrikotde.com\/es\/wp-json\/wp\/v2\/product\/4721","targetHints":{"allow":["GET"]}}],"collection":[{"href":"https:\/\/www.billigtrikotde.com\/es\/wp-json\/wp\/v2\/product"}],"about":[{"href":"https:\/\/www.billigtrikotde.com\/es\/wp-json\/wp\/v2\/types\/product"}],"replies":[{"embeddable":true,"href":"https:\/\/www.billigtrikotde.com\/es\/wp-json\/wp\/v2\/comments?post=4721"}],"wp:featuredmedia":[{"embeddable":true,"href":"https:\/\/www.billigtrikotde.com\/es\/wp-json\/wp\/v2\/media\/4761"}],"wp:attachment":[{"href":"https:\/\/www.billigtrikotde.com\/es\/wp-json\/wp\/v2\/media?parent=4721"}],"wp:term":[{"taxonomy":"product_brand","embeddable":true,"href":"https:\/\/www.billigtrikotde.com\/es\/wp-json\/wp\/v2\/product_brand?post=4721"},{"taxonomy":"product_cat","embeddable":true,"href":"https:\/\/www.billigtrikotde.com\/es\/wp-json\/wp\/v2\/product_cat?post=4721"},{"taxonomy":"product_tag","embeddable":true,"href":"https:\/\/www.billigtrikotde.com\/es\/wp-json\/wp\/v2\/product_tag?post=4721"}],"curies":[{"name":"wp","href":"https:\/\/api.w.org\/{rel}","templated":true}]}}