{"id":471,"date":"2024-10-23T12:50:40","date_gmt":"2024-10-23T10:50:40","guid":{"rendered":"http:\/\/billigtrikots.com\/?post_type=product&#038;p=471"},"modified":"2024-10-23T12:52:13","modified_gmt":"2024-10-23T10:52:13","slug":"fc-barcelona-herren-3rd-trikot-2021-22-dunkelblau-gelb-mit-aufdruck-jordi-alba-18","status":"publish","type":"product","link":"https:\/\/www.billigtrikotde.com\/es\/fc-barcelona-herren-3rd-trikot-2021-22-dunkelblau-gelb-mit-aufdruck-jordi-alba-18\/","title":{"rendered":"Camiseta tercera del FC Barcelona de caballero 2021\/22 azul marino\/amarillo con impresi\u00f3n Jordi Alba 18"},"content":{"rendered":"<p>Al igual que otras camisetas de nuestra colecci\u00f3n Stadium, la camiseta del FC Barcelona combina detalles de dise\u00f1o de r\u00e9plica con tejido que absorbe el sudor para ofrecerte un look listo para el partido inspirado en tu equipo favorito.<\/p>\n<p>Este producto est\u00e1 fabricado al 100 % con fibras de poli\u00e9ster recicladas. Material transpirable con tecnolog\u00eda Nike Dri-FIT que aleja el sudor de tu piel para que se evapore m\u00e1s r\u00e1pido y te mantenga seco y c\u00f3modo.<\/p>\n<p>El dise\u00f1o de r\u00e9plica est\u00e1 inspirado en lo que llevan los profesionales en el campo.<\/p>\n<p>Consejos para la impresi\u00f3n: Si el nombre y el n\u00famero que aparecen en la imagen son exactamente los que desea, no es necesario que los vuelva a introducir. En caso contrario, deber\u00e1 introducir el nombre y el n\u00famero que desee.<\/p>\n<p>Consejos de lavado: Se recomienda lavar las camisetas de f\u00fatbol a mano. Si desea utilizar la lavadora, recuerde poner las camisetas de f\u00fatbol del rev\u00e9s y luego lavarlas. Llena la lavadora con agua fr\u00eda y utiliza un ciclo delicado para proteger mejor los colores.<\/p>","protected":false},"excerpt":{"rendered":"<p>Wie andere Trikots aus unserer Stadion-Kollektion kombiniert das FC Barcelona Trikot nachgebildete Designdetails mit schwei\u00dfableitendem Material, um dir einen spielbereiten Look zu verleihen, der von deiner Lieblingsmannschaft inspiriert wurde. Dieses Produkt besteht zu 100 % aus recycelten Polyesterfasern. Atmungsaktives Material mit Nike Dri-FIT-Technologie leitet Schwei\u00df von deiner Haut weg, damit es schneller verdunstet und du [&hellip;]<\/p>","protected":false},"featured_media":502,"comment_status":"open","ping_status":"closed","template":"","meta":[],"product_brand":[],"product_cat":[31],"product_tag":[20,37,33,21,22,23,24],"class_list":{"0":"post-471","1":"product","2":"type-product","3":"status-publish","4":"has-post-thumbnail","6":"product_cat-fc-barcelona","7":"product_tag-coole-fussballtrikots","8":"product_tag-fc-barcelona-ausweichtrikot","9":"product_tag-fc-barcelona-trikots","10":"product_tag-fussballtrikot-fuer-herren","11":"product_tag-fussballtrikot-guenstig-kaufen","12":"product_tag-fussballtrikot-kurzarm","13":"product_tag-guenstiges-fussballtrikot","15":"first","16":"instock","17":"shipping-taxable","18":"purchasable","19":"product-type-variable"},"_links":{"self":[{"href":"https:\/\/www.billigtrikotde.com\/es\/wp-json\/wp\/v2\/product\/471","targetHints":{"allow":["GET"]}}],"collection":[{"href":"https:\/\/www.billigtrikotde.com\/es\/wp-json\/wp\/v2\/product"}],"about":[{"href":"https:\/\/www.billigtrikotde.com\/es\/wp-json\/wp\/v2\/types\/product"}],"replies":[{"embeddable":true,"href":"https:\/\/www.billigtrikotde.com\/es\/wp-json\/wp\/v2\/comments?post=471"}],"wp:featuredmedia":[{"embeddable":true,"href":"https:\/\/www.billigtrikotde.com\/es\/wp-json\/wp\/v2\/media\/502"}],"wp:attachment":[{"href":"https:\/\/www.billigtrikotde.com\/es\/wp-json\/wp\/v2\/media?parent=471"}],"wp:term":[{"taxonomy":"product_brand","embeddable":true,"href":"https:\/\/www.billigtrikotde.com\/es\/wp-json\/wp\/v2\/product_brand?post=471"},{"taxonomy":"product_cat","embeddable":true,"href":"https:\/\/www.billigtrikotde.com\/es\/wp-json\/wp\/v2\/product_cat?post=471"},{"taxonomy":"product_tag","embeddable":true,"href":"https:\/\/www.billigtrikotde.com\/es\/wp-json\/wp\/v2\/product_tag?post=471"}],"curies":[{"name":"wp","href":"https:\/\/api.w.org\/{rel}","templated":true}]}}