{"id":4699,"date":"2024-10-23T16:02:30","date_gmt":"2024-10-23T14:02:30","guid":{"rendered":"http:\/\/billigtrikots.com\/?post_type=product&#038;p=4699"},"modified":"2024-10-23T16:04:40","modified_gmt":"2024-10-23T14:04:40","slug":"guenstige-fussballtrikots-brighton-hove-albion-21-22-trikot-blau-und-weiss","status":"publish","type":"product","link":"https:\/\/www.billigtrikotde.com\/es\/guenstige-fussballtrikots-brighton-hove-albion-21-22-trikot-blau-und-weiss\/","title":{"rendered":"Camisetas F\u00fatbol Baratas Brighton &amp; Hove Albion 21-22 Jersey Azul y Blanco"},"content":{"rendered":"<p>La camiseta de Brighton &amp; Hove Albion 2021-2022 se present\u00f3 esta noche, a tiempo para su debut en el partido de casa de la Premier League contra el Manchester City. La camiseta Nike Brighton &amp; Hove Albion 21-22, tras la apariencia de rayas finas de la 20-21, devuelve las rayas tradicionales. Hay cinco rayas azules y cuatro blancas en la parte frontal, las mangas y la parte inferior de la espalda de la camiseta de f\u00fatbol Nike Brighton &amp; Hove Albion 2021-2022.<br \/>\nEl azul y blanco se combina con el amarillo, que se utiliza para el Swoosh as\u00ed como para las l\u00edneas laterales y los detalles en el cuello, incluyendo el texto 10 Years at the Amex, que celebra el d\u00e9cimo aniversario de la apertura del estadio en 2011.<\/p>\n<p>Consejos para la impresi\u00f3n: Si el nombre y el n\u00famero que aparecen en la imagen son exactamente los que desea, no es necesario que los vuelva a introducir. En caso contrario, deber\u00e1 introducir el nombre y el n\u00famero que desee.<\/p>\n<p>Consejos de lavado: Se recomienda lavar las camisetas de f\u00fatbol a mano. Si desea utilizar la lavadora, recuerde poner las camisetas de f\u00fatbol del rev\u00e9s y luego lavarlas. Llena la lavadora con agua fr\u00eda y utiliza un ciclo delicado para proteger mejor los colores.<\/p>","protected":false},"excerpt":{"rendered":"<p>Das Trikot von Brighton &amp; Hove Albion 2021-2022 wurde heute Abend pr\u00e4sentiert, p\u00fcnktlich zum Deb\u00fct im Premier League Heimspiel gegen Manchester City.Das Nike Brighton &amp; Hove Albion 21-22 Trikot bringt nach dem 20-21 Nadelstreifen-Look die traditionellen Streifen zur\u00fcck. Es gibt f\u00fcnf blaue und vier wei\u00dfe Streifen auf der Vorderseite, den \u00c4rmeln und dem unteren R\u00fccken [&hellip;]<\/p>","protected":false},"featured_media":4738,"comment_status":"open","ping_status":"closed","template":"","meta":[],"product_brand":[],"product_cat":[15],"product_tag":[20,232,35,21,23,24],"class_list":{"0":"post-4699","1":"product","2":"type-product","3":"status-publish","4":"has-post-thumbnail","6":"product_cat-unkategorisiert","7":"product_tag-coole-fussballtrikots","8":"product_tag-brighton-hove-albion-21-22-trikot","9":"product_tag-fussball-torwarttrikots","10":"product_tag-fussballtrikot-fuer-herren","11":"product_tag-fussballtrikot-kurzarm","12":"product_tag-guenstiges-fussballtrikot","14":"first","15":"instock","16":"shipping-taxable","17":"purchasable","18":"product-type-variable"},"_links":{"self":[{"href":"https:\/\/www.billigtrikotde.com\/es\/wp-json\/wp\/v2\/product\/4699","targetHints":{"allow":["GET"]}}],"collection":[{"href":"https:\/\/www.billigtrikotde.com\/es\/wp-json\/wp\/v2\/product"}],"about":[{"href":"https:\/\/www.billigtrikotde.com\/es\/wp-json\/wp\/v2\/types\/product"}],"replies":[{"embeddable":true,"href":"https:\/\/www.billigtrikotde.com\/es\/wp-json\/wp\/v2\/comments?post=4699"}],"wp:featuredmedia":[{"embeddable":true,"href":"https:\/\/www.billigtrikotde.com\/es\/wp-json\/wp\/v2\/media\/4738"}],"wp:attachment":[{"href":"https:\/\/www.billigtrikotde.com\/es\/wp-json\/wp\/v2\/media?parent=4699"}],"wp:term":[{"taxonomy":"product_brand","embeddable":true,"href":"https:\/\/www.billigtrikotde.com\/es\/wp-json\/wp\/v2\/product_brand?post=4699"},{"taxonomy":"product_cat","embeddable":true,"href":"https:\/\/www.billigtrikotde.com\/es\/wp-json\/wp\/v2\/product_cat?post=4699"},{"taxonomy":"product_tag","embeddable":true,"href":"https:\/\/www.billigtrikotde.com\/es\/wp-json\/wp\/v2\/product_tag?post=4699"}],"curies":[{"name":"wp","href":"https:\/\/api.w.org\/{rel}","templated":true}]}}