{"id":4662,"date":"2024-10-23T16:00:49","date_gmt":"2024-10-23T14:00:49","guid":{"rendered":"http:\/\/billigtrikots.com\/?post_type=product&#038;p=4662"},"modified":"2024-10-23T16:02:56","modified_gmt":"2024-10-23T14:02:56","slug":"lafc-los-angeles-fc-2022-23-home-kit-black-gold","status":"publish","type":"product","link":"https:\/\/www.billigtrikotde.com\/es\/lafc-los-angeles-fc-2022-23-home-kit-black-gold\/","title":{"rendered":"LAFC Los Angeles FC 2022-23 Home Kit Negro Oro"},"content":{"rendered":"<p>La camiseta local LAFC 2022 de Adidas es principalmente negra con logotipos dorados y rayas de Adidas. El logotipo de Adidas y el escudo del club se colocar\u00e1n ambos en el centro de la zona del pecho, con Adidas en la parte superior.<\/p>\n<p>La caracter\u00edstica principal de la camiseta local de Los \u00c1ngeles FC 2022 es un patr\u00f3n Art Deco personalizado que aparece a lo largo del frente y de las mangas.<\/p>\n<p>Tambi\u00e9n podemos ver que Target, el patrocinador de la manga de LAFC, vuelve a permitir amablemente que su logotipo se recoloree en negro y dorado.<\/p>\n<p>Los pantalones cortos negros y las medias completan la imagen del nuevo conjunto local de LAFC 2022 de Adidas.<\/p>","protected":false},"excerpt":{"rendered":"<p>The Adidas LAFC 2022 home shirt is mainly black with gold logos and Adidas stripes. The Adidas logo and club crest will both be placed in the center of the chest area, with Adidas on top. The main feature of the Los Angeles FC 2022 home jersey is a bespoke Art Deco pattern that appears [&hellip;]<\/p>","protected":false},"featured_media":4701,"comment_status":"open","ping_status":"closed","template":"","meta":[],"product_brand":[],"product_cat":[196],"product_tag":[20,21,22,23,24,197,198,199],"class_list":{"0":"post-4662","1":"product","2":"type-product","3":"status-publish","4":"has-post-thumbnail","6":"product_cat-los-angeles-fc","7":"product_tag-coole-fussballtrikots","8":"product_tag-fussballtrikot-fuer-herren","9":"product_tag-fussballtrikot-guenstig-kaufen","10":"product_tag-fussballtrikot-kurzarm","11":"product_tag-guenstiges-fussballtrikot","12":"product_tag-lafc-jerseys","13":"product_tag-los-angeles-fc-home-replica-jersey","14":"product_tag-replica-jersey","16":"first","17":"instock","18":"shipping-taxable","19":"purchasable","20":"product-type-variable"},"_links":{"self":[{"href":"https:\/\/www.billigtrikotde.com\/es\/wp-json\/wp\/v2\/product\/4662","targetHints":{"allow":["GET"]}}],"collection":[{"href":"https:\/\/www.billigtrikotde.com\/es\/wp-json\/wp\/v2\/product"}],"about":[{"href":"https:\/\/www.billigtrikotde.com\/es\/wp-json\/wp\/v2\/types\/product"}],"replies":[{"embeddable":true,"href":"https:\/\/www.billigtrikotde.com\/es\/wp-json\/wp\/v2\/comments?post=4662"}],"wp:featuredmedia":[{"embeddable":true,"href":"https:\/\/www.billigtrikotde.com\/es\/wp-json\/wp\/v2\/media\/4701"}],"wp:attachment":[{"href":"https:\/\/www.billigtrikotde.com\/es\/wp-json\/wp\/v2\/media?parent=4662"}],"wp:term":[{"taxonomy":"product_brand","embeddable":true,"href":"https:\/\/www.billigtrikotde.com\/es\/wp-json\/wp\/v2\/product_brand?post=4662"},{"taxonomy":"product_cat","embeddable":true,"href":"https:\/\/www.billigtrikotde.com\/es\/wp-json\/wp\/v2\/product_cat?post=4662"},{"taxonomy":"product_tag","embeddable":true,"href":"https:\/\/www.billigtrikotde.com\/es\/wp-json\/wp\/v2\/product_tag?post=4662"}],"curies":[{"name":"wp","href":"https:\/\/api.w.org\/{rel}","templated":true}]}}