{"id":457,"date":"2024-10-23T12:50:06","date_gmt":"2024-10-23T10:50:06","guid":{"rendered":"http:\/\/billigtrikots.com\/?post_type=product&#038;p=457"},"modified":"2024-10-23T12:51:39","modified_gmt":"2024-10-23T10:51:39","slug":"fc-barcelona-herren-3rd-trikot-2021-22-in-blau-mit-aufdruck-rafinha-12","status":"publish","type":"product","link":"https:\/\/www.billigtrikotde.com\/es\/fc-barcelona-herren-3rd-trikot-2021-22-in-blau-mit-aufdruck-rafinha-12\/","title":{"rendered":"Camiseta tercera del FC Barcelona de caballero 2021\/22 en azul con impresi\u00f3n RAFINHA 12"},"content":{"rendered":"<p>Das Sportshirt von Nike in Blau l\u00e4sst dich die Farben deines Lieblingsclubs tragen und allen zeigen, wof\u00fcr dein Herz schl\u00e4gt. Als echter FC Barcelona-Fan brauchst du dieses Ausweich-Sportshirt, das die Spieler in der Primera Division tragen. Das atmungsaktive, leichte, schwei\u00dfableitende und bequeme Modell \u00fcberzeugt auf ganzer Linie. Es besticht optisch mit einem Vereinswappen auf der Brust. Mit diesem Shirt kannst du noch leistungsf\u00e4higer werden und dich auf das n\u00e4chste Spiel vorbereiten. Lasse dieses blaue Trikot mit Streifen-Muster zu deinem treuen Begleiter werden.<\/p>\n<p>Consejos para la impresi\u00f3n: Si el nombre y el n\u00famero que aparecen en la imagen son exactamente los que desea, no es necesario que los vuelva a introducir. En caso contrario, deber\u00e1 introducir el nombre y el n\u00famero que desee.<\/p>\n<p>Consejos de lavado: Se recomienda lavar las camisetas de f\u00fatbol a mano. Si desea utilizar la lavadora, recuerde poner las camisetas de f\u00fatbol del rev\u00e9s y luego lavarlas. Llena la lavadora con agua fr\u00eda y utiliza un ciclo delicado para proteger mejor los colores.<\/p>","protected":false},"excerpt":{"rendered":"<p>La camiseta deportiva de Nike en azul te permite lucir los colores de tu club favorito y mostrar a todos por qu\u00e9 late tu coraz\u00f3n. Como verdadero fan del FC Barcelona, necesitas esta camiseta de reserva que llevan los jugadores en la Primera Divisi\u00f3n. El modelo transpirable, ligero, que absorbe el sudor y c\u00f3modo, impresiona en todos los aspectos. Destaca visualmente con un escudo del club en la [\u2026]<\/p>","protected":false},"featured_media":489,"comment_status":"open","ping_status":"closed","template":"","meta":[],"product_brand":[],"product_cat":[31],"product_tag":[20,37,33,21,22,23,24],"class_list":{"0":"post-457","1":"product","2":"type-product","3":"status-publish","4":"has-post-thumbnail","6":"product_cat-fc-barcelona","7":"product_tag-coole-fussballtrikots","8":"product_tag-fc-barcelona-ausweichtrikot","9":"product_tag-fc-barcelona-trikots","10":"product_tag-fussballtrikot-fuer-herren","11":"product_tag-fussballtrikot-guenstig-kaufen","12":"product_tag-fussballtrikot-kurzarm","13":"product_tag-guenstiges-fussballtrikot","15":"first","16":"instock","17":"shipping-taxable","18":"purchasable","19":"product-type-variable"},"_links":{"self":[{"href":"https:\/\/www.billigtrikotde.com\/es\/wp-json\/wp\/v2\/product\/457","targetHints":{"allow":["GET"]}}],"collection":[{"href":"https:\/\/www.billigtrikotde.com\/es\/wp-json\/wp\/v2\/product"}],"about":[{"href":"https:\/\/www.billigtrikotde.com\/es\/wp-json\/wp\/v2\/types\/product"}],"replies":[{"embeddable":true,"href":"https:\/\/www.billigtrikotde.com\/es\/wp-json\/wp\/v2\/comments?post=457"}],"wp:featuredmedia":[{"embeddable":true,"href":"https:\/\/www.billigtrikotde.com\/es\/wp-json\/wp\/v2\/media\/489"}],"wp:attachment":[{"href":"https:\/\/www.billigtrikotde.com\/es\/wp-json\/wp\/v2\/media?parent=457"}],"wp:term":[{"taxonomy":"product_brand","embeddable":true,"href":"https:\/\/www.billigtrikotde.com\/es\/wp-json\/wp\/v2\/product_brand?post=457"},{"taxonomy":"product_cat","embeddable":true,"href":"https:\/\/www.billigtrikotde.com\/es\/wp-json\/wp\/v2\/product_cat?post=457"},{"taxonomy":"product_tag","embeddable":true,"href":"https:\/\/www.billigtrikotde.com\/es\/wp-json\/wp\/v2\/product_tag?post=457"}],"curies":[{"name":"wp","href":"https:\/\/api.w.org\/{rel}","templated":true}]}}