{"id":4519,"date":"2024-10-23T15:53:53","date_gmt":"2024-10-23T13:53:53","guid":{"rendered":"http:\/\/billigtrikots.com\/?post_type=product&#038;p=4519"},"modified":"2024-10-23T15:56:01","modified_gmt":"2024-10-23T13:56:01","slug":"neue-dfb-deutschlands-wm-trikot-2022-football-shirt-mit-aufdruck-reus-11","status":"publish","type":"product","link":"https:\/\/www.billigtrikotde.com\/es\/neue-dfb-deutschlands-wm-trikot-2022-football-shirt-mit-aufdruck-reus-11\/","title":{"rendered":"Nueva camiseta de f\u00fatbol de la DFB Alemania 2022 con estampado REUS 11"},"content":{"rendered":"<p>La nueva camiseta de Alemania 2022 tendr\u00e1 un color base blanco con un estampado en zigzag gris en la parte delantera. El emblema de la DFB ser\u00e1 dorado y negro, el logotipo de adidas y las cuatro estrellas, as\u00ed como los extremos de las mangas y los hombros ser\u00e1n dorados.<br \/>\nConsejos para la impresi\u00f3n: Si el nombre y el n\u00famero que aparecen en la imagen son exactamente los que desea, no es necesario que los vuelva a introducir. En caso contrario, deber\u00e1 introducir el nombre y el n\u00famero que desee.<\/p>\n<p>Consejos de lavado: Se recomienda lavar las camisetas de f\u00fatbol a mano. Si desea utilizar la lavadora, recuerde poner las camisetas de f\u00fatbol del rev\u00e9s y luego lavarlas. Llena la lavadora con agua fr\u00eda y utiliza un ciclo delicado para proteger mejor los colores.<\/p>","protected":false},"excerpt":{"rendered":"<p>Una base blanca con patrones en zig-zag grises en la parte frontal debe ser la nueva camiseta de Alemania 2022. El dorado y negro ser\u00e1n el emblema de la DFB, dorado el logotipo de Adidas y las cuatro estrellas, as\u00ed como los extremos de las mangas y los hombros. Consejos de impresi\u00f3n: si el nombre y el n\u00famero en la imagen coinciden exactamente con tus deseos, no necesitas volver a introducirlos. Si [\u2026].<\/p>","protected":false},"featured_media":4553,"comment_status":"open","ping_status":"closed","template":"","meta":[],"product_brand":[],"product_cat":[170],"product_tag":[20,212,172,213,21,22,23,24],"class_list":{"0":"post-4519","1":"product","2":"type-product","3":"status-publish","4":"has-post-thumbnail","6":"product_cat-deutschland-trikots","7":"product_tag-coole-fussballtrikots","8":"product_tag-deutschland-heimtrikot","9":"product_tag-deutschland-trikots","10":"product_tag-fussball-wm-2022","11":"product_tag-fussballtrikot-fuer-herren","12":"product_tag-fussballtrikot-guenstig-kaufen","13":"product_tag-fussballtrikot-kurzarm","14":"product_tag-guenstiges-fussballtrikot","16":"first","17":"instock","18":"shipping-taxable","19":"purchasable","20":"product-type-variable"},"_links":{"self":[{"href":"https:\/\/www.billigtrikotde.com\/es\/wp-json\/wp\/v2\/product\/4519","targetHints":{"allow":["GET"]}}],"collection":[{"href":"https:\/\/www.billigtrikotde.com\/es\/wp-json\/wp\/v2\/product"}],"about":[{"href":"https:\/\/www.billigtrikotde.com\/es\/wp-json\/wp\/v2\/types\/product"}],"replies":[{"embeddable":true,"href":"https:\/\/www.billigtrikotde.com\/es\/wp-json\/wp\/v2\/comments?post=4519"}],"wp:featuredmedia":[{"embeddable":true,"href":"https:\/\/www.billigtrikotde.com\/es\/wp-json\/wp\/v2\/media\/4553"}],"wp:attachment":[{"href":"https:\/\/www.billigtrikotde.com\/es\/wp-json\/wp\/v2\/media?parent=4519"}],"wp:term":[{"taxonomy":"product_brand","embeddable":true,"href":"https:\/\/www.billigtrikotde.com\/es\/wp-json\/wp\/v2\/product_brand?post=4519"},{"taxonomy":"product_cat","embeddable":true,"href":"https:\/\/www.billigtrikotde.com\/es\/wp-json\/wp\/v2\/product_cat?post=4519"},{"taxonomy":"product_tag","embeddable":true,"href":"https:\/\/www.billigtrikotde.com\/es\/wp-json\/wp\/v2\/product_tag?post=4519"}],"curies":[{"name":"wp","href":"https:\/\/api.w.org\/{rel}","templated":true}]}}