{"id":4473,"date":"2024-10-23T15:51:35","date_gmt":"2024-10-23T13:51:35","guid":{"rendered":"http:\/\/billigtrikots.com\/?post_type=product&#038;p=4473"},"modified":"2024-10-23T15:53:48","modified_gmt":"2024-10-23T13:53:48","slug":"fc-bayern-muenchen2022-2023-heimtrikot-herren-mit-aufdruck-alaba-27","status":"publish","type":"product","link":"https:\/\/www.billigtrikotde.com\/es\/fc-bayern-muenchen2022-2023-heimtrikot-herren-mit-aufdruck-alaba-27\/","title":{"rendered":"FC Bayern M\u00fcnchen2022-2023 Home Jersey Hombre con impresi\u00f3n Alaba 27"},"content":{"rendered":"<p>La nueva camiseta 22-23 del Bayern de M\u00fanich tiene un dise\u00f1o \u00fanico de franjas en la parte delantera. Consiste en rayas blancas de diferentes tama\u00f1os que se asemejan un poco a un c\u00f3digo de barras. En total hay 21 franjas en la parte delantera. La nueva camiseta del Bayern 22-23 tambi\u00e9n trae un cambio de color: despu\u00e9s de que la camiseta 21-22 fuera en dos tonos de gris, la camiseta Adidas del Bayern de M\u00fanich 2022-2023 vuelve al rojo tradicional.<\/p>\n<p>Consejos para la impresi\u00f3n: Si el nombre y el n\u00famero que aparecen en la imagen son exactamente los que desea, no es necesario que los vuelva a introducir. En caso contrario, deber\u00e1 introducir el nombre y el n\u00famero que desee.<\/p>\n<p>Consejos de lavado: Se recomienda lavar las camisetas de f\u00fatbol a mano. Si desea utilizar la lavadora, recuerde poner las camisetas de f\u00fatbol del rev\u00e9s y luego lavarlas. Llena la lavadora con agua fr\u00eda y utiliza un ciclo delicado para proteger mejor los colores.<\/p>","protected":false},"excerpt":{"rendered":"<p>Das neue Bayern M\u00fcnchen 22-23 Trikot hat ein einzigartiges Streifendesign auf der Vorderseite. Es besteht aus unterschiedlich gro\u00dfen wei\u00dfen Streifen, die ein bisschen wie ein Strichcode aussehen. Insgesamt gibt es 21 Streifen auf der Vorderseite. Auch bei den Farben bringt das neue Bayern 22-23 Trikot eine Ver\u00e4nderung.Nachdem das Trikot 21-22 in zwei Graut\u00f6nen gehalten war, [&hellip;]<\/p>","protected":false},"featured_media":4514,"comment_status":"open","ping_status":"closed","template":"","meta":[],"product_brand":[],"product_cat":[175],"product_tag":[136,137,20,21,22,23,24],"class_list":{"0":"post-4473","1":"product","2":"type-product","3":"status-publish","4":"has-post-thumbnail","6":"product_cat-bayern-munich","7":"product_tag-bayern-muenchen-heimtrikot","8":"product_tag-bayern-muenchen-trikots","9":"product_tag-coole-fussballtrikots","10":"product_tag-fussballtrikot-fuer-herren","11":"product_tag-fussballtrikot-guenstig-kaufen","12":"product_tag-fussballtrikot-kurzarm","13":"product_tag-guenstiges-fussballtrikot","15":"first","16":"instock","17":"shipping-taxable","18":"purchasable","19":"product-type-variable"},"_links":{"self":[{"href":"https:\/\/www.billigtrikotde.com\/es\/wp-json\/wp\/v2\/product\/4473","targetHints":{"allow":["GET"]}}],"collection":[{"href":"https:\/\/www.billigtrikotde.com\/es\/wp-json\/wp\/v2\/product"}],"about":[{"href":"https:\/\/www.billigtrikotde.com\/es\/wp-json\/wp\/v2\/types\/product"}],"replies":[{"embeddable":true,"href":"https:\/\/www.billigtrikotde.com\/es\/wp-json\/wp\/v2\/comments?post=4473"}],"wp:featuredmedia":[{"embeddable":true,"href":"https:\/\/www.billigtrikotde.com\/es\/wp-json\/wp\/v2\/media\/4514"}],"wp:attachment":[{"href":"https:\/\/www.billigtrikotde.com\/es\/wp-json\/wp\/v2\/media?parent=4473"}],"wp:term":[{"taxonomy":"product_brand","embeddable":true,"href":"https:\/\/www.billigtrikotde.com\/es\/wp-json\/wp\/v2\/product_brand?post=4473"},{"taxonomy":"product_cat","embeddable":true,"href":"https:\/\/www.billigtrikotde.com\/es\/wp-json\/wp\/v2\/product_cat?post=4473"},{"taxonomy":"product_tag","embeddable":true,"href":"https:\/\/www.billigtrikotde.com\/es\/wp-json\/wp\/v2\/product_tag?post=4473"}],"curies":[{"name":"wp","href":"https:\/\/api.w.org\/{rel}","templated":true}]}}