{"id":4399,"date":"2024-10-23T15:48:03","date_gmt":"2024-10-23T13:48:03","guid":{"rendered":"http:\/\/billigtrikots.com\/?post_type=product&#038;p=4399"},"modified":"2024-10-23T15:50:17","modified_gmt":"2024-10-23T13:50:17","slug":"shaw-23-manchester-united-2022-23-heimtrikot-herren-trikot-kurze-hosen","status":"publish","type":"product","link":"https:\/\/www.billigtrikotde.com\/es\/shaw-23-manchester-united-2022-23-heimtrikot-herren-trikot-kurze-hosen\/","title":{"rendered":"SHAW 23 Manchester United 2022-23 camiseta local para hombre + pantalones cortos"},"content":{"rendered":"<p>La camiseta Adidas Manchester United 2022-2023 combina un color principal rojo oscuro con un logotipo Adidas blanco y tres rayas negras.<\/p>\n<p>Lo que hace especial a la camiseta es el cuello polo. El cuello blanco est\u00e1 equipado con un dise\u00f1o triangular inspirado en 1994.<\/p>\n<p>Las medias de la camiseta local Manchester United 22-23 combinan el color principal negro con rojo. Tienen un diablo rojo en la parte frontal y un logotipo Adidas blanco en la parte trasera. La parte superior es roja con tres rayas negras.<\/p>\n<p>La camiseta Man United 22-23 tiene un escudo con el logo de Manchester United. El escudo tiene forma de pent\u00e1gono y est\u00e1 en un tono de rojo ligeramente m\u00e1s oscuro que el resto de la camiseta. Adem\u00e1s, est\u00e1 rodeado por un borde delgado para separar la forma.<\/p>\n<p>Consejos para la impresi\u00f3n: Si el nombre y el n\u00famero que aparecen en la imagen son exactamente los que desea, no es necesario que los vuelva a introducir. En caso contrario, deber\u00e1 introducir el nombre y el n\u00famero que desee.<\/p>\n<p>Consejos de lavado: Se recomienda lavar las camisetas de f\u00fatbol a mano. Si desea utilizar la lavadora, recuerde poner las camisetas de f\u00fatbol del rev\u00e9s y luego lavarlas. Llena la lavadora con agua fr\u00eda y utiliza un ciclo delicado para proteger mejor los colores.<\/p>","protected":false},"excerpt":{"rendered":"<p>La camiseta del Manchester United 2022-2023 de Adidas combina un color principal rojo oscuro con un logotipo de Adidas blanco y tres rayas negras. Lo que hace que la camiseta sea especial es el cuello polo. El cuello blanco est\u00e1 equipado con un dise\u00f1o triangular inspirado en 1994. Las medias de la camiseta de local del Manchester United 22-23 combinan el color principal tradicional negro con rojo. Tienen [...]<\/p>","protected":false},"featured_media":4433,"comment_status":"open","ping_status":"closed","template":"","meta":[],"product_brand":[],"product_cat":[50],"product_tag":[20,21,22,23,54,24,141,52],"class_list":{"0":"post-4399","1":"product","2":"type-product","3":"status-publish","4":"has-post-thumbnail","6":"product_cat-manchester-united","7":"product_tag-coole-fussballtrikots","8":"product_tag-fussballtrikot-fuer-herren","9":"product_tag-fussballtrikot-guenstig-kaufen","10":"product_tag-fussballtrikot-kurzarm","11":"product_tag-fussballtrikot-set","12":"product_tag-guenstiges-fussballtrikot","13":"product_tag-manchester-united-heimtrikot","14":"product_tag-manchester-united-trikots","16":"first","17":"instock","18":"shipping-taxable","19":"purchasable","20":"product-type-variable"},"_links":{"self":[{"href":"https:\/\/www.billigtrikotde.com\/es\/wp-json\/wp\/v2\/product\/4399","targetHints":{"allow":["GET"]}}],"collection":[{"href":"https:\/\/www.billigtrikotde.com\/es\/wp-json\/wp\/v2\/product"}],"about":[{"href":"https:\/\/www.billigtrikotde.com\/es\/wp-json\/wp\/v2\/types\/product"}],"replies":[{"embeddable":true,"href":"https:\/\/www.billigtrikotde.com\/es\/wp-json\/wp\/v2\/comments?post=4399"}],"wp:featuredmedia":[{"embeddable":true,"href":"https:\/\/www.billigtrikotde.com\/es\/wp-json\/wp\/v2\/media\/4433"}],"wp:attachment":[{"href":"https:\/\/www.billigtrikotde.com\/es\/wp-json\/wp\/v2\/media?parent=4399"}],"wp:term":[{"taxonomy":"product_brand","embeddable":true,"href":"https:\/\/www.billigtrikotde.com\/es\/wp-json\/wp\/v2\/product_brand?post=4399"},{"taxonomy":"product_cat","embeddable":true,"href":"https:\/\/www.billigtrikotde.com\/es\/wp-json\/wp\/v2\/product_cat?post=4399"},{"taxonomy":"product_tag","embeddable":true,"href":"https:\/\/www.billigtrikotde.com\/es\/wp-json\/wp\/v2\/product_tag?post=4399"}],"curies":[{"name":"wp","href":"https:\/\/api.w.org\/{rel}","templated":true}]}}