{"id":4307,"date":"2024-10-23T15:43:25","date_gmt":"2024-10-23T13:43:25","guid":{"rendered":"http:\/\/billigtrikots.com\/?post_type=product&#038;p=4307"},"modified":"2024-10-23T15:45:36","modified_gmt":"2024-10-23T13:45:36","slug":"manchester-city-ausweichtrikot-2021-22-dunkelblau-trikotsatz-fuer-kinder-mit-aufdruck-kun-agueero-10","status":"publish","type":"product","link":"https:\/\/www.billigtrikotde.com\/es\/manchester-city-ausweichtrikot-2021-22-dunkelblau-trikotsatz-fuer-kinder-mit-aufdruck-kun-agueero-10\/","title":{"rendered":"Manchester City away kit 2021\/22 camiseta azul oscuro para ni\u00f1os con impresi\u00f3n Kun Ag\u00fcero 10"},"content":{"rendered":"<p>Con esta camiseta de visitante del Manchester City FC 2021\/22 para hombres de PUMA, puedes traer de vuelta a los campeones de hautland para volver a hacer todo. Esta camiseta de ajuste est\u00e1ndar en color Peacoat tiene un cuello redondo, mangas cortas y acabados acanalados. Est\u00e1 hecha de tejido de poli\u00e9ster ligero con la caracter\u00edstica tecnolog\u00eda dryCELL para una comodidad fresca cuando hace calor. Con el escudo ic\u00f3nico repetido en toda la camiseta, esta camiseta presenta logotipos de Classic Cat, los patrocinadores del club y la marca Manchester City en el pecho.<\/p>\n<p>Consejos para la impresi\u00f3n: Si el nombre y el n\u00famero que aparecen en la imagen son exactamente los que desea, no es necesario que los vuelva a introducir. En caso contrario, deber\u00e1 introducir el nombre y el n\u00famero que desee.<\/p>\n<p>Consejos de lavado: Se recomienda lavar las camisetas de f\u00fatbol a mano. Si desea utilizar la lavadora, recuerde poner las camisetas de f\u00fatbol del rev\u00e9s y luego lavarlas. Llena la lavadora con agua fr\u00eda y utiliza un ciclo delicado para proteger mejor los colores.<\/p>","protected":false},"excerpt":{"rendered":"<p>Mit diesem Manchester City FC 2021\/22 Ausweichtrikot f\u00fcr Herren von PUMA kannst du die Meister von hautnahland zur\u00fcckholen, um alles noch einmal zu tun. Dieses Standard-Fit-Top in der Farbe Peacoat hat einen Rundhalsausschnitt, kurze \u00c4rmel und gerippte Abschl\u00fcsse. Es besteht aus leichtem Poly-Gewebe mit charakteristischer dryCELL-Technologie f\u00fcr k\u00fchlen Komfort, wenn es hei\u00df hergeht. Mit dem [&hellip;]<\/p>","protected":false},"featured_media":4347,"comment_status":"open","ping_status":"closed","template":"","meta":[],"product_brand":[],"product_cat":[144],"product_tag":[20,94,203,84,145],"class_list":{"0":"post-4307","1":"product","2":"type-product","3":"status-publish","4":"has-post-thumbnail","6":"product_cat-manchester-city-kindertrikot","7":"product_tag-coole-fussballtrikots","8":"product_tag-kinder-fussball-trikotsatz","9":"product_tag-manchester-city-ausweichtrikot","10":"product_tag-manchester-city-trikots","11":"product_tag-manchester-city-trikotsatz-fuer-kinder","13":"first","14":"instock","15":"shipping-taxable","16":"purchasable","17":"product-type-variable"},"_links":{"self":[{"href":"https:\/\/www.billigtrikotde.com\/es\/wp-json\/wp\/v2\/product\/4307","targetHints":{"allow":["GET"]}}],"collection":[{"href":"https:\/\/www.billigtrikotde.com\/es\/wp-json\/wp\/v2\/product"}],"about":[{"href":"https:\/\/www.billigtrikotde.com\/es\/wp-json\/wp\/v2\/types\/product"}],"replies":[{"embeddable":true,"href":"https:\/\/www.billigtrikotde.com\/es\/wp-json\/wp\/v2\/comments?post=4307"}],"wp:featuredmedia":[{"embeddable":true,"href":"https:\/\/www.billigtrikotde.com\/es\/wp-json\/wp\/v2\/media\/4347"}],"wp:attachment":[{"href":"https:\/\/www.billigtrikotde.com\/es\/wp-json\/wp\/v2\/media?parent=4307"}],"wp:term":[{"taxonomy":"product_brand","embeddable":true,"href":"https:\/\/www.billigtrikotde.com\/es\/wp-json\/wp\/v2\/product_brand?post=4307"},{"taxonomy":"product_cat","embeddable":true,"href":"https:\/\/www.billigtrikotde.com\/es\/wp-json\/wp\/v2\/product_cat?post=4307"},{"taxonomy":"product_tag","embeddable":true,"href":"https:\/\/www.billigtrikotde.com\/es\/wp-json\/wp\/v2\/product_tag?post=4307"}],"curies":[{"name":"wp","href":"https:\/\/api.w.org\/{rel}","templated":true}]}}