{"id":4233,"date":"2024-10-23T15:39:47","date_gmt":"2024-10-23T13:39:47","guid":{"rendered":"http:\/\/billigtrikots.com\/?post_type=product&#038;p=4233"},"modified":"2024-10-23T15:42:10","modified_gmt":"2024-10-23T13:42:10","slug":"los-angeles-galaxy-2022-auswaertstrikot-weiss-mit-herbalife-nutrition-aufdruck","status":"publish","type":"product","link":"https:\/\/www.billigtrikotde.com\/es\/los-angeles-galaxy-2022-auswaertstrikot-weiss-mit-herbalife-nutrition-aufdruck\/","title":{"rendered":"Los Angeles Galaxy 2022 Away Jersey White with Herbalife Nutrition Print"},"content":{"rendered":"<p>La camiseta presenta un dise\u00f1o Quasar y fue lanzada como camiseta \u00abCiudad de los Sue\u00f1os\u00bb. En la etiqueta del cuello est\u00e1n las palabras \u00abSolo un La\u00bb (solo hay un LA). Herbalife sigue apareciendo en la parte frontal de la camiseta, con Honey en la manga.<br \/>\nConsejos para la impresi\u00f3n: Si el nombre y el n\u00famero que aparecen en la imagen son exactamente los que desea, no es necesario que los vuelva a introducir. En caso contrario, deber\u00e1 introducir el nombre y el n\u00famero que desee.<\/p>\n<p>Consejos de lavado: Se recomienda lavar las camisetas de f\u00fatbol a mano. Si desea utilizar la lavadora, recuerde poner las camisetas de f\u00fatbol del rev\u00e9s y luego lavarlas. Llena la lavadora con agua fr\u00eda y utiliza un ciclo delicado para proteger mejor los colores.<\/p>","protected":false},"excerpt":{"rendered":"<p>La camiseta presenta un dise\u00f1o de cu\u00e1sar y fue lanzada como la camiseta \u00abCity of Dreams\u00bb. En la etiqueta del Jock figuran las palabras \u00abSolo un LA\u00bb (solo hay un LA). Herbalife sigue apareciendo en la parte frontal de la camiseta, con Honey en la manga. Consejos de impresi\u00f3n: si el nombre y el n\u00famero en la imagen se ajustan exactamente a sus deseos [\u2026]<\/p>","protected":false},"featured_media":4267,"comment_status":"open","ping_status":"closed","template":"","meta":[],"product_brand":[],"product_cat":[182],"product_tag":[20,21,22,23,24,183,184],"class_list":{"0":"post-4233","1":"product","2":"type-product","3":"status-publish","4":"has-post-thumbnail","6":"product_cat-la-galaxy","7":"product_tag-coole-fussballtrikots","8":"product_tag-fussballtrikot-fuer-herren","9":"product_tag-fussballtrikot-guenstig-kaufen","10":"product_tag-fussballtrikot-kurzarm","11":"product_tag-guenstiges-fussballtrikot","12":"product_tag-la-galaxy-away-shirt","13":"product_tag-la-galaxy-trikots","15":"first","16":"instock","17":"shipping-taxable","18":"purchasable","19":"product-type-variable"},"_links":{"self":[{"href":"https:\/\/www.billigtrikotde.com\/es\/wp-json\/wp\/v2\/product\/4233","targetHints":{"allow":["GET"]}}],"collection":[{"href":"https:\/\/www.billigtrikotde.com\/es\/wp-json\/wp\/v2\/product"}],"about":[{"href":"https:\/\/www.billigtrikotde.com\/es\/wp-json\/wp\/v2\/types\/product"}],"replies":[{"embeddable":true,"href":"https:\/\/www.billigtrikotde.com\/es\/wp-json\/wp\/v2\/comments?post=4233"}],"wp:featuredmedia":[{"embeddable":true,"href":"https:\/\/www.billigtrikotde.com\/es\/wp-json\/wp\/v2\/media\/4267"}],"wp:attachment":[{"href":"https:\/\/www.billigtrikotde.com\/es\/wp-json\/wp\/v2\/media?parent=4233"}],"wp:term":[{"taxonomy":"product_brand","embeddable":true,"href":"https:\/\/www.billigtrikotde.com\/es\/wp-json\/wp\/v2\/product_brand?post=4233"},{"taxonomy":"product_cat","embeddable":true,"href":"https:\/\/www.billigtrikotde.com\/es\/wp-json\/wp\/v2\/product_cat?post=4233"},{"taxonomy":"product_tag","embeddable":true,"href":"https:\/\/www.billigtrikotde.com\/es\/wp-json\/wp\/v2\/product_tag?post=4233"}],"curies":[{"name":"wp","href":"https:\/\/api.w.org\/{rel}","templated":true}]}}