{"id":4186,"date":"2024-10-23T15:37:30","date_gmt":"2024-10-23T13:37:30","guid":{"rendered":"http:\/\/billigtrikots.com\/?post_type=product&#038;p=4186"},"modified":"2025-06-16T16:03:52","modified_gmt":"2025-06-16T14:03:52","slug":"juventus-turin-herren-auswaertstrikot-2021-22-schwarz-weiss-mit-aufdruck-de-sciglio-2","status":"publish","type":"product","link":"https:\/\/www.billigtrikotde.com\/es\/juventus-turin-herren-auswaertstrikot-2021-22-schwarz-weiss-mit-aufdruck-de-sciglio-2\/","title":{"rendered":"Juventus Tur\u00edn Camiseta de visitante 2021\/22 negro\/blanco con estampado De Sciglio 2"},"content":{"rendered":"<p>La camiseta de visitante para caballeros completamente nueva de la Juventus de Tur\u00edn lleva, como siempre, el orgulloso escudo del club en el lado del coraz\u00f3n y est\u00e1 adornada con el logotipo de adidas, el dise\u00f1o de 3 franjas y la inscripci\u00f3n del patrocinador oficial.<\/p>\n<p>Fabricada con material suave Aeroready, la nueva camiseta JUVE para caballeros ofrece una gesti\u00f3n \u00f3ptima del calor y la humedad, garantizando una comodidad seca en todo momento. Con cuello acanalado y un corte algo m\u00e1s amplio que la camiseta de juego, tambi\u00e9n te ofrece la m\u00e1xima libertad de movimiento en todas las direcciones para rendir al m\u00e1ximo en cualquier situaci\u00f3n, ya sea en el estadio, en tu tiempo libre o en tu entrenamiento propio.<\/p>\n<p>Consejos para la impresi\u00f3n: Si el nombre y el n\u00famero que aparecen en la imagen son exactamente los que desea, no es necesario que los vuelva a introducir. En caso contrario, deber\u00e1 introducir el nombre y el n\u00famero que desee.<\/p>\n<p>Consejos de lavado: Se recomienda lavar las camisetas de f\u00fatbol a mano. Si desea utilizar la lavadora, recuerde dar la vuelta a las camisetas de f\u00fatbol y luego lavarlas.<\/p>","protected":false},"excerpt":{"rendered":"<p>La nueva camiseta visitante de hombres de Juventus de Tur\u00edn lleva, como siempre, el orgulloso escudo del club en el lado del coraz\u00f3n y est\u00e1 adornada con el logotipo de adidas, el dise\u00f1o de 3 bandas y el lema oficial del patrocinador. Hecha de material suave Aeroready, la nueva camiseta JUVE para hombres te ofrece una gesti\u00f3n \u00f3ptima de calor y humedad y as\u00ed un siempre [\u2026]<\/p>","protected":false},"featured_media":4227,"comment_status":"open","ping_status":"closed","template":"","meta":[],"product_brand":[],"product_cat":[59],"product_tag":[20,38,21,24,150,61],"class_list":{"0":"post-4186","1":"product","2":"type-product","3":"status-publish","4":"has-post-thumbnail","6":"product_cat-juventus","7":"product_tag-coole-fussballtrikots","8":"product_tag-fussball-trikot-langarm","9":"product_tag-fussballtrikot-fuer-herren","10":"product_tag-guenstiges-fussballtrikot","11":"product_tag-juventus-auswaertstrikot","12":"product_tag-juventus-trikots","14":"first","15":"instock","16":"shipping-taxable","17":"purchasable","18":"product-type-variable"},"_links":{"self":[{"href":"https:\/\/www.billigtrikotde.com\/es\/wp-json\/wp\/v2\/product\/4186","targetHints":{"allow":["GET"]}}],"collection":[{"href":"https:\/\/www.billigtrikotde.com\/es\/wp-json\/wp\/v2\/product"}],"about":[{"href":"https:\/\/www.billigtrikotde.com\/es\/wp-json\/wp\/v2\/types\/product"}],"replies":[{"embeddable":true,"href":"https:\/\/www.billigtrikotde.com\/es\/wp-json\/wp\/v2\/comments?post=4186"}],"wp:featuredmedia":[{"embeddable":true,"href":"https:\/\/www.billigtrikotde.com\/es\/wp-json\/wp\/v2\/media\/4227"}],"wp:attachment":[{"href":"https:\/\/www.billigtrikotde.com\/es\/wp-json\/wp\/v2\/media?parent=4186"}],"wp:term":[{"taxonomy":"product_brand","embeddable":true,"href":"https:\/\/www.billigtrikotde.com\/es\/wp-json\/wp\/v2\/product_brand?post=4186"},{"taxonomy":"product_cat","embeddable":true,"href":"https:\/\/www.billigtrikotde.com\/es\/wp-json\/wp\/v2\/product_cat?post=4186"},{"taxonomy":"product_tag","embeddable":true,"href":"https:\/\/www.billigtrikotde.com\/es\/wp-json\/wp\/v2\/product_tag?post=4186"}],"curies":[{"name":"wp","href":"https:\/\/api.w.org\/{rel}","templated":true}]}}