{"id":4119,"date":"2024-10-23T15:34:20","date_gmt":"2024-10-23T13:34:20","guid":{"rendered":"http:\/\/billigtrikots.com\/?post_type=product&#038;p=4119"},"modified":"2024-10-23T15:36:50","modified_gmt":"2024-10-23T13:36:50","slug":"as-rom-ausweichtrikot-2021-22-bestellen-gelb-und-dunkelblau","status":"publish","type":"product","link":"https:\/\/www.billigtrikotde.com\/es\/as-rom-ausweichtrikot-2021-22-bestellen-gelb-und-dunkelblau\/","title":{"rendered":"AS Roma Camiseta de repente 2021\/22 pedir amarillo y azul oscuro"},"content":{"rendered":"<p>Das AS Rom 3. Fu\u00dfballtrikot 2021-2022 enth\u00e4lt nicht das aktuelle Vereinslogo auf der linken Brust, sondern das sogenannte Lupetto-Logo. Dieses Logo zeichnet sich durch den Kopf eines Wolfes aus und war im Zeitraum 1977-1997 das Logo der AS Roma. Dar\u00fcber hinaus wurden alle Vereinsfarben des AS Roma in das Trikot eingearbeitet und diese Farben mit dunkelblau erg\u00e4nzt. Die Karosserie des Bausatzes ist gelb und wird durch das diagonale dunkelblaue und burgunderrote Band von der linken Schulter bis zur unteren rechten Ecke des Bausatzes gekennzeichnet. Dieses Band wird von d\u00fcnneren Linien in den gleichen Farben flankiert. Die \u00c4rmel der Uniform sind blau und haben unten ein rotes Band. Dieses Armband verf\u00fcgt \u00fcber eine gelbe New Balance-Grafik. Dies ist eine Grafik aus auff\u00e4lligen Streifen, inspiriert von den Streifen des New Balance-Logos. Auf der rechten Brust befindet sich das Logo der amerikanischen Sportmarke in Dunkelblau und Hauptsponsor Digitalbits ziert die Mitte des Trikots in Wei\u00df. Der Name des Vereins ist im Nacken auf der R\u00fcckseite des Trikots eingearbeitet und der Untersponsor Hyundai befindet sich unten auf der R\u00fcckseite des Fu\u00dfballtrikots. Abgerundet wird das Trikot durch gelbe Fu\u00dfballshorts mit einem roten Bereich unten an den Seiten. Die Str\u00fcmpfe sind ebenfalls gelb und enthalten sowohl ein dunkelblaues als auch ein rotes Band. Das rote Band enth\u00e4lt das NB-Logo und den Namen des Clubs.<\/p>\n<p>Wie alle New Balance Trikots sind die AS Roma Fu\u00dfballtrikots mit der NB Dry Technologie ausgestattet. Dieses System ist in das Material (100% Polyester) der Uniform eingearbeitet und sorgt f\u00fcr eine perfekte Feuchtigkeitsableitung und Bel\u00fcftung.<\/p>\n<p>Consejos para la impresi\u00f3n: Si el nombre y el n\u00famero que aparecen en la imagen son exactamente los que desea, no es necesario que los vuelva a introducir. En caso contrario, deber\u00e1 introducir el nombre y el n\u00famero que desee.<\/p>\n<p>Consejos de lavado: Se recomienda lavar las camisetas de f\u00fatbol a mano. Si desea utilizar la lavadora, recuerde poner las camisetas de f\u00fatbol del rev\u00e9s y luego lavarlas. Llena la lavadora con agua fr\u00eda y utiliza un ciclo delicado para proteger mejor los colores.<\/p>","protected":false},"excerpt":{"rendered":"<p>La segunda camiseta de f\u00fatbol del AS Roma 2021-2022 no contiene el logotipo actual del club en la izquierda del pecho, sino el llamado logotipo Lupetto. Este logotipo se caracteriza por la cabeza de un lobo y fue el logotipo del AS Roma entre 1977 y 1997. Adem\u00e1s, todos los colores del club del AS Roma se incorporaron a la camiseta y estos colores con [\u2026]<\/p>","protected":false},"featured_media":4167,"comment_status":"open","ping_status":"closed","template":"","meta":[],"product_brand":[],"product_cat":[85],"product_tag":[205,87,20,21,22,23,24],"class_list":{"0":"post-4119","1":"product","2":"type-product","3":"status-publish","4":"has-post-thumbnail","6":"product_cat-as-roma","7":"product_tag-as-rom-ausweichtrikot","8":"product_tag-as-roma-trikots","9":"product_tag-coole-fussballtrikots","10":"product_tag-fussballtrikot-fuer-herren","11":"product_tag-fussballtrikot-guenstig-kaufen","12":"product_tag-fussballtrikot-kurzarm","13":"product_tag-guenstiges-fussballtrikot","15":"first","16":"instock","17":"shipping-taxable","18":"purchasable","19":"product-type-variable"},"_links":{"self":[{"href":"https:\/\/www.billigtrikotde.com\/es\/wp-json\/wp\/v2\/product\/4119","targetHints":{"allow":["GET"]}}],"collection":[{"href":"https:\/\/www.billigtrikotde.com\/es\/wp-json\/wp\/v2\/product"}],"about":[{"href":"https:\/\/www.billigtrikotde.com\/es\/wp-json\/wp\/v2\/types\/product"}],"replies":[{"embeddable":true,"href":"https:\/\/www.billigtrikotde.com\/es\/wp-json\/wp\/v2\/comments?post=4119"}],"wp:featuredmedia":[{"embeddable":true,"href":"https:\/\/www.billigtrikotde.com\/es\/wp-json\/wp\/v2\/media\/4167"}],"wp:attachment":[{"href":"https:\/\/www.billigtrikotde.com\/es\/wp-json\/wp\/v2\/media?parent=4119"}],"wp:term":[{"taxonomy":"product_brand","embeddable":true,"href":"https:\/\/www.billigtrikotde.com\/es\/wp-json\/wp\/v2\/product_brand?post=4119"},{"taxonomy":"product_cat","embeddable":true,"href":"https:\/\/www.billigtrikotde.com\/es\/wp-json\/wp\/v2\/product_cat?post=4119"},{"taxonomy":"product_tag","embeddable":true,"href":"https:\/\/www.billigtrikotde.com\/es\/wp-json\/wp\/v2\/product_tag?post=4119"}],"curies":[{"name":"wp","href":"https:\/\/api.w.org\/{rel}","templated":true}]}}