{"id":4117,"date":"2024-10-23T15:34:19","date_gmt":"2024-10-23T13:34:19","guid":{"rendered":"http:\/\/billigtrikots.com\/?post_type=product&#038;p=4117"},"modified":"2024-10-23T15:36:50","modified_gmt":"2024-10-23T13:36:50","slug":"personalisierbar-parma-calcio-torwarttrikot-2021-22-goalkeeper-shirt-rot","status":"publish","type":"product","link":"https:\/\/www.billigtrikotde.com\/es\/personalisierbar-parma-calcio-torwarttrikot-2021-22-goalkeeper-shirt-rot\/","title":{"rendered":"Camiseta personalizable de portero del Parma Calcio 2021\/22 Camiseta de portero roja"},"content":{"rendered":"<p>Camiseta de portero del Parma Calcio para la temporada 2021\/22<br \/>\nCon la camiseta de portero, Buffon celebra su regreso a Parma tras 20 a\u00f1os de ausencia en el club<br \/>\nEl dise\u00f1o lleva el logotipo de la camiseta de portero de la temporada 1998\/99, cuando Buffon gan\u00f3 la Coppa Italia y la UEFA Cup con Parma.<\/p>\n<p>Consejos para la impresi\u00f3n: Si el nombre y el n\u00famero que aparecen en la imagen son exactamente los que desea, no es necesario que los vuelva a introducir. En caso contrario, deber\u00e1 introducir el nombre y el n\u00famero que desee.<\/p>\n<p>Consejos de lavado: Se recomienda lavar las camisetas de f\u00fatbol a mano. Si desea utilizar la lavadora, recuerde poner las camisetas de f\u00fatbol del rev\u00e9s y luego lavarlas. Llena la lavadora con agua fr\u00eda y utiliza un ciclo delicado para proteger mejor los colores.<\/p>","protected":false},"excerpt":{"rendered":"<p>Torwarttrikot von Parma Calcio f\u00fcr die Saison 2021\/22 Mit dem Torwarttrikot feiert Buffon seine R\u00fcckkehr nach Parma nach 20 Jahren Vereinsabwesenheit Das Design tr\u00e4gt das Logo des Torwarttrikots der Saison 1998\/99, als Buffon mit Parma den italienischen Pokal und den UEFA-Pokal gewann. Tipps zum Drucken: Wenn der Name und die Nummer auf dem Bild genau [&hellip;]<\/p>","protected":false},"featured_media":4166,"comment_status":"open","ping_status":"closed","template":"","meta":[],"product_brand":[],"product_cat":[15],"product_tag":[20,21,23,24,204],"class_list":{"0":"post-4117","1":"product","2":"type-product","3":"status-publish","4":"has-post-thumbnail","6":"product_cat-unkategorisiert","7":"product_tag-coole-fussballtrikots","8":"product_tag-fussballtrikot-fuer-herren","9":"product_tag-fussballtrikot-kurzarm","10":"product_tag-guenstiges-fussballtrikot","11":"product_tag-parma-calcio-torwarttrikot","13":"first","14":"instock","15":"shipping-taxable","16":"purchasable","17":"product-type-variable"},"_links":{"self":[{"href":"https:\/\/www.billigtrikotde.com\/es\/wp-json\/wp\/v2\/product\/4117","targetHints":{"allow":["GET"]}}],"collection":[{"href":"https:\/\/www.billigtrikotde.com\/es\/wp-json\/wp\/v2\/product"}],"about":[{"href":"https:\/\/www.billigtrikotde.com\/es\/wp-json\/wp\/v2\/types\/product"}],"replies":[{"embeddable":true,"href":"https:\/\/www.billigtrikotde.com\/es\/wp-json\/wp\/v2\/comments?post=4117"}],"wp:featuredmedia":[{"embeddable":true,"href":"https:\/\/www.billigtrikotde.com\/es\/wp-json\/wp\/v2\/media\/4166"}],"wp:attachment":[{"href":"https:\/\/www.billigtrikotde.com\/es\/wp-json\/wp\/v2\/media?parent=4117"}],"wp:term":[{"taxonomy":"product_brand","embeddable":true,"href":"https:\/\/www.billigtrikotde.com\/es\/wp-json\/wp\/v2\/product_brand?post=4117"},{"taxonomy":"product_cat","embeddable":true,"href":"https:\/\/www.billigtrikotde.com\/es\/wp-json\/wp\/v2\/product_cat?post=4117"},{"taxonomy":"product_tag","embeddable":true,"href":"https:\/\/www.billigtrikotde.com\/es\/wp-json\/wp\/v2\/product_tag?post=4117"}],"curies":[{"name":"wp","href":"https:\/\/api.w.org\/{rel}","templated":true}]}}