{"id":4113,"date":"2024-10-23T15:34:15","date_gmt":"2024-10-23T13:34:15","guid":{"rendered":"http:\/\/billigtrikots.com\/?post_type=product&#038;p=4113"},"modified":"2024-10-23T15:36:20","modified_gmt":"2024-10-23T13:36:20","slug":"sporting-cp-2021-22-herren-heimtrikot-weiss-gruen-trikotsatz-kurzarm-kurze-hosen","status":"publish","type":"product","link":"https:\/\/www.billigtrikotde.com\/es\/sporting-cp-2021-22-herren-heimtrikot-weiss-gruen-trikotsatz-kurzarm-kurze-hosen\/","title":{"rendered":"Sporting CP 2021\/22 Home Jersey Hombre Kit Blanco Verde Manga Corta + Pantalones Cortos"},"content":{"rendered":"<p>Con la camiseta oficial de casa de Pa\u00edses Bajos para hombres te identificas y apoyas a tu equipo en el Euro 2021. El material Nike Breathe con tecnolog\u00eda Dri-FIT ofrece una agradable sensaci\u00f3n de sequedad, ya sea en el campo o celebrando desde la tribuna. Caracter\u00edsticas cl\u00e1sicas como el escudo de la federaci\u00f3n en el pecho atestiguan tu pasi\u00f3n por la holandesa Elf.<\/p>\n<p>Consejos para la impresi\u00f3n: Si el nombre y el n\u00famero que aparecen en la imagen son exactamente los que desea, no es necesario que los vuelva a introducir. En caso contrario, deber\u00e1 introducir el nombre y el n\u00famero que desee.<\/p>\n<p>Consejos de lavado: Se recomienda lavar las camisetas de f\u00fatbol a mano. Si desea utilizar la lavadora, recuerde poner las camisetas de f\u00fatbol del rev\u00e9s y luego lavarlas. Llena la lavadora con agua fr\u00eda y utiliza un ciclo delicado para proteger mejor los colores.<\/p>","protected":false},"excerpt":{"rendered":"<p>Con la camiseta oficial de casa de Pa\u00edses Bajos para hombres te identificas y apoyas a tu equipo en el Euro 2021. El material Nike Breathe con tecnolog\u00eda Dri-FIT ofrece una agradable sensaci\u00f3n de sequedad, ya sea en el campo o celebrando desde la tribuna. Caracter\u00edsticas cl\u00e1sicas como el escudo de la federaci\u00f3n en el pecho atestiguan tu pasi\u00f3n por la holandesa Elf.<\/p>","protected":false},"featured_media":4158,"comment_status":"open","ping_status":"closed","template":"","meta":[],"product_brand":[],"product_cat":[15],"product_tag":[20,21,22,23,24,201,202],"class_list":{"0":"post-4113","1":"product","2":"type-product","3":"status-publish","4":"has-post-thumbnail","6":"product_cat-unkategorisiert","7":"product_tag-coole-fussballtrikots","8":"product_tag-fussballtrikot-fuer-herren","9":"product_tag-fussballtrikot-guenstig-kaufen","10":"product_tag-fussballtrikot-kurzarm","11":"product_tag-guenstiges-fussballtrikot","12":"product_tag-sporting-cp-heimtrikot","13":"product_tag-sporting-cp-trikots","15":"first","16":"instock","17":"shipping-taxable","18":"purchasable","19":"product-type-variable"},"_links":{"self":[{"href":"https:\/\/www.billigtrikotde.com\/es\/wp-json\/wp\/v2\/product\/4113","targetHints":{"allow":["GET"]}}],"collection":[{"href":"https:\/\/www.billigtrikotde.com\/es\/wp-json\/wp\/v2\/product"}],"about":[{"href":"https:\/\/www.billigtrikotde.com\/es\/wp-json\/wp\/v2\/types\/product"}],"replies":[{"embeddable":true,"href":"https:\/\/www.billigtrikotde.com\/es\/wp-json\/wp\/v2\/comments?post=4113"}],"wp:featuredmedia":[{"embeddable":true,"href":"https:\/\/www.billigtrikotde.com\/es\/wp-json\/wp\/v2\/media\/4158"}],"wp:attachment":[{"href":"https:\/\/www.billigtrikotde.com\/es\/wp-json\/wp\/v2\/media?parent=4113"}],"wp:term":[{"taxonomy":"product_brand","embeddable":true,"href":"https:\/\/www.billigtrikotde.com\/es\/wp-json\/wp\/v2\/product_brand?post=4113"},{"taxonomy":"product_cat","embeddable":true,"href":"https:\/\/www.billigtrikotde.com\/es\/wp-json\/wp\/v2\/product_cat?post=4113"},{"taxonomy":"product_tag","embeddable":true,"href":"https:\/\/www.billigtrikotde.com\/es\/wp-json\/wp\/v2\/product_tag?post=4113"}],"curies":[{"name":"wp","href":"https:\/\/api.w.org\/{rel}","templated":true}]}}