{"id":4066,"date":"2024-10-23T15:32:00","date_gmt":"2024-10-23T13:32:00","guid":{"rendered":"http:\/\/billigtrikots.com\/?post_type=product&#038;p=4066"},"modified":"2024-10-23T15:34:10","modified_gmt":"2024-10-23T13:34:10","slug":"atletico-madrid-auswaertstrikot-2021-2022-marineblau-und-pink-kurzarm-kurze-hosen","status":"publish","type":"product","link":"https:\/\/www.billigtrikotde.com\/es\/atletico-madrid-auswaertstrikot-2021-2022-marineblau-und-pink-kurzarm-kurze-hosen\/","title":{"rendered":"Atl\u00e9tico Madrid Away Jersey 2021\/2022 Azul Marino y Rosa Manga Corta + Pantal\u00f3n Corto"},"content":{"rendered":"<p>Consigue AHORA la nueva camiseta de visitante para hombre del Nike Atl\u00e9tico Madrid 2021\/22 y presume el estilo original de las grandes estrellas. A partir de ahora combinas seguridad de estilo con apoyo, para que tus h\u00e9roes sientan toda tu dedicaci\u00f3n!<\/p>\n<p>Con la innovadora tecnolog\u00eda Nike Dri-FIT, tu sudor se evapora de inmediato y disfrutas de un confort completamente seco. \u00a1As\u00ed que durante el entrenamiento o las celebraciones de los aficionados no tendr\u00e1s que preocuparte por el sudor!<\/p>\n<p>Gracias al cuello acanalado, la camiseta se ajusta perfectamente a tu cuerpo y ofrece un ajuste espl\u00e9ndido sin apretar. La camiseta, hecha de poli\u00e9ster 100%, es resistente y mantiene su forma para que puedas moverte con total apoyo. \u00a1La r\u00e9plica de la camiseta se parece sorprendentemente a las de tus profesionales, pero es un poco m\u00e1s amplia para darte libertad de movimiento!<\/p>\n<p>Lo que m\u00e1s impresiona es el look fiel al estilo. Con este arma secreta parece que ves a tus \u00eddolos del f\u00fatbol con una claridad asombrosa y te coronas con profesionalidad. El escudo del club aut\u00e9ntico sirve como prueba de tu lealtad y, con el elegante swoosh de Nike, se convierte en un aut\u00e9ntico punto de atracci\u00f3n.<\/p>\n<p>Consejos para la impresi\u00f3n: Si el nombre y el n\u00famero que aparecen en la imagen son exactamente los que desea, no es necesario que los vuelva a introducir. En caso contrario, deber\u00e1 introducir el nombre y el n\u00famero que desee.<\/p>\n<p>Consejos de lavado: Se recomienda lavar las camisetas de f\u00fatbol a mano. Si desea utilizar la lavadora, recuerde poner las camisetas de f\u00fatbol del rev\u00e9s y luego lavarlas. Llena la lavadora con agua fr\u00eda y utiliza un ciclo delicado para proteger mejor los colores.<\/p>","protected":false},"excerpt":{"rendered":"<p>Hol dir JETZT das brandneue Nike Atl\u00e9tico Madrid Herren Ausw\u00e4rts Trikot 2021\/22 und kr\u00f6ne dich im originalen Stil der Ausnahmetalente! Ab sofort vereinst du Stilsicherheit mit Support, damit deine Helden deine ganze Zuneugung sp\u00fcren! Mit der innovativen Nike Dri-FIT Technologie ausgestattet, wird dein Schwei\u00df sofort abgeleitet und du genie\u00dft absolut trockenen Komfort! Somit musst du [&hellip;]<\/p>","protected":false},"featured_media":4107,"comment_status":"open","ping_status":"closed","template":"","meta":[],"product_brand":[],"product_cat":[88],"product_tag":[200,90,20,21,22,23,24],"class_list":{"0":"post-4066","1":"product","2":"type-product","3":"status-publish","4":"has-post-thumbnail","6":"product_cat-atletico-madrid","7":"product_tag-atletico-madrid-auswaertstrikot","8":"product_tag-atletico-madrid-trikots","9":"product_tag-coole-fussballtrikots","10":"product_tag-fussballtrikot-fuer-herren","11":"product_tag-fussballtrikot-guenstig-kaufen","12":"product_tag-fussballtrikot-kurzarm","13":"product_tag-guenstiges-fussballtrikot","15":"first","16":"instock","17":"shipping-taxable","18":"purchasable","19":"product-type-variable"},"_links":{"self":[{"href":"https:\/\/www.billigtrikotde.com\/es\/wp-json\/wp\/v2\/product\/4066","targetHints":{"allow":["GET"]}}],"collection":[{"href":"https:\/\/www.billigtrikotde.com\/es\/wp-json\/wp\/v2\/product"}],"about":[{"href":"https:\/\/www.billigtrikotde.com\/es\/wp-json\/wp\/v2\/types\/product"}],"replies":[{"embeddable":true,"href":"https:\/\/www.billigtrikotde.com\/es\/wp-json\/wp\/v2\/comments?post=4066"}],"wp:featuredmedia":[{"embeddable":true,"href":"https:\/\/www.billigtrikotde.com\/es\/wp-json\/wp\/v2\/media\/4107"}],"wp:attachment":[{"href":"https:\/\/www.billigtrikotde.com\/es\/wp-json\/wp\/v2\/media?parent=4066"}],"wp:term":[{"taxonomy":"product_brand","embeddable":true,"href":"https:\/\/www.billigtrikotde.com\/es\/wp-json\/wp\/v2\/product_brand?post=4066"},{"taxonomy":"product_cat","embeddable":true,"href":"https:\/\/www.billigtrikotde.com\/es\/wp-json\/wp\/v2\/product_cat?post=4066"},{"taxonomy":"product_tag","embeddable":true,"href":"https:\/\/www.billigtrikotde.com\/es\/wp-json\/wp\/v2\/product_tag?post=4066"}],"curies":[{"name":"wp","href":"https:\/\/api.w.org\/{rel}","templated":true}]}}