{"id":4052,"date":"2024-10-23T15:31:25","date_gmt":"2024-10-23T13:31:25","guid":{"rendered":"http:\/\/billigtrikots.com\/?post_type=product&#038;p=4052"},"modified":"2024-10-23T15:33:32","modified_gmt":"2024-10-23T13:33:32","slug":"fussballkleidung-atletico-madrid-auswaertstrikot-2021-22-dunkelblau-pink-carrasco-21","status":"publish","type":"product","link":"https:\/\/www.billigtrikotde.com\/es\/fussballkleidung-atletico-madrid-auswaertstrikot-2021-22-dunkelblau-pink-carrasco-21\/","title":{"rendered":"Equipaci\u00f3n visitante Atl\u00e9tico Madrid 2021\/22 azul oscuro\/rosa Carrasco 21"},"content":{"rendered":"<p>La camiseta de f\u00fatbol del Atl\u00e9tico Madrid 2021\/22 Stadium Away de Nike presenta un dise\u00f1o actualizado y, como edici\u00f3n oficial para aficionados de la camiseta visitante del Atl\u00e9tico, tiene un aspecto aut\u00e9ntico con detalles fieles al club y al logotipo originales.<\/p>\n<p>Consejos para la impresi\u00f3n: Si el nombre y el n\u00famero que aparecen en la imagen son exactamente los que desea, no es necesario que los vuelva a introducir. En caso contrario, deber\u00e1 introducir el nombre y el n\u00famero que desee.<\/p>\n<p>Consejos de lavado: Se recomienda lavar las camisetas de f\u00fatbol a mano. Si desea utilizar la lavadora, recuerde poner las camisetas de f\u00fatbol del rev\u00e9s y luego lavarlas. Llena la lavadora con agua fr\u00eda y utiliza un ciclo delicado para proteger mejor los colores.<\/p>","protected":false},"excerpt":{"rendered":"<p>Das Atl\u00e9tico Madrid 2021\/22 Stadium Away Fu\u00dfballtrikot von Nike zeigt sich im aktualisierten Ausw\u00e4rts-Design und verf\u00fcgt als offizielle Fan-Edition des Atl\u00e9tico Ausw\u00e4rtstrikots \u00fcber einen authentischen Look mit originalgetreuen Vereins- und Logo-Details. Tipps zum Drucken: Wenn der Name und die Nummer auf dem Bild genau Ihren W\u00fcnschen entsprechen, m\u00fcssen Sie sie nicht erneut eingeben. Wenn nicht, [&hellip;]<\/p>","protected":false},"featured_media":4086,"comment_status":"open","ping_status":"closed","template":"","meta":[],"product_brand":[],"product_cat":[88],"product_tag":[200,90,20,21,22,23,24],"class_list":{"0":"post-4052","1":"product","2":"type-product","3":"status-publish","4":"has-post-thumbnail","6":"product_cat-atletico-madrid","7":"product_tag-atletico-madrid-auswaertstrikot","8":"product_tag-atletico-madrid-trikots","9":"product_tag-coole-fussballtrikots","10":"product_tag-fussballtrikot-fuer-herren","11":"product_tag-fussballtrikot-guenstig-kaufen","12":"product_tag-fussballtrikot-kurzarm","13":"product_tag-guenstiges-fussballtrikot","15":"first","16":"instock","17":"shipping-taxable","18":"purchasable","19":"product-type-variable"},"_links":{"self":[{"href":"https:\/\/www.billigtrikotde.com\/es\/wp-json\/wp\/v2\/product\/4052","targetHints":{"allow":["GET"]}}],"collection":[{"href":"https:\/\/www.billigtrikotde.com\/es\/wp-json\/wp\/v2\/product"}],"about":[{"href":"https:\/\/www.billigtrikotde.com\/es\/wp-json\/wp\/v2\/types\/product"}],"replies":[{"embeddable":true,"href":"https:\/\/www.billigtrikotde.com\/es\/wp-json\/wp\/v2\/comments?post=4052"}],"wp:featuredmedia":[{"embeddable":true,"href":"https:\/\/www.billigtrikotde.com\/es\/wp-json\/wp\/v2\/media\/4086"}],"wp:attachment":[{"href":"https:\/\/www.billigtrikotde.com\/es\/wp-json\/wp\/v2\/media?parent=4052"}],"wp:term":[{"taxonomy":"product_brand","embeddable":true,"href":"https:\/\/www.billigtrikotde.com\/es\/wp-json\/wp\/v2\/product_brand?post=4052"},{"taxonomy":"product_cat","embeddable":true,"href":"https:\/\/www.billigtrikotde.com\/es\/wp-json\/wp\/v2\/product_cat?post=4052"},{"taxonomy":"product_tag","embeddable":true,"href":"https:\/\/www.billigtrikotde.com\/es\/wp-json\/wp\/v2\/product_tag?post=4052"}],"curies":[{"name":"wp","href":"https:\/\/api.w.org\/{rel}","templated":true}]}}