{"id":3994,"date":"2024-10-23T15:28:32","date_gmt":"2024-10-23T13:28:32","guid":{"rendered":"http:\/\/billigtrikots.com\/?post_type=product&#038;p=3994"},"modified":"2024-10-23T15:30:45","modified_gmt":"2024-10-23T13:30:45","slug":"los-angeles-fc-lafc-2021-black-gold-replica-jersey","status":"publish","type":"product","link":"https:\/\/www.billigtrikotde.com\/es\/los-angeles-fc-lafc-2021-black-gold-replica-jersey\/","title":{"rendered":"Los Angeles FC LAFC 2021 Camiseta r\u00e9plica oro negro"},"content":{"rendered":"<p>Tu joven fan es un gran aficionado de LAFC y siempre que est\u00e1n en el campo, tu peque est\u00e1 atento. Aseg\u00farate de que est\u00e9n debidamente equipados accediendo a esta Playera Replica Primaria 2021. Es emocionante ser un fan\u00e1tico devoto de LAFC y tu ni\u00f1o ser\u00e1 el m\u00e1s grande del lugar con esta camiseta de adidas, que presenta gr\u00e1ficos n\u00edtidos del equipo con tecnolog\u00eda AEROREADY para mantenerlo c\u00f3modo mientras anima al equipo hacia la victoria.<\/p>\n<p>Queremos que los aficionados celebren su afici\u00f3n personalizando determinados productos. Para estos productos personalizables, incluidas las camisetas, invitamos a los clientes a que nos digan c\u00f3mo les gustar\u00eda que apareciera su nombre preferido u otro texto escribiendo dicho texto en el campo indicado.<\/p>","protected":false},"excerpt":{"rendered":"<p>Your young fan is a huge LAFC fan and whenever they\u2019re on the pitch, your kiddo is tuned in. Be sure they are outfitted properly by grabbing this 2021 Primary Replica Jersey! It\u2019s exciting being a devout LAFC fan and your youngster will be the biggest one around in this adidas jersey, featuring crisp team [&hellip;]<\/p>","protected":false},"featured_media":4035,"comment_status":"open","ping_status":"closed","template":"","meta":[],"product_brand":[],"product_cat":[196],"product_tag":[20,21,22,23,24,197,198,199],"class_list":{"0":"post-3994","1":"product","2":"type-product","3":"status-publish","4":"has-post-thumbnail","6":"product_cat-los-angeles-fc","7":"product_tag-coole-fussballtrikots","8":"product_tag-fussballtrikot-fuer-herren","9":"product_tag-fussballtrikot-guenstig-kaufen","10":"product_tag-fussballtrikot-kurzarm","11":"product_tag-guenstiges-fussballtrikot","12":"product_tag-lafc-jerseys","13":"product_tag-los-angeles-fc-home-replica-jersey","14":"product_tag-replica-jersey","16":"first","17":"instock","18":"shipping-taxable","19":"purchasable","20":"product-type-variable"},"_links":{"self":[{"href":"https:\/\/www.billigtrikotde.com\/es\/wp-json\/wp\/v2\/product\/3994","targetHints":{"allow":["GET"]}}],"collection":[{"href":"https:\/\/www.billigtrikotde.com\/es\/wp-json\/wp\/v2\/product"}],"about":[{"href":"https:\/\/www.billigtrikotde.com\/es\/wp-json\/wp\/v2\/types\/product"}],"replies":[{"embeddable":true,"href":"https:\/\/www.billigtrikotde.com\/es\/wp-json\/wp\/v2\/comments?post=3994"}],"wp:featuredmedia":[{"embeddable":true,"href":"https:\/\/www.billigtrikotde.com\/es\/wp-json\/wp\/v2\/media\/4035"}],"wp:attachment":[{"href":"https:\/\/www.billigtrikotde.com\/es\/wp-json\/wp\/v2\/media?parent=3994"}],"wp:term":[{"taxonomy":"product_brand","embeddable":true,"href":"https:\/\/www.billigtrikotde.com\/es\/wp-json\/wp\/v2\/product_brand?post=3994"},{"taxonomy":"product_cat","embeddable":true,"href":"https:\/\/www.billigtrikotde.com\/es\/wp-json\/wp\/v2\/product_cat?post=3994"},{"taxonomy":"product_tag","embeddable":true,"href":"https:\/\/www.billigtrikotde.com\/es\/wp-json\/wp\/v2\/product_tag?post=3994"}],"curies":[{"name":"wp","href":"https:\/\/api.w.org\/{rel}","templated":true}]}}