{"id":3990,"date":"2024-10-23T15:28:29","date_gmt":"2024-10-23T13:28:29","guid":{"rendered":"http:\/\/billigtrikots.com\/?post_type=product&#038;p=3990"},"modified":"2024-10-23T15:30:43","modified_gmt":"2024-10-23T13:30:43","slug":"los-angeles-fc-lafc-2021-black-gold-primary-replica-player-jersey-moon-hwan-33","status":"publish","type":"product","link":"https:\/\/www.billigtrikotde.com\/es\/los-angeles-fc-lafc-2021-black-gold-primary-replica-player-jersey-moon-hwan-33\/","title":{"rendered":"Los Angeles FC LAFC 2021 Negro Oro Camiseta Replica Jugador Moon-HWAN 33"},"content":{"rendered":"<p>Aseg\u00farate de que est\u00e9n debidamente equipados agarrando esta Moon-hwan 2021 Primary Replica Player Jersey! Es emocionante ser un fan\u00e1tico devoto de LAFC y ser\u00e1s el m\u00e1s grande del lugar con esta camiseta adidas, con gr\u00e1ficos n\u00edtidos del equipo y tecnolog\u00eda AEROREADY que los mantendr\u00e1 c\u00f3modos mientras animan al equipo hacia la victoria.<\/p>\n<p>Queremos que los aficionados celebren su afici\u00f3n personalizando determinados productos. Para estos productos personalizables, incluidas las camisetas, invitamos a los clientes a que nos digan c\u00f3mo les gustar\u00eda que apareciera su nombre preferido u otro texto escribiendo dicho texto en el campo indicado.<\/p>","protected":false},"excerpt":{"rendered":"<p>Be sure they are outfitted properly by grabbing this Moon-hwan 2021 Primary Replica Player Jersey! It\u2019s exciting being a devout LAFC fan and you will be the biggest one around in this adidas jersey, featuring crisp team graphics with AEROREADY technology that will keep them comfortable as they cheer the squad to a victory. We [&hellip;]<\/p>","protected":false},"featured_media":4025,"comment_status":"open","ping_status":"closed","template":"","meta":[],"product_brand":[],"product_cat":[196],"product_tag":[20,21,22,23,24,197,198,199],"class_list":{"0":"post-3990","1":"product","2":"type-product","3":"status-publish","4":"has-post-thumbnail","6":"product_cat-los-angeles-fc","7":"product_tag-coole-fussballtrikots","8":"product_tag-fussballtrikot-fuer-herren","9":"product_tag-fussballtrikot-guenstig-kaufen","10":"product_tag-fussballtrikot-kurzarm","11":"product_tag-guenstiges-fussballtrikot","12":"product_tag-lafc-jerseys","13":"product_tag-los-angeles-fc-home-replica-jersey","14":"product_tag-replica-jersey","16":"first","17":"instock","18":"shipping-taxable","19":"purchasable","20":"product-type-variable"},"_links":{"self":[{"href":"https:\/\/www.billigtrikotde.com\/es\/wp-json\/wp\/v2\/product\/3990","targetHints":{"allow":["GET"]}}],"collection":[{"href":"https:\/\/www.billigtrikotde.com\/es\/wp-json\/wp\/v2\/product"}],"about":[{"href":"https:\/\/www.billigtrikotde.com\/es\/wp-json\/wp\/v2\/types\/product"}],"replies":[{"embeddable":true,"href":"https:\/\/www.billigtrikotde.com\/es\/wp-json\/wp\/v2\/comments?post=3990"}],"wp:featuredmedia":[{"embeddable":true,"href":"https:\/\/www.billigtrikotde.com\/es\/wp-json\/wp\/v2\/media\/4025"}],"wp:attachment":[{"href":"https:\/\/www.billigtrikotde.com\/es\/wp-json\/wp\/v2\/media?parent=3990"}],"wp:term":[{"taxonomy":"product_brand","embeddable":true,"href":"https:\/\/www.billigtrikotde.com\/es\/wp-json\/wp\/v2\/product_brand?post=3990"},{"taxonomy":"product_cat","embeddable":true,"href":"https:\/\/www.billigtrikotde.com\/es\/wp-json\/wp\/v2\/product_cat?post=3990"},{"taxonomy":"product_tag","embeddable":true,"href":"https:\/\/www.billigtrikotde.com\/es\/wp-json\/wp\/v2\/product_tag?post=3990"}],"curies":[{"name":"wp","href":"https:\/\/api.w.org\/{rel}","templated":true}]}}