{"id":3984,"date":"2024-10-23T15:28:00","date_gmt":"2024-10-23T13:28:00","guid":{"rendered":"http:\/\/billigtrikots.com\/?post_type=product&#038;p=3984"},"modified":"2024-10-23T15:30:10","modified_gmt":"2024-10-23T13:30:10","slug":"los-angeles-fc-2021-lafc-black-gold-primary-replica-player-jersey-kaye-14","status":"publish","type":"product","link":"https:\/\/www.billigtrikotde.com\/es\/los-angeles-fc-2021-lafc-black-gold-primary-replica-player-jersey-kaye-14\/","title":{"rendered":"Los Angeles FC 2021 LAFC Negro Oro Replica Camiseta Jugador Kaye 14"},"content":{"rendered":"<p>Eres un gran fan de LAFC, y siempre que est\u00e1n en el campo, est\u00e1s conectado. Aseg\u00farate de ir bien equipado diciendo con este Mark-Anthony Kaye 2021 Primary Replica Player Jersey. Es emocionante ser un devoto fan de LAFC y ser\u00e1s el m\u00e1s grande con esta camiseta adidas, que presenta gr\u00e1ficos n\u00edtidos del equipo con tecnolog\u00eda AEROREADY que te mantendr\u00e1 c\u00f3modo mientras animas a tu equipo hacia la victoria.<\/p>\n<p>Queremos que los aficionados celebren su afici\u00f3n personalizando determinados productos. Para estos productos personalizables, incluidas las camisetas, invitamos a los clientes a que nos digan c\u00f3mo les gustar\u00eda que apareciera su nombre preferido u otro texto escribiendo dicho texto en el campo indicado.<\/p>","protected":false},"excerpt":{"rendered":"<p>You\u2019re a huge LAFC fan, and whenever they\u2019re on the pitch, you\u2019re tuned in. Be sure you\u2019re outfitted properly by grabbing this Mark-Anthony Kaye 2021 Primary Replica Player Jersey! It\u2019s exciting being a devout LAFC fan and you\u2019ll be the biggest one around in this adidas jersey, featuring crisp team graphics with AEROREADY technology that [&hellip;]<\/p>","protected":false},"featured_media":4024,"comment_status":"open","ping_status":"closed","template":"","meta":[],"product_brand":[],"product_cat":[196],"product_tag":[20,21,22,23,24,197,198,199],"class_list":{"0":"post-3984","1":"product","2":"type-product","3":"status-publish","4":"has-post-thumbnail","6":"product_cat-los-angeles-fc","7":"product_tag-coole-fussballtrikots","8":"product_tag-fussballtrikot-fuer-herren","9":"product_tag-fussballtrikot-guenstig-kaufen","10":"product_tag-fussballtrikot-kurzarm","11":"product_tag-guenstiges-fussballtrikot","12":"product_tag-lafc-jerseys","13":"product_tag-los-angeles-fc-home-replica-jersey","14":"product_tag-replica-jersey","16":"first","17":"instock","18":"shipping-taxable","19":"purchasable","20":"product-type-variable"},"_links":{"self":[{"href":"https:\/\/www.billigtrikotde.com\/es\/wp-json\/wp\/v2\/product\/3984","targetHints":{"allow":["GET"]}}],"collection":[{"href":"https:\/\/www.billigtrikotde.com\/es\/wp-json\/wp\/v2\/product"}],"about":[{"href":"https:\/\/www.billigtrikotde.com\/es\/wp-json\/wp\/v2\/types\/product"}],"replies":[{"embeddable":true,"href":"https:\/\/www.billigtrikotde.com\/es\/wp-json\/wp\/v2\/comments?post=3984"}],"wp:featuredmedia":[{"embeddable":true,"href":"https:\/\/www.billigtrikotde.com\/es\/wp-json\/wp\/v2\/media\/4024"}],"wp:attachment":[{"href":"https:\/\/www.billigtrikotde.com\/es\/wp-json\/wp\/v2\/media?parent=3984"}],"wp:term":[{"taxonomy":"product_brand","embeddable":true,"href":"https:\/\/www.billigtrikotde.com\/es\/wp-json\/wp\/v2\/product_brand?post=3984"},{"taxonomy":"product_cat","embeddable":true,"href":"https:\/\/www.billigtrikotde.com\/es\/wp-json\/wp\/v2\/product_cat?post=3984"},{"taxonomy":"product_tag","embeddable":true,"href":"https:\/\/www.billigtrikotde.com\/es\/wp-json\/wp\/v2\/product_tag?post=3984"}],"curies":[{"name":"wp","href":"https:\/\/api.w.org\/{rel}","templated":true}]}}