{"id":3944,"date":"2024-10-23T15:26:13","date_gmt":"2024-10-23T13:26:13","guid":{"rendered":"http:\/\/billigtrikots.com\/?post_type=product&#038;p=3944"},"modified":"2024-10-23T15:28:23","modified_gmt":"2024-10-23T13:28:23","slug":"ssc-naepel-maradona-fussballtrikot-2021-2022-marineblau-mit-aufdruck-maradona-10","status":"publish","type":"product","link":"https:\/\/www.billigtrikotde.com\/es\/ssc-naepel-maradona-fussballtrikot-2021-2022-marineblau-mit-aufdruck-maradona-10\/","title":{"rendered":"SSC Naepel Maradona Camiseta de F\u00fatbol 2021-2022 Azul marino con estampado Maradona 10"},"content":{"rendered":"<p>El color base de la camiseta de f\u00fatbol EA7 Napoli Maradona 2021-2022 es azul marino e incluye una impresi\u00f3n de Maradona con la camiseta de f\u00fatbol argentina en la parte inferior. Esta impresi\u00f3n est\u00e1 dise\u00f1ada con un patr\u00f3n similar a una huella dactilar. La impresi\u00f3n est\u00e1 inspirada en una obra del artista napolitano Guiseppe Klain. Adem\u00e1s, la camiseta tambi\u00e9n presenta acentos en azul claro, inspirados en los colores del club SSC Napoli. La banda en la parte inferior de las mangas es azul claro, al igual que el cuello redondo y la cinta en los hombros. El logo de Emporio Armani Sportswear se encuentra en el lado derecho del pecho y en el lado izquierdo est\u00e1 el escudo del club. Los logotipos de Lete y MSC est\u00e1n en el centro de la camiseta. La manga izquierda de la camiseta lleva el logo del patrocinador de la manga, Amazon. Las iniciales del club est\u00e1n incorporadas en la nuca en la parte trasera de la camiseta de f\u00fatbol Napoli Maradona: SSCN.<\/p>\n<p>Consejos de lavado: Se recomienda lavar las camisetas de f\u00fatbol a mano. Si desea utilizar la lavadora, recuerde poner las camisetas de f\u00fatbol del rev\u00e9s y luego lavarlas. Llena la lavadora con agua fr\u00eda y utiliza un ciclo delicado para proteger mejor los colores.<\/p>\n<p>Impresi\u00f3n de camisetas de f\u00fatbol en l\u00ednea<br \/>\nTiene la posibilidad de dise\u00f1ar sus camisetas de f\u00fatbol. Puede elegir al jugador de f\u00fatbol de su equipo favorito o crear su propio nombre con n\u00famero.<\/p>","protected":false},"excerpt":{"rendered":"<p>Die Grundfarbe des EA7 Napoli Maradona 2021-2022 Fu\u00dfballtrikots ist Marineblau und enth\u00e4lt einen Aufdruck von Maradona im argentinischen Fu\u00dfballtrikot auf der Unterseite. Dieser Druck ist in einem fingerabdruck\u00e4hnlichen Design verarbeitet. Der Druck ist von einem Kunstwerk des neapolitanischen K\u00fcnstlers Guiseppe Klain inspiriert. Dar\u00fcber hinaus enth\u00e4lt das Trikot auch hellblaue Akzente, inspiriert von den Vereinsfarben des [&hellip;]<\/p>","protected":false},"featured_media":3985,"comment_status":"open","ping_status":"closed","template":"","meta":[],"product_brand":[],"product_cat":[192],"product_tag":[20,21,22,23,24,193],"class_list":{"0":"post-3944","1":"product","2":"type-product","3":"status-publish","4":"has-post-thumbnail","6":"product_cat-ssc-napoli","7":"product_tag-coole-fussballtrikots","8":"product_tag-fussballtrikot-fuer-herren","9":"product_tag-fussballtrikot-guenstig-kaufen","10":"product_tag-fussballtrikot-kurzarm","11":"product_tag-guenstiges-fussballtrikot","12":"product_tag-napoli-kits","14":"first","15":"instock","16":"shipping-taxable","17":"purchasable","18":"product-type-variable"},"_links":{"self":[{"href":"https:\/\/www.billigtrikotde.com\/es\/wp-json\/wp\/v2\/product\/3944","targetHints":{"allow":["GET"]}}],"collection":[{"href":"https:\/\/www.billigtrikotde.com\/es\/wp-json\/wp\/v2\/product"}],"about":[{"href":"https:\/\/www.billigtrikotde.com\/es\/wp-json\/wp\/v2\/types\/product"}],"replies":[{"embeddable":true,"href":"https:\/\/www.billigtrikotde.com\/es\/wp-json\/wp\/v2\/comments?post=3944"}],"wp:featuredmedia":[{"embeddable":true,"href":"https:\/\/www.billigtrikotde.com\/es\/wp-json\/wp\/v2\/media\/3985"}],"wp:attachment":[{"href":"https:\/\/www.billigtrikotde.com\/es\/wp-json\/wp\/v2\/media?parent=3944"}],"wp:term":[{"taxonomy":"product_brand","embeddable":true,"href":"https:\/\/www.billigtrikotde.com\/es\/wp-json\/wp\/v2\/product_brand?post=3944"},{"taxonomy":"product_cat","embeddable":true,"href":"https:\/\/www.billigtrikotde.com\/es\/wp-json\/wp\/v2\/product_cat?post=3944"},{"taxonomy":"product_tag","embeddable":true,"href":"https:\/\/www.billigtrikotde.com\/es\/wp-json\/wp\/v2\/product_tag?post=3944"}],"curies":[{"name":"wp","href":"https:\/\/api.w.org\/{rel}","templated":true}]}}