{"id":3909,"date":"2024-10-23T15:24:28","date_gmt":"2024-10-23T13:24:28","guid":{"rendered":"http:\/\/billigtrikots.com\/?post_type=product&#038;p=3909"},"modified":"2024-10-23T15:26:42","modified_gmt":"2024-10-23T13:26:42","slug":"rb-leipzig-rbl-auswaertstrikot-2021-22-herren-schwarz-gelb-blau","status":"publish","type":"product","link":"https:\/\/www.billigtrikotde.com\/es\/rb-leipzig-rbl-auswaertstrikot-2021-22-herren-schwarz-gelb-blau\/","title":{"rendered":"RB Leipzig RBL away kit 2021\/22 hombre negro\/amarillo\/azul"},"content":{"rendered":"<p>Siente la energ\u00eda con la camiseta Nike RB Leipzig 21\/22 Stadium Away Jersey, una versi\u00f3n para aficionados de la camiseta que llevan los profesionales con un corte ligeramente m\u00e1s holgado.<\/p>\n<p>Dise\u00f1ada pensando en los aficionados, la camiseta Nike RB Leipzig 21\/22 Stadium Away Jersey est\u00e1 confeccionada con el ligero tejido Nike Breathe para mantenerte fresco y c\u00f3modo tanto si sigues a tus h\u00e9roes como si les animas desde la grada.<\/p>\n<p>La camiseta visitante RB Leipzig 21\/22 presenta el mismo dise\u00f1o que la camiseta local, esta vez en colores brillantes que crean un v\u00ednculo con el equipo de carreras de F1 de la marca. La cinta lateral RBL personalizada completa el look centrado en la velocidad.<\/p>\n<p>Consejos para la impresi\u00f3n: Si el nombre y el n\u00famero que aparecen en la imagen son exactamente los que desea, no es necesario que los vuelva a introducir. En caso contrario, deber\u00e1 introducir el nombre y el n\u00famero que desee.<\/p>\n<p>Consejos de lavado: Se recomienda lavar las camisetas de f\u00fatbol a mano. Si desea utilizar la lavadora, recuerde poner las camisetas de f\u00fatbol del rev\u00e9s y luego lavarlas. Llena la lavadora con agua fr\u00eda y utiliza un ciclo delicado para proteger mejor los colores.<\/p>","protected":false},"excerpt":{"rendered":"<p>Siente la energ\u00eda con la camiseta visitante de estadio de Nike RB Leipzig 21\/22, una versi\u00f3n para fans de la camiseta que llevan los profesionales, con un ajuste algo m\u00e1s holgado. La camiseta visitante de estadio de Nike RB Leipzig 21\/22 fue dise\u00f1ada especialmente para fans y est\u00e1 hecha de material ligero Nike Breathe que te mantiene fresco y c\u00f3modo, ya sea que sigas a tu h\u00e9roe \u2026<\/p>","protected":false},"featured_media":3950,"comment_status":"open","ping_status":"closed","template":"","meta":[],"product_brand":[],"product_cat":[185],"product_tag":[20,21,22,23,24,186,187],"class_list":{"0":"post-3909","1":"product","2":"type-product","3":"status-publish","4":"has-post-thumbnail","6":"product_cat-rb-leipzig","7":"product_tag-coole-fussballtrikots","8":"product_tag-fussballtrikot-fuer-herren","9":"product_tag-fussballtrikot-guenstig-kaufen","10":"product_tag-fussballtrikot-kurzarm","11":"product_tag-guenstiges-fussballtrikot","12":"product_tag-rb-leipzig-auswaertstrikot","13":"product_tag-rb-leipzig-trikots","15":"first","16":"instock","17":"shipping-taxable","18":"purchasable","19":"product-type-variable"},"_links":{"self":[{"href":"https:\/\/www.billigtrikotde.com\/es\/wp-json\/wp\/v2\/product\/3909","targetHints":{"allow":["GET"]}}],"collection":[{"href":"https:\/\/www.billigtrikotde.com\/es\/wp-json\/wp\/v2\/product"}],"about":[{"href":"https:\/\/www.billigtrikotde.com\/es\/wp-json\/wp\/v2\/types\/product"}],"replies":[{"embeddable":true,"href":"https:\/\/www.billigtrikotde.com\/es\/wp-json\/wp\/v2\/comments?post=3909"}],"wp:featuredmedia":[{"embeddable":true,"href":"https:\/\/www.billigtrikotde.com\/es\/wp-json\/wp\/v2\/media\/3950"}],"wp:attachment":[{"href":"https:\/\/www.billigtrikotde.com\/es\/wp-json\/wp\/v2\/media?parent=3909"}],"wp:term":[{"taxonomy":"product_brand","embeddable":true,"href":"https:\/\/www.billigtrikotde.com\/es\/wp-json\/wp\/v2\/product_brand?post=3909"},{"taxonomy":"product_cat","embeddable":true,"href":"https:\/\/www.billigtrikotde.com\/es\/wp-json\/wp\/v2\/product_cat?post=3909"},{"taxonomy":"product_tag","embeddable":true,"href":"https:\/\/www.billigtrikotde.com\/es\/wp-json\/wp\/v2\/product_tag?post=3909"}],"curies":[{"name":"wp","href":"https:\/\/api.w.org\/{rel}","templated":true}]}}