{"id":3898,"date":"2024-10-23T15:23:53","date_gmt":"2024-10-23T13:23:53","guid":{"rendered":"http:\/\/billigtrikots.com\/?post_type=product&#038;p=3898"},"modified":"2024-10-23T15:26:07","modified_gmt":"2024-10-23T13:26:07","slug":"la-galaxy-2021-22-away-jersey-black-green-with-lletget-17-printing","status":"publish","type":"product","link":"https:\/\/www.billigtrikotde.com\/es\/la-galaxy-2021-22-away-jersey-black-green-with-lletget-17-printing\/","title":{"rendered":"LA Galaxy 2021\/22 Away Jersey Negro Verde Con Impresi\u00f3n Lletget 17"},"content":{"rendered":"<p>Obt\u00e9n un nuevo look audaz y muestra tu apoyo a The Galaxy con esta Camiseta de visitante 2021 de Adidas, que se beneficia de haber sido desarrollada con la tecnolog\u00eda Aeroready, que absorbe la humedad y se seca r\u00e1pidamente para una comodidad \u00f3ptima. El dise\u00f1o a rayas de la camiseta rinde tributo a la ciudad donde nada se te da y tienes que ganar tus rayas, mientras que el branding de Adidas y el escudo del club completan el aspecto elegante, perfecto para cualquier aficionado al club.<\/p>\n<p>Consejos para la impresi\u00f3n: Si el nombre y el n\u00famero que aparecen en la imagen son exactamente los que desea, no es necesario que los vuelva a introducir. En caso contrario, deber\u00e1 introducir el nombre y el n\u00famero que desee.<\/p>\n<p>Consejos de lavado: Se recomienda lavar las camisetas de f\u00fatbol a mano. Si desea utilizar la lavadora, recuerde poner las camisetas de f\u00fatbol del rev\u00e9s y luego lavarlas. Llena la lavadora con agua fr\u00eda y utiliza un ciclo delicado para proteger mejor los colores.<\/p>","protected":false},"excerpt":{"rendered":"<p>Get a bold new look and showcase your support for The Galaxy with this 2021 Away Shirt from adidas which benefits from being developed with Aeroready technology which absorbs moisture and dries quickly for optimal comfort. The jersey\u2019s striped design pays tribute to the city where nothing is given and you have to earn your [&hellip;]<\/p>","protected":false},"featured_media":3939,"comment_status":"open","ping_status":"closed","template":"","meta":[],"product_brand":[],"product_cat":[182],"product_tag":[20,21,22,23,24,183,184],"class_list":{"0":"post-3898","1":"product","2":"type-product","3":"status-publish","4":"has-post-thumbnail","6":"product_cat-la-galaxy","7":"product_tag-coole-fussballtrikots","8":"product_tag-fussballtrikot-fuer-herren","9":"product_tag-fussballtrikot-guenstig-kaufen","10":"product_tag-fussballtrikot-kurzarm","11":"product_tag-guenstiges-fussballtrikot","12":"product_tag-la-galaxy-away-shirt","13":"product_tag-la-galaxy-trikots","15":"first","16":"instock","17":"shipping-taxable","18":"purchasable","19":"product-type-variable"},"_links":{"self":[{"href":"https:\/\/www.billigtrikotde.com\/es\/wp-json\/wp\/v2\/product\/3898","targetHints":{"allow":["GET"]}}],"collection":[{"href":"https:\/\/www.billigtrikotde.com\/es\/wp-json\/wp\/v2\/product"}],"about":[{"href":"https:\/\/www.billigtrikotde.com\/es\/wp-json\/wp\/v2\/types\/product"}],"replies":[{"embeddable":true,"href":"https:\/\/www.billigtrikotde.com\/es\/wp-json\/wp\/v2\/comments?post=3898"}],"wp:featuredmedia":[{"embeddable":true,"href":"https:\/\/www.billigtrikotde.com\/es\/wp-json\/wp\/v2\/media\/3939"}],"wp:attachment":[{"href":"https:\/\/www.billigtrikotde.com\/es\/wp-json\/wp\/v2\/media?parent=3898"}],"wp:term":[{"taxonomy":"product_brand","embeddable":true,"href":"https:\/\/www.billigtrikotde.com\/es\/wp-json\/wp\/v2\/product_brand?post=3898"},{"taxonomy":"product_cat","embeddable":true,"href":"https:\/\/www.billigtrikotde.com\/es\/wp-json\/wp\/v2\/product_cat?post=3898"},{"taxonomy":"product_tag","embeddable":true,"href":"https:\/\/www.billigtrikotde.com\/es\/wp-json\/wp\/v2\/product_tag?post=3898"}],"curies":[{"name":"wp","href":"https:\/\/api.w.org\/{rel}","templated":true}]}}