{"id":3874,"date":"2024-10-23T15:22:44","date_gmt":"2024-10-23T13:22:44","guid":{"rendered":"http:\/\/billigtrikots.com\/?post_type=product&#038;p=3874"},"modified":"2024-10-23T15:24:55","modified_gmt":"2024-10-23T13:24:55","slug":"orlando-city-sc-mueller-9-purple-2021-thick-n-thin-player-jersey","status":"publish","type":"product","link":"https:\/\/www.billigtrikotde.com\/es\/orlando-city-sc-mueller-9-purple-2021-thick-n-thin-player-jersey\/","title":{"rendered":"Orlando City SC MUELLER 9 Purple 2021 Thick N Thin Camiseta de jugador"},"content":{"rendered":"<p>Eres un gran fan del Orlando City SC, y siempre que est\u00e1n en el campo, est\u00e1s sintonizado. Aseg\u00farate de estar bien equipado con esta camiseta Nani 2021 Thick N Thin Player. Es emocionante ser un fan incondicional del Orlando City SC, y t\u00fa ser\u00e1s el mejor con esta camiseta adidas con gr\u00e1ficos n\u00edtidos del equipo y tecnolog\u00eda innovadora para animar a tu equipo a ganar.<\/p>\n<p>Queremos que los aficionados celebren su afici\u00f3n personalizando determinados productos. Para estos productos personalizables, incluidas las camisetas, pedimos a los clientes que nos indiquen c\u00f3mo les gustar\u00eda que apareciera su nombre preferido u otro texto introduci\u00e9ndolo en el campo correspondiente. Sin embargo, s\u00f3lo porque un cliente pueda introducir el texto de personalizaci\u00f3n sugerido en la casilla y completar el pedido a trav\u00e9s de la p\u00e1gina web, no todos los textos de personalizaci\u00f3n sugeridos ser\u00e1n aceptados. Tenga en cuenta que Fanatics puede rechazar y cancelar cualquier pedido personalizado por cualquier motivo, incluidos los mensajes considerados ofensivos o inapropiados. Eres un gran fan del Orlando City SC, y siempre que est\u00e1n en el campo, est\u00e1s encendido. Aseg\u00farate de ir bien equipado con esta camiseta personalizada 2021 Thick N Thin. Es emocionante ser un seguidor incondicional del Orlando City SC, y t\u00fa ser\u00e1s el mejor con esta camiseta adidas con n\u00edtidos gr\u00e1ficos del equipo y tecnolog\u00eda innovadora para animar a tu equipo hasta la victoria.<\/p>","protected":false},"excerpt":{"rendered":"<p>Sie sind ein gro\u00dfer Orlando City SC-Fan, und wann immer sie auf dem Spielfeld sind, sind Sie eingestimmt. Stellen Sie sicher, dass Sie richtig ausgestattet sind, indem Sie sich dieses Nani 2021 Thick N Thin Player Jersey schnappen! Es ist aufregend, ein \u00fcberzeugter Orlando City SC-Fan zu sein, und in diesem adidas-Trikot mit gestochen scharfen [&hellip;]<\/p>","protected":false},"featured_media":3914,"comment_status":"open","ping_status":"closed","template":"","meta":[],"product_brand":[],"product_cat":[179],"product_tag":[20,21,22,23,24,180,181],"class_list":{"0":"post-3874","1":"product","2":"type-product","3":"status-publish","4":"has-post-thumbnail","6":"product_cat-orlando-city-sc","7":"product_tag-coole-fussballtrikots","8":"product_tag-fussballtrikot-fuer-herren","9":"product_tag-fussballtrikot-guenstig-kaufen","10":"product_tag-fussballtrikot-kurzarm","11":"product_tag-guenstiges-fussballtrikot","12":"product_tag-orlando-city-heimtrikot","13":"product_tag-orlando-city-trikots","15":"first","16":"instock","17":"shipping-taxable","18":"purchasable","19":"product-type-variable"},"_links":{"self":[{"href":"https:\/\/www.billigtrikotde.com\/es\/wp-json\/wp\/v2\/product\/3874","targetHints":{"allow":["GET"]}}],"collection":[{"href":"https:\/\/www.billigtrikotde.com\/es\/wp-json\/wp\/v2\/product"}],"about":[{"href":"https:\/\/www.billigtrikotde.com\/es\/wp-json\/wp\/v2\/types\/product"}],"replies":[{"embeddable":true,"href":"https:\/\/www.billigtrikotde.com\/es\/wp-json\/wp\/v2\/comments?post=3874"}],"wp:featuredmedia":[{"embeddable":true,"href":"https:\/\/www.billigtrikotde.com\/es\/wp-json\/wp\/v2\/media\/3914"}],"wp:attachment":[{"href":"https:\/\/www.billigtrikotde.com\/es\/wp-json\/wp\/v2\/media?parent=3874"}],"wp:term":[{"taxonomy":"product_brand","embeddable":true,"href":"https:\/\/www.billigtrikotde.com\/es\/wp-json\/wp\/v2\/product_brand?post=3874"},{"taxonomy":"product_cat","embeddable":true,"href":"https:\/\/www.billigtrikotde.com\/es\/wp-json\/wp\/v2\/product_cat?post=3874"},{"taxonomy":"product_tag","embeddable":true,"href":"https:\/\/www.billigtrikotde.com\/es\/wp-json\/wp\/v2\/product_tag?post=3874"}],"curies":[{"name":"wp","href":"https:\/\/api.w.org\/{rel}","templated":true}]}}