{"id":3863,"date":"2024-10-23T15:22:15","date_gmt":"2024-10-23T13:22:15","guid":{"rendered":"http:\/\/billigtrikots.com\/?post_type=product&#038;p=3863"},"modified":"2024-10-23T15:24:53","modified_gmt":"2024-10-23T13:24:53","slug":"orlando-city-sc-ruan-2-purple-2021-thick-n-thin-player-jersey","status":"publish","type":"product","link":"https:\/\/www.billigtrikotde.com\/es\/orlando-city-sc-ruan-2-purple-2021-thick-n-thin-player-jersey\/","title":{"rendered":"Orlando City SC RUAN 2 Purple 2021 Thick N Thin Jersey Jugador"},"content":{"rendered":"<p>Eres un gran fan del Orlando City SC, y siempre que est\u00e1n en el campo, est\u00e1s sintonizado. Aseg\u00farate de ir bien equipado con esta Camiseta de Jugador Nani 2021 Thick N Thin. Es emocionante ser un devoto seguidor del Orlando City SC y t\u00fa ser\u00e1s el m\u00e1s grande con esta camiseta adidas, que presenta gr\u00e1ficos n\u00edtidos del equipo con una tecnolog\u00eda innovadora que te mantendr\u00e1 c\u00f3modo mientras animas a tu equipo hasta la victoria.<\/p>\n<p>Queremos que los aficionados celebren su afici\u00f3n personalizando determinados productos. Para estos productos personalizables, incluidas las camisetas, invitamos a los clientes a que nos digan c\u00f3mo les gustar\u00eda que apareciera su nombre preferido u otro texto escribiendo dicho texto en el campo indicado. Sin embargo, s\u00f3lo porque un cliente pueda escribir el texto de personalizaci\u00f3n propuesto en el campo y pueda completar el pedido a trav\u00e9s de la p\u00e1gina web, no todos los textos de personalizaci\u00f3n propuestos ser\u00e1n aceptados. Tenga en cuenta que Fanatics puede rechazar y cancelar cualquier pedido de personalizaci\u00f3n por cualquier motivo, incluidos los mensajes que se consideren ofensivos o inapropiados. Aseg\u00farate de ir bien equipado con esta camiseta 2021 Thick N Thin Custom Jersey. Es emocionante ser un fan devoto del Orlando City SC y ser\u00e1s el m\u00e1s grande con esta camiseta adidas, con gr\u00e1ficos n\u00edtidos del equipo con tecnolog\u00eda innovadora que te mantendr\u00e1 c\u00f3modo mientras animas a tu equipo a la victoria.<\/p>","protected":false},"excerpt":{"rendered":"<p>You\u2019re a huge Orlando City SC fan, and whenever they\u2019re on the pitch, you\u2019re tuned in. Be sure you\u2019re outfitted properly by grabbing this Nani 2021 Thick N Thin Player Jersey! It\u2019s exciting being a devout Orlando City SC fan and you\u2019ll be the biggest one around in this adidas jersey, featuring crisp team graphics [&hellip;]<\/p>","protected":false},"featured_media":3903,"comment_status":"open","ping_status":"closed","template":"","meta":[],"product_brand":[],"product_cat":[179],"product_tag":[20,21,22,23,24,180,181],"class_list":{"0":"post-3863","1":"product","2":"type-product","3":"status-publish","4":"has-post-thumbnail","6":"product_cat-orlando-city-sc","7":"product_tag-coole-fussballtrikots","8":"product_tag-fussballtrikot-fuer-herren","9":"product_tag-fussballtrikot-guenstig-kaufen","10":"product_tag-fussballtrikot-kurzarm","11":"product_tag-guenstiges-fussballtrikot","12":"product_tag-orlando-city-heimtrikot","13":"product_tag-orlando-city-trikots","15":"first","16":"instock","17":"shipping-taxable","18":"purchasable","19":"product-type-variable"},"_links":{"self":[{"href":"https:\/\/www.billigtrikotde.com\/es\/wp-json\/wp\/v2\/product\/3863","targetHints":{"allow":["GET"]}}],"collection":[{"href":"https:\/\/www.billigtrikotde.com\/es\/wp-json\/wp\/v2\/product"}],"about":[{"href":"https:\/\/www.billigtrikotde.com\/es\/wp-json\/wp\/v2\/types\/product"}],"replies":[{"embeddable":true,"href":"https:\/\/www.billigtrikotde.com\/es\/wp-json\/wp\/v2\/comments?post=3863"}],"wp:featuredmedia":[{"embeddable":true,"href":"https:\/\/www.billigtrikotde.com\/es\/wp-json\/wp\/v2\/media\/3903"}],"wp:attachment":[{"href":"https:\/\/www.billigtrikotde.com\/es\/wp-json\/wp\/v2\/media?parent=3863"}],"wp:term":[{"taxonomy":"product_brand","embeddable":true,"href":"https:\/\/www.billigtrikotde.com\/es\/wp-json\/wp\/v2\/product_brand?post=3863"},{"taxonomy":"product_cat","embeddable":true,"href":"https:\/\/www.billigtrikotde.com\/es\/wp-json\/wp\/v2\/product_cat?post=3863"},{"taxonomy":"product_tag","embeddable":true,"href":"https:\/\/www.billigtrikotde.com\/es\/wp-json\/wp\/v2\/product_tag?post=3863"}],"curies":[{"name":"wp","href":"https:\/\/api.w.org\/{rel}","templated":true}]}}