{"id":3861,"date":"2024-10-23T15:22:13","date_gmt":"2024-10-23T13:22:13","guid":{"rendered":"http:\/\/billigtrikots.com\/?post_type=product&#038;p=3861"},"modified":"2024-10-23T15:24:20","modified_gmt":"2024-10-23T13:24:20","slug":"orlando-city-sc-nani-17-purple-2021-thick-n-thin-player-jersey","status":"publish","type":"product","link":"https:\/\/www.billigtrikotde.com\/es\/orlando-city-sc-nani-17-purple-2021-thick-n-thin-player-jersey\/","title":{"rendered":"Orlando City SC Nani 17# Camiseta de Jugador Thick N Thin P\u00farpura 2021"},"content":{"rendered":"<p>En las buenas y en las malas. Luciendo los colores morados caracter\u00edsticos del Orlando City, el dise\u00f1o deste\u00f1ido de esta camiseta de f\u00fatbol adidas captura el ambiente crepitante de un Camping World Stadium lleno de humo. Adem\u00e1s de rendir homenaje a los fieles seguidores del club, incorpora AEROREADY que absorbe el sudor y un escudo tejido de primera calidad.<\/p>\n<p>Queremos que los aficionados celebren su afici\u00f3n personalizando determinados productos. Para estos productos personalizables, incluidas las camisetas, invitamos a los clientes a que nos digan c\u00f3mo les gustar\u00eda que apareciera su nombre preferido u otro texto escribiendo dicho texto en el campo indicado. Sin embargo, s\u00f3lo porque un cliente pueda escribir el texto de personalizaci\u00f3n propuesto en el campo y pueda completar el pedido a trav\u00e9s de la p\u00e1gina web, no todos los textos de personalizaci\u00f3n propuestos ser\u00e1n aceptados. Tenga en cuenta que Fanatics puede rechazar y cancelar cualquier pedido de personalizaci\u00f3n por cualquier motivo, incluidos los mensajes que se consideren ofensivos o inapropiados. Aseg\u00farate de ir bien equipado con esta camiseta 2021 Thick N Thin Custom Jersey. Es emocionante ser un fan devoto del Orlando City SC y ser\u00e1s el m\u00e1s grande con esta camiseta adidas, con gr\u00e1ficos n\u00edtidos del equipo con tecnolog\u00eda innovadora que te mantendr\u00e1 c\u00f3modo mientras animas a tu equipo a la victoria.<\/p>","protected":false},"excerpt":{"rendered":"<p>Through thick and thin. Mostrando los colores p\u00farpura caracter\u00edsticos de Orlando City, este maillot de f\u00fatbol de Adidas con dise\u00f1o desvanecido captura la atm\u00f3sfera crujiente del Camping World Stadium lleno de humo. Adem\u00e1s de rendir homenaje a los aficionados leales del club, cuenta con AEROREADY que absorbe el sudor y un distintivo premium woven. Queremos que los aficionados celebren su afici\u00f3n personalizando [\u2026]<\/p>","protected":false},"featured_media":3902,"comment_status":"open","ping_status":"closed","template":"","meta":[],"product_brand":[],"product_cat":[179],"product_tag":[20,21,22,23,24,180,181],"class_list":{"0":"post-3861","1":"product","2":"type-product","3":"status-publish","4":"has-post-thumbnail","6":"product_cat-orlando-city-sc","7":"product_tag-coole-fussballtrikots","8":"product_tag-fussballtrikot-fuer-herren","9":"product_tag-fussballtrikot-guenstig-kaufen","10":"product_tag-fussballtrikot-kurzarm","11":"product_tag-guenstiges-fussballtrikot","12":"product_tag-orlando-city-heimtrikot","13":"product_tag-orlando-city-trikots","15":"first","16":"instock","17":"shipping-taxable","18":"purchasable","19":"product-type-variable"},"_links":{"self":[{"href":"https:\/\/www.billigtrikotde.com\/es\/wp-json\/wp\/v2\/product\/3861","targetHints":{"allow":["GET"]}}],"collection":[{"href":"https:\/\/www.billigtrikotde.com\/es\/wp-json\/wp\/v2\/product"}],"about":[{"href":"https:\/\/www.billigtrikotde.com\/es\/wp-json\/wp\/v2\/types\/product"}],"replies":[{"embeddable":true,"href":"https:\/\/www.billigtrikotde.com\/es\/wp-json\/wp\/v2\/comments?post=3861"}],"wp:featuredmedia":[{"embeddable":true,"href":"https:\/\/www.billigtrikotde.com\/es\/wp-json\/wp\/v2\/media\/3902"}],"wp:attachment":[{"href":"https:\/\/www.billigtrikotde.com\/es\/wp-json\/wp\/v2\/media?parent=3861"}],"wp:term":[{"taxonomy":"product_brand","embeddable":true,"href":"https:\/\/www.billigtrikotde.com\/es\/wp-json\/wp\/v2\/product_brand?post=3861"},{"taxonomy":"product_cat","embeddable":true,"href":"https:\/\/www.billigtrikotde.com\/es\/wp-json\/wp\/v2\/product_cat?post=3861"},{"taxonomy":"product_tag","embeddable":true,"href":"https:\/\/www.billigtrikotde.com\/es\/wp-json\/wp\/v2\/product_tag?post=3861"}],"curies":[{"name":"wp","href":"https:\/\/api.w.org\/{rel}","templated":true}]}}