{"id":3754,"date":"2024-10-23T15:17:10","date_gmt":"2024-10-23T13:17:10","guid":{"rendered":"http:\/\/billigtrikots.com\/?post_type=product&#038;p=3754"},"modified":"2024-10-23T15:19:16","modified_gmt":"2024-10-23T13:19:16","slug":"personalisierbar-trikotsatz-liverpool-fc-ausweichtrikot-2021-22-gelb-rot-origi-27","status":"publish","type":"product","link":"https:\/\/www.billigtrikotde.com\/es\/personalisierbar-trikotsatz-liverpool-fc-ausweichtrikot-2021-22-gelb-rot-origi-27\/","title":{"rendered":"Equipaci\u00f3n personalizada del Liverpool FC 2021\/22 amarillo-rojo ORIGI 27"},"content":{"rendered":"<p>Representa a tu equipo con la camiseta alternativa de Liverpool. El material extremadamente transpirable aleja el sudor de la piel y proporciona una sensaci\u00f3n de frescura y comodidad, ya sea en el campo o en las gradas.<\/p>\n<p>Comodidad seca<\/p>\n<p>La tecnolog\u00eda Nike Dri-FIT aleja el sudor de la piel, permitiendo que se evapore r\u00e1pidamente y manteni\u00e9ndote seco y c\u00f3modo.<\/p>\n<p>Comodidad fresca<\/p>\n<p>El material Nike Breathe es especialmente transpirable y te mantiene fresco.<\/p>\n<p>Consejos para la impresi\u00f3n: Si el nombre y el n\u00famero que aparecen en la imagen son exactamente los que desea, no es necesario que los vuelva a introducir. En caso contrario, deber\u00e1 introducir el nombre y el n\u00famero que desee.<\/p>\n<p>Consejos de lavado: Se recomienda lavar las camisetas de f\u00fatbol a mano. Si desea utilizar la lavadora, recuerde poner las camisetas de f\u00fatbol del rev\u00e9s y luego lavarlas. Llena la lavadora con agua fr\u00eda y utiliza un ciclo delicado para proteger mejor los colores.<\/p>","protected":false},"excerpt":{"rendered":"<p>Representa a tu equipo con la camiseta de visitante de Liverpool. El tejido ultratranspirable aparta el sudor de la piel y as\u00ed proporciona una comodidad fresca para usar, ya sea en el campo o en las gradas. Comodidad de uso seca La tecnolog\u00eda Nike Dri-FIT aparta el sudor de la piel, haci\u00e9ndolo evaporarse r\u00e1pidamente, y as\u00ed ofrece comodidad de uso seca. Comodidad de uso m\u00e1s fresca El [\u2026]<\/p>","protected":false},"featured_media":3793,"comment_status":"open","ping_status":"closed","template":"","meta":[],"product_brand":[],"product_cat":[176],"product_tag":[20,21,22,23,24,177,153],"class_list":{"0":"post-3754","1":"product","2":"type-product","3":"status-publish","4":"has-post-thumbnail","6":"product_cat-liverpool-fc","7":"product_tag-coole-fussballtrikots","8":"product_tag-fussballtrikot-fuer-herren","9":"product_tag-fussballtrikot-guenstig-kaufen","10":"product_tag-fussballtrikot-kurzarm","11":"product_tag-guenstiges-fussballtrikot","12":"product_tag-liverpool-ausweichtrikot","13":"product_tag-liverpool-trikots","15":"first","16":"instock","17":"shipping-taxable","18":"purchasable","19":"product-type-variable"},"_links":{"self":[{"href":"https:\/\/www.billigtrikotde.com\/es\/wp-json\/wp\/v2\/product\/3754","targetHints":{"allow":["GET"]}}],"collection":[{"href":"https:\/\/www.billigtrikotde.com\/es\/wp-json\/wp\/v2\/product"}],"about":[{"href":"https:\/\/www.billigtrikotde.com\/es\/wp-json\/wp\/v2\/types\/product"}],"replies":[{"embeddable":true,"href":"https:\/\/www.billigtrikotde.com\/es\/wp-json\/wp\/v2\/comments?post=3754"}],"wp:featuredmedia":[{"embeddable":true,"href":"https:\/\/www.billigtrikotde.com\/es\/wp-json\/wp\/v2\/media\/3793"}],"wp:attachment":[{"href":"https:\/\/www.billigtrikotde.com\/es\/wp-json\/wp\/v2\/media?parent=3754"}],"wp:term":[{"taxonomy":"product_brand","embeddable":true,"href":"https:\/\/www.billigtrikotde.com\/es\/wp-json\/wp\/v2\/product_brand?post=3754"},{"taxonomy":"product_cat","embeddable":true,"href":"https:\/\/www.billigtrikotde.com\/es\/wp-json\/wp\/v2\/product_cat?post=3754"},{"taxonomy":"product_tag","embeddable":true,"href":"https:\/\/www.billigtrikotde.com\/es\/wp-json\/wp\/v2\/product_tag?post=3754"}],"curies":[{"name":"wp","href":"https:\/\/api.w.org\/{rel}","templated":true}]}}