{"id":3690,"date":"2024-10-23T15:14:22","date_gmt":"2024-10-23T13:14:22","guid":{"rendered":"http:\/\/billigtrikots.com\/?post_type=product&#038;p=3690"},"modified":"2024-10-23T15:16:27","modified_gmt":"2024-10-23T13:16:27","slug":"personalisierbar-fc-liverpool-auswaertstrikot-2021-22-beige-mit-aufdruck-mane-10","status":"publish","type":"product","link":"https:\/\/www.billigtrikotde.com\/es\/personalisierbar-fc-liverpool-auswaertstrikot-2021-22-beige-mit-aufdruck-mane-10\/","title":{"rendered":"Equipaci\u00f3n visitante personalizable del Liverpool FC 2021\/22 beige con estampado de Man\u00e9 10"},"content":{"rendered":"<p>Aqu\u00ed llega la camiseta Nike de color rojo que te ayudar\u00e1 a apoyar a tu club favorito en cualquier situaci\u00f3n y a demostrar por qu\u00e9 late tu coraz\u00f3n. Todo verdadero seguidor del Liverpool FC necesita esta camiseta visitante, porque los jugadores tambi\u00e9n la llevan en la Premier League. El modelo, ligero, transpirable y superc\u00f3modo, es un ganador en todos los aspectos. Destaca visualmente con el escudo del club en el pecho. Con esta camiseta, podr\u00e1s rendir a\u00fan mejor y prepararte para el pr\u00f3ximo partido.<\/p>\n<p>Consejos para la impresi\u00f3n: Si el nombre y el n\u00famero que aparecen en la imagen son exactamente los que desea, no es necesario que los vuelva a introducir. En caso contrario, deber\u00e1 introducir el nombre y el n\u00famero que desee.<\/p>\n<p>Consejos de lavado: Se recomienda lavar las camisetas de f\u00fatbol a mano. Si desea utilizar la lavadora, recuerde poner las camisetas de f\u00fatbol del rev\u00e9s y luego lavarlas. Llena la lavadora con agua fr\u00eda y utiliza un ciclo delicado para proteger mejor los colores.<\/p>","protected":false},"excerpt":{"rendered":"<p>Hier kommt das Nike Shirt in Rot, das dir hilft, deinen Lieblingsverein in jeder Lage zu unterst\u00fctzen und zu zeigen, wof\u00fcr dein Herz schl\u00e4gt. Jeder waschechte FC Liverpool-Supporter ben\u00f6tigt dieses Ausw\u00e4rts-Shirt, denn auch die Spieler tragen es in der Premier League. Das leichte, schwei\u00dfableitende, atmungsaktive und super bequeme Modell \u00fcberzeugt auf ganzer Linie. Es besticht [&hellip;]<\/p>","protected":false},"featured_media":3731,"comment_status":"open","ping_status":"closed","template":"","meta":[],"product_brand":[],"product_cat":[176],"product_tag":[20,21,22,23,24,156,153],"class_list":{"0":"post-3690","1":"product","2":"type-product","3":"status-publish","4":"has-post-thumbnail","6":"product_cat-liverpool-fc","7":"product_tag-coole-fussballtrikots","8":"product_tag-fussballtrikot-fuer-herren","9":"product_tag-fussballtrikot-guenstig-kaufen","10":"product_tag-fussballtrikot-kurzarm","11":"product_tag-guenstiges-fussballtrikot","12":"product_tag-liverpool-auswaertstrikot","13":"product_tag-liverpool-trikots","15":"first","16":"instock","17":"shipping-taxable","18":"purchasable","19":"product-type-variable"},"_links":{"self":[{"href":"https:\/\/www.billigtrikotde.com\/es\/wp-json\/wp\/v2\/product\/3690","targetHints":{"allow":["GET"]}}],"collection":[{"href":"https:\/\/www.billigtrikotde.com\/es\/wp-json\/wp\/v2\/product"}],"about":[{"href":"https:\/\/www.billigtrikotde.com\/es\/wp-json\/wp\/v2\/types\/product"}],"replies":[{"embeddable":true,"href":"https:\/\/www.billigtrikotde.com\/es\/wp-json\/wp\/v2\/comments?post=3690"}],"wp:featuredmedia":[{"embeddable":true,"href":"https:\/\/www.billigtrikotde.com\/es\/wp-json\/wp\/v2\/media\/3731"}],"wp:attachment":[{"href":"https:\/\/www.billigtrikotde.com\/es\/wp-json\/wp\/v2\/media?parent=3690"}],"wp:term":[{"taxonomy":"product_brand","embeddable":true,"href":"https:\/\/www.billigtrikotde.com\/es\/wp-json\/wp\/v2\/product_brand?post=3690"},{"taxonomy":"product_cat","embeddable":true,"href":"https:\/\/www.billigtrikotde.com\/es\/wp-json\/wp\/v2\/product_cat?post=3690"},{"taxonomy":"product_tag","embeddable":true,"href":"https:\/\/www.billigtrikotde.com\/es\/wp-json\/wp\/v2\/product_tag?post=3690"}],"curies":[{"name":"wp","href":"https:\/\/api.w.org\/{rel}","templated":true}]}}