{"id":369,"date":"2024-10-23T12:16:00","date_gmt":"2024-10-23T10:16:00","guid":{"rendered":"http:\/\/billigtrikots.com\/?post_type=product&#038;p=369"},"modified":"2024-10-23T12:48:23","modified_gmt":"2024-10-23T10:48:23","slug":"fc-barcelona-21-22-herren-heimtrikot-blau-rot-mit-ronaldinho-10-individualdruck-gelb","status":"publish","type":"product","link":"https:\/\/www.billigtrikotde.com\/es\/fc-barcelona-21-22-herren-heimtrikot-blau-rot-mit-ronaldinho-10-individualdruck-gelb\/","title":{"rendered":"FC Barcelona 21\/22 Home Jersey Hombre azul\/rojo con Ronaldinho 10 impresi\u00f3n individual amarillo"},"content":{"rendered":"<p>Aqu\u00ed llega la camiseta de local de hombre del Nike FC Barcelona 2021\/22 y con ella un dise\u00f1o cl\u00e1sico en un nuevo aspecto. \u00a1Aprovecha y consigue la camiseta que te acerca a tus \u00eddolos!<\/p>\n<p>Con la nueva camiseta en el aspecto original de tus h\u00e9roes Messi, Su\u00e1rez, Demb\u00e9l\u00e9 y compa\u00f1\u00eda, rindes homenaje completo a tu equipo favorito. La camiseta se presenta en los colores tradicionales de local con detalles oficiales del club. As\u00ed, muestras de inmediato a qu\u00e9 equipo apoyas. Por supuesto, no puede faltar el legendario swoosh de Nike, que en un color de contraste adecuado aporta un toque adicional de atractivo.<\/p>\n<p>Pero no solo el dise\u00f1o destaca en todos los aspectos. La forma regular es un poco m\u00e1s ancha que la camiseta de jugador. As\u00ed, la camiseta Stadium Jersey te ofrece la mejor comodidad de uso, as\u00ed como libertad de movimiento absoluta para rendir siempre al m\u00e1ximo. La calidad Dri-Fit que aleja el sudor tambi\u00e9n te proporciona una comodidad de uso de primera clase y te mantiene seco incluso en situaciones turbulentas, ya sea en la celebraci\u00f3n del aficionado o en tu propio entrenamiento.<\/p>\n<p>\u00a1No esperes m\u00e1s y haz tu pedido ahora! La camiseta de local de hombre del Nike FC Barcelona 2021\/22 no puede faltar para un verdadero fan\u00e1tico. \u00a1Con ella, siempre muestras tu reconocimiento y orgullo por tu equipo!<\/p>\n<p>Consejos para la impresi\u00f3n: Si el nombre y el n\u00famero que aparecen en la imagen son exactamente los que desea, no es necesario que los vuelva a introducir. En caso contrario, deber\u00e1 introducir el nombre y el n\u00famero que desee.<\/p>\n<p>Consejos de lavado: Se recomienda lavar las camisetas de f\u00fatbol a mano. Si desea utilizar la lavadora, recuerde poner las camisetas de f\u00fatbol del rev\u00e9s y luego lavarlas. Llena la lavadora con agua fr\u00eda y utiliza un ciclo delicado para proteger mejor los colores.<\/p>","protected":false},"excerpt":{"rendered":"<p>Hier kommt das Nike FC Barcelona Herren Heim Trikot 2021\/22 und mit ihm ein klassisches Design im neuen Look. Greif gleich zu und hol dir das Trikot, das dich deinen Idolen ganz nah sein l\u00e4sst! Mit dem neuen Trikot im Original Look deiner Helden Messi, Su\u00e1rez, Demb\u00e9l\u00e9 und Co, zollst du deiner Lieblingself vollen Tribut. [&hellip;]<\/p>","protected":false},"featured_media":407,"comment_status":"open","ping_status":"closed","template":"","meta":[],"product_brand":[],"product_cat":[31],"product_tag":[32,20,33,21,22,23,24],"class_list":{"0":"post-369","1":"product","2":"type-product","3":"status-publish","4":"has-post-thumbnail","6":"product_cat-fc-barcelona","7":"product_tag-barcelona-heimtrikot","8":"product_tag-coole-fussballtrikots","9":"product_tag-fc-barcelona-trikots","10":"product_tag-fussballtrikot-fuer-herren","11":"product_tag-fussballtrikot-guenstig-kaufen","12":"product_tag-fussballtrikot-kurzarm","13":"product_tag-guenstiges-fussballtrikot","15":"first","16":"instock","17":"featured","18":"shipping-taxable","19":"purchasable","20":"product-type-variable"},"_links":{"self":[{"href":"https:\/\/www.billigtrikotde.com\/es\/wp-json\/wp\/v2\/product\/369","targetHints":{"allow":["GET"]}}],"collection":[{"href":"https:\/\/www.billigtrikotde.com\/es\/wp-json\/wp\/v2\/product"}],"about":[{"href":"https:\/\/www.billigtrikotde.com\/es\/wp-json\/wp\/v2\/types\/product"}],"replies":[{"embeddable":true,"href":"https:\/\/www.billigtrikotde.com\/es\/wp-json\/wp\/v2\/comments?post=369"}],"wp:featuredmedia":[{"embeddable":true,"href":"https:\/\/www.billigtrikotde.com\/es\/wp-json\/wp\/v2\/media\/407"}],"wp:attachment":[{"href":"https:\/\/www.billigtrikotde.com\/es\/wp-json\/wp\/v2\/media?parent=369"}],"wp:term":[{"taxonomy":"product_brand","embeddable":true,"href":"https:\/\/www.billigtrikotde.com\/es\/wp-json\/wp\/v2\/product_brand?post=369"},{"taxonomy":"product_cat","embeddable":true,"href":"https:\/\/www.billigtrikotde.com\/es\/wp-json\/wp\/v2\/product_cat?post=369"},{"taxonomy":"product_tag","embeddable":true,"href":"https:\/\/www.billigtrikotde.com\/es\/wp-json\/wp\/v2\/product_tag?post=369"}],"curies":[{"name":"wp","href":"https:\/\/api.w.org\/{rel}","templated":true}]}}