{"id":3661,"date":"2024-10-23T15:13:10","date_gmt":"2024-10-23T13:13:10","guid":{"rendered":"http:\/\/billigtrikots.com\/?post_type=product&#038;p=3661"},"modified":"2024-10-23T15:15:19","modified_gmt":"2024-10-23T13:15:19","slug":"fc-liverpool-fussball-torwarttrikot-2021-2022-in-schwarz-kurzarm-kurze-hosen","status":"publish","type":"product","link":"https:\/\/www.billigtrikotde.com\/es\/fc-liverpool-fussball-torwarttrikot-2021-2022-in-schwarz-kurzarm-kurze-hosen\/","title":{"rendered":"Camiseta de portero de f\u00fatbol del Liverpool FC 2021\/2022 en negro de manga corta + pantal\u00f3n corto"},"content":{"rendered":"<p>Hier kommt das Nike Sportshirt in Schwarz, das dir hilft, deinen Lieblingsverein in jeder Lage zu unterst\u00fctzen und zu zeigen, wof\u00fcr dein Herz schl\u00e4gt. Als echter FC Liverpool-Fan brauchst du dieses Sportshirt. Wir empfehlen dieses bequeme, atmungsaktive, schwei\u00dfableitende und leichte Modell mit dem angenehmen Tragegef\u00fchl. Es besticht optisch mit einem Vereinswappen auf der Brust. Dieses Torh\u00fcter-Trikot ist der ideale Begleiter f\u00fcr deine sportlichen Aktivit\u00e4ten. In diesem schwarzen Modell mit Karo-Muster wirst du zu einem echten Eye-Catcher.<\/p>\n<p>Consejos para la impresi\u00f3n: Si el nombre y el n\u00famero que aparecen en la imagen son exactamente los que desea, no es necesario que los vuelva a introducir. En caso contrario, deber\u00e1 introducir el nombre y el n\u00famero que desee.<\/p>\n<p>Consejos de lavado: Se recomienda lavar las camisetas de f\u00fatbol a mano. Si desea utilizar la lavadora, recuerde poner las camisetas de f\u00fatbol del rev\u00e9s y luego lavarlas. Llena la lavadora con agua fr\u00eda y utiliza un ciclo delicado para proteger mejor los colores.<\/p>","protected":false},"excerpt":{"rendered":"<p>Aqu\u00ed llega la camiseta deportiva Nike en negro, que te ayuda a apoyar a tu club favorito en cualquier situaci\u00f3n y a mostrar a qu\u00e9 late tu coraz\u00f3n. Como verdadero aficionado del FC Liverpool necesitas esta camiseta deportiva. Recomendamos este modelo c\u00f3modo, transpirable, de secado r\u00e1pido y ligero con una agradable sensaci\u00f3n al llevarla. Destaca visualmente con un emblema del club en el pecho. Este [\u2026]<\/p>","protected":false},"featured_media":3698,"comment_status":"open","ping_status":"closed","template":"","meta":[],"product_brand":[],"product_cat":[176],"product_tag":[20,35,21,23,24,155],"class_list":{"0":"post-3661","1":"product","2":"type-product","3":"status-publish","4":"has-post-thumbnail","6":"product_cat-liverpool-fc","7":"product_tag-coole-fussballtrikots","8":"product_tag-fussball-torwarttrikots","9":"product_tag-fussballtrikot-fuer-herren","10":"product_tag-fussballtrikot-kurzarm","11":"product_tag-guenstiges-fussballtrikot","12":"product_tag-liverpool-torwarttrikot","14":"first","15":"instock","16":"shipping-taxable","17":"purchasable","18":"product-type-variable"},"_links":{"self":[{"href":"https:\/\/www.billigtrikotde.com\/es\/wp-json\/wp\/v2\/product\/3661","targetHints":{"allow":["GET"]}}],"collection":[{"href":"https:\/\/www.billigtrikotde.com\/es\/wp-json\/wp\/v2\/product"}],"about":[{"href":"https:\/\/www.billigtrikotde.com\/es\/wp-json\/wp\/v2\/types\/product"}],"replies":[{"embeddable":true,"href":"https:\/\/www.billigtrikotde.com\/es\/wp-json\/wp\/v2\/comments?post=3661"}],"wp:featuredmedia":[{"embeddable":true,"href":"https:\/\/www.billigtrikotde.com\/es\/wp-json\/wp\/v2\/media\/3698"}],"wp:attachment":[{"href":"https:\/\/www.billigtrikotde.com\/es\/wp-json\/wp\/v2\/media?parent=3661"}],"wp:term":[{"taxonomy":"product_brand","embeddable":true,"href":"https:\/\/www.billigtrikotde.com\/es\/wp-json\/wp\/v2\/product_brand?post=3661"},{"taxonomy":"product_cat","embeddable":true,"href":"https:\/\/www.billigtrikotde.com\/es\/wp-json\/wp\/v2\/product_cat?post=3661"},{"taxonomy":"product_tag","embeddable":true,"href":"https:\/\/www.billigtrikotde.com\/es\/wp-json\/wp\/v2\/product_tag?post=3661"}],"curies":[{"name":"wp","href":"https:\/\/api.w.org\/{rel}","templated":true}]}}